{"id":114,"date":"2024-04-16T17:54:51","date_gmt":"2024-04-16T15:54:51","guid":{"rendered":"https:\/\/epicerie-lusitania.com\/?page_id=114"},"modified":"2024-05-16T12:23:19","modified_gmt":"2024-05-16T10:23:19","slug":"mentions-legales","status":"publish","type":"page","link":"https:\/\/epicerie-lusitania.com\/pt\/mentions-legales\/","title":{"rendered":"Mentions L\u00e9gales"},"content":{"rendered":"<div data-elementor-type=\"wp-page\" data-elementor-id=\"114\" class=\"elementor elementor-114\">\n\t\t\t\t<div class=\"elementor-element elementor-element-8823449 e-flex e-con-boxed e-con e-parent\" data-id=\"8823449\" data-element_type=\"container\">\n\t\t\t\t\t<div class=\"e-con-inner\">\n\t\t\t\t<div class=\"elementor-element elementor-element-5eb9743 elementor-widget elementor-widget-text-editor\" data-id=\"5eb9743\" data-element_type=\"widget\" data-widget_type=\"text-editor.default\">\n\t\t\t\t<div class=\"elementor-widget-container\">\n\t\t\t\t\t\t\t\t\t<p><\/p><h4>\u00c9diteur<\/h4>\n<p>Le site epicerie-lustinia.com est \u00e9dit\u00e9 par la SARL Af Lusitania (AF LUSITANIA) au capital de 1000 \u20ac, dont le si\u00e8ge social est situ\u00e9 :<br>10 RUE DES MEUNIERS 17300 ROCHEFORT<br>T\u00e9l. 05 79 97 98 58<br>contact@epicerie-lusitania.com<br>Immatricul\u00e9e au RCS de La Rochelle sous le n\u00b0 B 987 585 627 . Repr\u00e9sentant l\u00e9gal : Francisco GONCALVES DE BRITO<br>Cr\u00e9ation, conception-d\u00e9veloppement et H\u00e9bergement<br>Epicerie Lusitania<br>48, Rue Grimaux \u2013 17300 Rochefort<br>Cr\u00e9dits photographiques<br>Mister Yo &#8211; https:\/\/mryoh.com\/<\/p>\n<p><h4>Conditions d\u2019utilisation<\/h4>Ce site (epicerie-lustinia.com) est propos\u00e9 en diff\u00e9rents langages web (HTML, HTML5, Javascript, CSS, etc\u2026) pour un meilleur confort d\u2019utilisation et un graphisme plus agr\u00e9able, nous vous recommandons de recourir \u00e0 des navigateurs modernes comme Internet explorer, Safari, Firefox, Google Chrome, etc\u2026<br>L\u2019Epicerie Lusitania met en \u0153uvre tous les moyens dont elle dispose, pour assurer une information fiable et une mise \u00e0 jour fiable de ses sites internet. Toutefois, des erreurs ou omissions peuvent survenir. L\u2019internaute devra donc s\u2019assurer de l\u2019exactitude des informations aupr\u00e8s de , et signaler toutes modifications du site qu\u2019il jugerait utile. n\u2019est en aucun cas responsable de l\u2019utilisation faite de ces informations, et de tout pr\u00e9judice direct ou indirect pouvant en d\u00e9couler.<br>Liens hypertextes : Les sites internet se peuvent offrir des liens vers d\u2019autres sites internet ou d\u2019autres ressources disponibles sur Internet. L\u2019Epicerie Lusitania ne dispose d\u2019aucun moyen pour contr\u00f4ler les sites en connexion avec ses sites internet. L\u2019Epicerie Lusitania ne r\u00e9pond pas de la disponibilit\u00e9 de tels sites et sources externes, ni ne la garantit. Elle ne peut \u00eatre tenue pour responsable de tout dommage, de quelque nature que ce soit, r\u00e9sultant du contenu de ces sites ou sources externes, et notamment des informations, produits ou services qu\u2019ils proposent, ou de tout usage qui peut \u00eatre fait de ces \u00e9l\u00e9ments. Les risques li\u00e9s \u00e0 cette utilisation incombent pleinement \u00e0 l\u2019internaute, qui doit se conformer \u00e0 leurs conditions d\u2019utilisation.<br>Les utilisateurs, les abonn\u00e9s et les visiteurs des sites internet de ne peuvent mettre en place un hyperlien en direction de ce site sans l\u2019autorisation expresse et pr\u00e9alable de L\u2019Epicerie Lusitania .<br>Dans l\u2019hypoth\u00e8se o\u00f9 un utilisateur ou visiteur souhaiterait mettre en place un hyperlien en direction d\u2019un des sites internet de L\u2019Epicerie Lusitania , il lui appartiendra d\u2019adresser un email accessible sur le site afin de formuler sa demande de mise en place d\u2019un hyperlien. L\u2019Epicerie Lusitania se r\u00e9serve le droit d\u2019accepter ou de refuser un hyperlien sans avoir \u00e0 en justifier sa d\u00e9cision.<br><h4>Services fournis<\/h4>L\u2019ensemble des activit\u00e9s de la soci\u00e9t\u00e9 ainsi que ses informations sont pr\u00e9sent\u00e9s sur notre site epicerie-lustinia.com .<br>L\u2019Epicerie Lusitania s\u2019efforce de fournir sur le site epicerie-lustinia.com des informations aussi pr\u00e9cises que possible. les renseignements figurant sur le site epicerie-lustinia.com ne sont pas exhaustifs et les photos non contractuelles. Ils sont donn\u00e9s sous r\u00e9serve de modifications ayant \u00e9t\u00e9 apport\u00e9es depuis leur mise en ligne. Par ailleurs, tous les informations indiqu\u00e9es sur le site epicerie-lustinia.com sont donn\u00e9es \u00e0 titre indicatif, et sont susceptibles de changer ou d\u2019\u00e9voluer sans pr\u00e9avis.<\/p>\n<p><\/p>\t\t\t\t\t\t\t\t<\/div>\n\t\t\t\t<\/div>\n\t\t\t\t\t<\/div>\n\t\t\t\t<\/div>\n\t\t\t\t<\/div>","protected":false},"excerpt":{"rendered":"<p>\u00c9diteur Le site epicerie-lustinia.com est \u00e9dit\u00e9 par la SARL Af Lusitania (AF LUSITANIA) au capital de 1000 \u20ac, dont le si\u00e8ge social est situ\u00e9 : 10 RUE DES MEUNIERS 17300 &hellip; <\/p>","protected":false},"author":1,"featured_media":0,"parent":0,"menu_order":0,"comment_status":"closed","ping_status":"closed","template":"","meta":{"footnotes":""},"class_list":["post-114","page","type-page","status-publish","hentry"],"yoast_head":"<!-- This site is optimized with the Yoast SEO plugin v26.2 - https:\/\/yoast.com\/wordpress\/plugins\/seo\/ -->\n<title>Mentions L\u00e9gales - Epicerie Lusitania<\/title>\n<meta name=\"description\" content=\"Le Portugal pr\u00e8s de chez vous - Votre Epicerie Portugaise \u00e0 Rochefort Sur Mer (17300) - Sp\u00e9cialit\u00e9s Portuguaises, Br\u00e9siliennes et produits locaux.\" \/>\n<meta name=\"robots\" content=\"index, follow, max-snippet:-1, max-image-preview:large, max-video-preview:-1\" \/>\n<link rel=\"canonical\" href=\"https:\/\/epicerie-lusitania.com\/pt\/mentions-legales\/\" \/>\n<meta property=\"og:locale\" content=\"pt_PT\" \/>\n<meta property=\"og:type\" content=\"article\" \/>\n<meta property=\"og:title\" content=\"Mentions L\u00e9gales - Epicerie Lusitania\" \/>\n<meta property=\"og:description\" content=\"Le Portugal pr\u00e8s de chez vous - Votre Epicerie Portugaise \u00e0 Rochefort Sur Mer (17300) - Sp\u00e9cialit\u00e9s Portuguaises, Br\u00e9siliennes et produits locaux.\" \/>\n<meta property=\"og:url\" content=\"https:\/\/epicerie-lusitania.com\/pt\/mentions-legales\/\" \/>\n<meta property=\"og:site_name\" content=\"Epicerie Lusitania\" \/>\n<meta property=\"article:modified_time\" content=\"2024-05-16T10:23:19+00:00\" \/>\n<meta name=\"twitter:card\" content=\"summary_large_image\" \/>\n<meta name=\"twitter:label1\" content=\"Tempo estimado de leitura\" \/>\n\t<meta name=\"twitter:data1\" content=\"3 minutos\" \/>\n<script type=\"application\/ld+json\" class=\"yoast-schema-graph\">{\"@context\":\"https:\/\/schema.org\",\"@graph\":[{\"@type\":\"WebPage\",\"@id\":\"https:\/\/epicerie-lusitania.com\/mentions-legales\/\",\"url\":\"https:\/\/epicerie-lusitania.com\/mentions-legales\/\",\"name\":\"Mentions L\u00e9gales - Epicerie Lusitania\",\"isPartOf\":{\"@id\":\"https:\/\/epicerie-lusitania.com\/#website\"},\"datePublished\":\"2024-04-16T15:54:51+00:00\",\"dateModified\":\"2024-05-16T10:23:19+00:00\",\"description\":\"Le Portugal pr\u00e8s de chez vous - Votre Epicerie Portugaise \u00e0 Rochefort Sur Mer (17300) - Sp\u00e9cialit\u00e9s Portuguaises, Br\u00e9siliennes et produits locaux.\",\"breadcrumb\":{\"@id\":\"https:\/\/epicerie-lusitania.com\/mentions-legales\/#breadcrumb\"},\"inLanguage\":\"pt-PT\",\"potentialAction\":[{\"@type\":\"ReadAction\",\"target\":[\"https:\/\/epicerie-lusitania.com\/mentions-legales\/\"]}]},{\"@type\":\"BreadcrumbList\",\"@id\":\"https:\/\/epicerie-lusitania.com\/mentions-legales\/#breadcrumb\",\"itemListElement\":[{\"@type\":\"ListItem\",\"position\":1,\"name\":\"Accueil\",\"item\":\"https:\/\/epicerie-lusitania.com\/\"},{\"@type\":\"ListItem\",\"position\":2,\"name\":\"Mentions L\u00e9gales\"}]},{\"@type\":\"WebSite\",\"@id\":\"https:\/\/epicerie-lusitania.com\/#website\",\"url\":\"https:\/\/epicerie-lusitania.com\/\",\"name\":\"Epicerie Lusitania\",\"description\":\"Le Portugal pr\u00e8s de chez vous\",\"publisher\":{\"@id\":\"https:\/\/epicerie-lusitania.com\/#organization\"},\"alternateName\":\"Votre Epicerie Portugaise \u00e0 Rochefort Sur Mer\",\"potentialAction\":[{\"@type\":\"SearchAction\",\"target\":{\"@type\":\"EntryPoint\",\"urlTemplate\":\"https:\/\/epicerie-lusitania.com\/?s={search_term_string}\"},\"query-input\":{\"@type\":\"PropertyValueSpecification\",\"valueRequired\":true,\"valueName\":\"search_term_string\"}}],\"inLanguage\":\"pt-PT\"},{\"@type\":\"Organization\",\"@id\":\"https:\/\/epicerie-lusitania.com\/#organization\",\"name\":\"Epicerie Lusitania\",\"url\":\"https:\/\/epicerie-lusitania.com\/\",\"logo\":{\"@type\":\"ImageObject\",\"inLanguage\":\"pt-PT\",\"@id\":\"https:\/\/epicerie-lusitania.com\/#\/schema\/logo\/image\/\",\"url\":\"https:\/\/epicerie-lusitania.com\/wp-content\/uploads\/2024\/04\/small.jpg\",\"contentUrl\":\"https:\/\/epicerie-lusitania.com\/wp-content\/uploads\/2024\/04\/small.jpg\",\"width\":150,\"height\":150,\"caption\":\"Epicerie Lusitania\"},\"image\":{\"@id\":\"https:\/\/epicerie-lusitania.com\/#\/schema\/logo\/image\/\"}}]}<\/script>\n<!-- \/ Yoast SEO plugin. -->","yoast_head_json":{"title":"Mentions L\u00e9gales - Epicerie Lusitania","description":"Le Portugal pr\u00e8s de chez vous - Votre Epicerie Portugaise \u00e0 Rochefort Sur Mer (17300) - Sp\u00e9cialit\u00e9s Portuguaises, Br\u00e9siliennes et produits locaux.","robots":{"index":"index","follow":"follow","max-snippet":"max-snippet:-1","max-image-preview":"max-image-preview:large","max-video-preview":"max-video-preview:-1"},"canonical":"https:\/\/epicerie-lusitania.com\/pt\/mentions-legales\/","og_locale":"pt_PT","og_type":"article","og_title":"Mentions L\u00e9gales - Epicerie Lusitania","og_description":"Le Portugal pr\u00e8s de chez vous - Votre Epicerie Portugaise \u00e0 Rochefort Sur Mer (17300) - Sp\u00e9cialit\u00e9s Portuguaises, Br\u00e9siliennes et produits locaux.","og_url":"https:\/\/epicerie-lusitania.com\/pt\/mentions-legales\/","og_site_name":"Epicerie Lusitania","article_modified_time":"2024-05-16T10:23:19+00:00","twitter_card":"summary_large_image","twitter_misc":{"Tempo estimado de leitura":"3 minutos"},"schema":{"@context":"https:\/\/schema.org","@graph":[{"@type":"WebPage","@id":"https:\/\/epicerie-lusitania.com\/mentions-legales\/","url":"https:\/\/epicerie-lusitania.com\/mentions-legales\/","name":"Mentions L\u00e9gales - Epicerie Lusitania","isPartOf":{"@id":"https:\/\/epicerie-lusitania.com\/#website"},"datePublished":"2024-04-16T15:54:51+00:00","dateModified":"2024-05-16T10:23:19+00:00","description":"Le Portugal pr\u00e8s de chez vous - Votre Epicerie Portugaise \u00e0 Rochefort Sur Mer (17300) - Sp\u00e9cialit\u00e9s Portuguaises, Br\u00e9siliennes et produits locaux.","breadcrumb":{"@id":"https:\/\/epicerie-lusitania.com\/mentions-legales\/#breadcrumb"},"inLanguage":"pt-PT","potentialAction":[{"@type":"ReadAction","target":["https:\/\/epicerie-lusitania.com\/mentions-legales\/"]}]},{"@type":"BreadcrumbList","@id":"https:\/\/epicerie-lusitania.com\/mentions-legales\/#breadcrumb","itemListElement":[{"@type":"ListItem","position":1,"name":"Accueil","item":"https:\/\/epicerie-lusitania.com\/"},{"@type":"ListItem","position":2,"name":"Mentions L\u00e9gales"}]},{"@type":"WebSite","@id":"https:\/\/epicerie-lusitania.com\/#website","url":"https:\/\/epicerie-lusitania.com\/","name":"Epicerie Lusitania","description":"Le Portugal pr\u00e8s de chez vous","publisher":{"@id":"https:\/\/epicerie-lusitania.com\/#organization"},"alternateName":"Votre Epicerie Portugaise \u00e0 Rochefort Sur Mer","potentialAction":[{"@type":"SearchAction","target":{"@type":"EntryPoint","urlTemplate":"https:\/\/epicerie-lusitania.com\/?s={search_term_string}"},"query-input":{"@type":"PropertyValueSpecification","valueRequired":true,"valueName":"search_term_string"}}],"inLanguage":"pt-PT"},{"@type":"Organization","@id":"https:\/\/epicerie-lusitania.com\/#organization","name":"Epicerie Lusitania","url":"https:\/\/epicerie-lusitania.com\/","logo":{"@type":"ImageObject","inLanguage":"pt-PT","@id":"https:\/\/epicerie-lusitania.com\/#\/schema\/logo\/image\/","url":"https:\/\/epicerie-lusitania.com\/wp-content\/uploads\/2024\/04\/small.jpg","contentUrl":"https:\/\/epicerie-lusitania.com\/wp-content\/uploads\/2024\/04\/small.jpg","width":150,"height":150,"caption":"Epicerie Lusitania"},"image":{"@id":"https:\/\/epicerie-lusitania.com\/#\/schema\/logo\/image\/"}}]}},"_links":{"self":[{"href":"https:\/\/epicerie-lusitania.com\/pt\/wp-json\/wp\/v2\/pages\/114","targetHints":{"allow":["GET"]}}],"collection":[{"href":"https:\/\/epicerie-lusitania.com\/pt\/wp-json\/wp\/v2\/pages"}],"about":[{"href":"https:\/\/epicerie-lusitania.com\/pt\/wp-json\/wp\/v2\/types\/page"}],"author":[{"embeddable":true,"href":"https:\/\/epicerie-lusitania.com\/pt\/wp-json\/wp\/v2\/users\/1"}],"replies":[{"embeddable":true,"href":"https:\/\/epicerie-lusitania.com\/pt\/wp-json\/wp\/v2\/comments?post=114"}],"version-history":[{"count":8,"href":"https:\/\/epicerie-lusitania.com\/pt\/wp-json\/wp\/v2\/pages\/114\/revisions"}],"predecessor-version":[{"id":250,"href":"https:\/\/epicerie-lusitania.com\/pt\/wp-json\/wp\/v2\/pages\/114\/revisions\/250"}],"wp:attachment":[{"href":"https:\/\/epicerie-lusitania.com\/pt\/wp-json\/wp\/v2\/media?parent=114"}],"curies":[{"name":"wp","href":"https:\/\/api.w.org\/{rel}","templated":true}]}}