{"id":62,"date":"2024-04-16T16:57:03","date_gmt":"2024-04-16T14:57:03","guid":{"rendered":"https:\/\/epicerie-lusitania.com\/?page_id=62"},"modified":"2024-05-16T12:30:32","modified_gmt":"2024-05-16T10:30:32","slug":"contact","status":"publish","type":"page","link":"https:\/\/epicerie-lusitania.com\/pt\/contact\/","title":{"rendered":"Contact"},"content":{"rendered":"<div data-elementor-type=\"wp-page\" data-elementor-id=\"62\" class=\"elementor elementor-62\">\n\t\t\t\t<div class=\"elementor-element elementor-element-b94ad70 e-flex e-con-boxed e-con e-parent\" data-id=\"b94ad70\" data-element_type=\"container\">\n\t\t\t\t\t<div class=\"e-con-inner\">\n\t\t\t\t<div class=\"elementor-element elementor-element-24841da elementor-widget elementor-widget-shortcode\" data-id=\"24841da\" data-element_type=\"widget\" data-widget_type=\"shortcode.default\">\n\t\t\t\t<div class=\"elementor-widget-container\">\n\t\t\t\t\t\t\t<div class=\"elementor-shortcode\"><style id=\"wpforms-css-vars-64\">\n\t\t\t\t#wpforms-64 {\n\t\t\t\t\n\t\t\t}\n\t\t\t<\/style><div class=\"wpforms-container wpforms-container-full wpforms-render-modern\" id=\"wpforms-64\"><form id=\"wpforms-form-64\" class=\"wpforms-validate wpforms-form wpforms-ajax-form\" data-formid=\"64\" method=\"post\" enctype=\"multipart\/form-data\" action=\"\/pt\/wp-json\/wp\/v2\/pages\/62\" data-token=\"be27a99b7d895959bee475b402a63c80\" data-token-time=\"1776760243\" data-trp-original-action=\"\/pt\/wp-json\/wp\/v2\/pages\/62\"><noscript class=\"wpforms-error-noscript\">Please enable JavaScript in your browser to complete this form.<\/noscript><div id=\"wpforms-error-noscript\" style=\"display: none;\">Please enable JavaScript in your browser to complete this form.<\/div><div class=\"wpforms-field-container\"><div id=\"wpforms-64-field_0-container\" class=\"wpforms-field wpforms-field-name\" data-field-id=\"0\"><fieldset><legend class=\"wpforms-field-label\">Nom <span class=\"wpforms-required-label\" aria-hidden=\"true\">*<\/span><\/legend><div class=\"wpforms-field-row wpforms-field-medium\"><div class=\"wpforms-field-row-block wpforms-first wpforms-one-half\"><input type=\"text\" id=\"wpforms-64-field_0\" class=\"wpforms-field-name-first wpforms-field-required\" name=\"wpforms[fields][0][first]\" aria-errormessage=\"wpforms-64-field_0-error\" required><label for=\"wpforms-64-field_0\" class=\"wpforms-field-sublabel after\">First<\/label><\/div><div class=\"wpforms-field-row-block wpforms-one-half\"><input type=\"text\" id=\"wpforms-64-field_0-last\" class=\"wpforms-field-name-last wpforms-field-required\" name=\"wpforms[fields][0][last]\" aria-errormessage=\"wpforms-64-field_0-last-error\" required><label for=\"wpforms-64-field_0-last\" class=\"wpforms-field-sublabel after\">Last<\/label><\/div><\/div><\/fieldset><\/div><div id=\"wpforms-64-field_1-container\" class=\"wpforms-field wpforms-field-email\" data-field-id=\"1\"><label class=\"wpforms-field-label\" for=\"wpforms-64-field_1\">E-mail <span class=\"wpforms-required-label\" aria-hidden=\"true\">*<\/span><\/label><input type=\"email\" id=\"wpforms-64-field_1\" class=\"wpforms-field-medium wpforms-field-required\" name=\"wpforms[fields][1]\" spellcheck=\"false\" aria-errormessage=\"wpforms-64-field_1-error\" required><\/div><div id=\"wpforms-64-field_2-container\" class=\"wpforms-field wpforms-field-textarea\" data-field-id=\"2\"><label class=\"wpforms-field-label\" for=\"wpforms-64-field_2\">Commentaire ou message<\/label><textarea id=\"wpforms-64-field_2\" class=\"wpforms-field-medium\" name=\"wpforms[fields][2]\" aria-errormessage=\"wpforms-64-field_2-error\" ><\/textarea><\/div><\/div><!-- .wpforms-field-container --><div class=\"wpforms-submit-container\" ><input type=\"hidden\" name=\"wpforms[id]\" value=\"64\"><input type=\"hidden\" name=\"page_title\" value=\"\"><input type=\"hidden\" name=\"page_url\" value=\"https:\/\/epicerie-lusitania.com\/pt\/wp-json\/wp\/v2\/pages\/62\"><input type=\"hidden\" name=\"url_referer\" value=\"\"><button type=\"submit\" name=\"wpforms[submit]\" id=\"wpforms-submit-64\" class=\"wpforms-submit\" data-alt-text=\"Envoi...\" data-submit-text=\"Envoyer\" aria-live=\"assertive\" value=\"wpforms-submit\">Envoyer<\/button><img decoding=\"async\" src=\"https:\/\/epicerie-lusitania.com\/wp-content\/plugins\/wpforms-lite\/assets\/images\/submit-spin.svg\" class=\"wpforms-submit-spinner\" style=\"display: none;\" width=\"26\" height=\"26\" alt=\"Loading\"><\/div><input type=\"hidden\" name=\"trp-form-language\" value=\"pt\"\/><\/form><\/div>  <!-- .wpforms-container --><\/div>\n\t\t\t\t\t\t<\/div>\n\t\t\t\t<\/div>\n\t\t\t\t\t<\/div>\n\t\t\t\t<\/div>\n\t\t<div class=\"elementor-element elementor-element-7e2afbf e-grid e-con-boxed e-con e-parent\" data-id=\"7e2afbf\" data-element_type=\"container\">\n\t\t\t\t\t<div class=\"e-con-inner\">\n\t\t\t\t<div class=\"elementor-element elementor-element-096eca7 elementor-widget elementor-widget-text-editor\" data-id=\"096eca7\" data-element_type=\"widget\" data-widget_type=\"text-editor.default\">\n\t\t\t\t<div class=\"elementor-widget-container\">\n\t\t\t\t\t\t\t\t\t<h4><span style=\"text-decoration: underline;\"><strong>EPICERIE LUSITANIA<\/strong><\/span><\/h4><p>48, Rue Edouard Grimaux &#8211; 17300 Rochefort Sur Mer<\/p><p>T\u00e9l : <a href=\"tel:0579979858\">05 79 97 98 58<\/a><\/p><p>Du Lundi au Samedi : 9h00 &#8211; 19h00<\/p><p>Dimanche : 9h00 &#8211; 13h00<\/p>\t\t\t\t\t\t\t\t<\/div>\n\t\t\t\t<\/div>\n\t\t\t\t<div class=\"elementor-element elementor-element-fbd7651 elementor-widget elementor-widget-google_maps\" data-id=\"fbd7651\" data-element_type=\"widget\" data-widget_type=\"google_maps.default\">\n\t\t\t\t<div class=\"elementor-widget-container\">\n\t\t\t\t\t\t\t<div class=\"elementor-custom-embed\">\n\t\t\t<iframe loading=\"lazy\"\n\t\t\t\t\tsrc=\"https:\/\/maps.google.com\/maps?q=48%2C%20rue%20edouard%20grimaux%2C%2017300&#038;t=m&#038;z=15&#038;output=embed&#038;iwloc=near\"\n\t\t\t\t\ttitle=\"48, rue edouard grimaux, 17300\"\n\t\t\t\t\taria-label=\"48, rue edouard grimaux, 17300\"\n\t\t\t><\/iframe>\n\t\t<\/div>\n\t\t\t\t\t\t<\/div>\n\t\t\t\t<\/div>\n\t\t\t\t\t<\/div>\n\t\t\t\t<\/div>\n\t\t\t\t<\/div>","protected":false},"excerpt":{"rendered":"<p>EPICERIE LUSITANIA 48, Rue Edouard Grimaux &#8211; 17300 Rochefort Sur Mer T\u00e9l : 05 79 97 98 58 Du Lundi au Samedi : 9h00 &#8211; 19h00 Dimanche : 9h00 &#8211; &hellip; <\/p>","protected":false},"author":1,"featured_media":0,"parent":0,"menu_order":0,"comment_status":"closed","ping_status":"closed","template":"","meta":{"footnotes":""},"class_list":["post-62","page","type-page","status-publish","hentry"],"yoast_head":"<!-- This site is optimized with the Yoast SEO plugin v26.2 - https:\/\/yoast.com\/wordpress\/plugins\/seo\/ -->\n<title>Contact - Epicerie Lusitania<\/title>\n<meta name=\"description\" content=\"Le Portugal pr\u00e8s de chez vous - Votre Epicerie Portugaise \u00e0 Rochefort Sur Mer (17300) - Sp\u00e9cialit\u00e9s Portuguaises, Br\u00e9siliennes et produits locaux.\" \/>\n<meta name=\"robots\" content=\"index, follow, max-snippet:-1, max-image-preview:large, max-video-preview:-1\" \/>\n<link rel=\"canonical\" href=\"https:\/\/epicerie-lusitania.com\/pt\/contact\/\" \/>\n<meta property=\"og:locale\" content=\"pt_PT\" \/>\n<meta property=\"og:type\" content=\"article\" \/>\n<meta property=\"og:title\" content=\"Contact - Epicerie Lusitania\" \/>\n<meta property=\"og:description\" content=\"Le Portugal pr\u00e8s de chez vous - Votre Epicerie Portugaise \u00e0 Rochefort Sur Mer (17300) - Sp\u00e9cialit\u00e9s Portuguaises, Br\u00e9siliennes et produits locaux.\" \/>\n<meta property=\"og:url\" content=\"https:\/\/epicerie-lusitania.com\/pt\/contact\/\" \/>\n<meta property=\"og:site_name\" content=\"Epicerie Lusitania\" \/>\n<meta property=\"article:modified_time\" content=\"2024-05-16T10:30:32+00:00\" \/>\n<meta name=\"twitter:card\" content=\"summary_large_image\" \/>\n<meta name=\"twitter:label1\" content=\"Tempo estimado de leitura\" \/>\n\t<meta name=\"twitter:data1\" content=\"1 minuto\" \/>\n<script type=\"application\/ld+json\" class=\"yoast-schema-graph\">{\"@context\":\"https:\/\/schema.org\",\"@graph\":[{\"@type\":\"WebPage\",\"@id\":\"https:\/\/epicerie-lusitania.com\/contact\/\",\"url\":\"https:\/\/epicerie-lusitania.com\/contact\/\",\"name\":\"Contact - Epicerie Lusitania\",\"isPartOf\":{\"@id\":\"https:\/\/epicerie-lusitania.com\/#website\"},\"datePublished\":\"2024-04-16T14:57:03+00:00\",\"dateModified\":\"2024-05-16T10:30:32+00:00\",\"description\":\"Le Portugal pr\u00e8s de chez vous - Votre Epicerie Portugaise \u00e0 Rochefort Sur Mer (17300) - Sp\u00e9cialit\u00e9s Portuguaises, Br\u00e9siliennes et produits locaux.\",\"breadcrumb\":{\"@id\":\"https:\/\/epicerie-lusitania.com\/contact\/#breadcrumb\"},\"inLanguage\":\"pt-PT\",\"potentialAction\":[{\"@type\":\"ReadAction\",\"target\":[\"https:\/\/epicerie-lusitania.com\/contact\/\"]}]},{\"@type\":\"BreadcrumbList\",\"@id\":\"https:\/\/epicerie-lusitania.com\/contact\/#breadcrumb\",\"itemListElement\":[{\"@type\":\"ListItem\",\"position\":1,\"name\":\"Accueil\",\"item\":\"https:\/\/epicerie-lusitania.com\/\"},{\"@type\":\"ListItem\",\"position\":2,\"name\":\"Contact\"}]},{\"@type\":\"WebSite\",\"@id\":\"https:\/\/epicerie-lusitania.com\/#website\",\"url\":\"https:\/\/epicerie-lusitania.com\/\",\"name\":\"Epicerie Lusitania\",\"description\":\"Le Portugal pr\u00e8s de chez vous\",\"publisher\":{\"@id\":\"https:\/\/epicerie-lusitania.com\/#organization\"},\"alternateName\":\"Votre Epicerie Portugaise \u00e0 Rochefort Sur Mer\",\"potentialAction\":[{\"@type\":\"SearchAction\",\"target\":{\"@type\":\"EntryPoint\",\"urlTemplate\":\"https:\/\/epicerie-lusitania.com\/?s={search_term_string}\"},\"query-input\":{\"@type\":\"PropertyValueSpecification\",\"valueRequired\":true,\"valueName\":\"search_term_string\"}}],\"inLanguage\":\"pt-PT\"},{\"@type\":\"Organization\",\"@id\":\"https:\/\/epicerie-lusitania.com\/#organization\",\"name\":\"Epicerie Lusitania\",\"url\":\"https:\/\/epicerie-lusitania.com\/\",\"logo\":{\"@type\":\"ImageObject\",\"inLanguage\":\"pt-PT\",\"@id\":\"https:\/\/epicerie-lusitania.com\/#\/schema\/logo\/image\/\",\"url\":\"https:\/\/epicerie-lusitania.com\/wp-content\/uploads\/2024\/04\/small.jpg\",\"contentUrl\":\"https:\/\/epicerie-lusitania.com\/wp-content\/uploads\/2024\/04\/small.jpg\",\"width\":150,\"height\":150,\"caption\":\"Epicerie Lusitania\"},\"image\":{\"@id\":\"https:\/\/epicerie-lusitania.com\/#\/schema\/logo\/image\/\"}}]}<\/script>\n<!-- \/ Yoast SEO plugin. -->","yoast_head_json":{"title":"Contact - Epicerie Lusitania","description":"Le Portugal pr\u00e8s de chez vous - Votre Epicerie Portugaise \u00e0 Rochefort Sur Mer (17300) - Sp\u00e9cialit\u00e9s Portuguaises, Br\u00e9siliennes et produits locaux.","robots":{"index":"index","follow":"follow","max-snippet":"max-snippet:-1","max-image-preview":"max-image-preview:large","max-video-preview":"max-video-preview:-1"},"canonical":"https:\/\/epicerie-lusitania.com\/pt\/contact\/","og_locale":"pt_PT","og_type":"article","og_title":"Contact - Epicerie Lusitania","og_description":"Le Portugal pr\u00e8s de chez vous - Votre Epicerie Portugaise \u00e0 Rochefort Sur Mer (17300) - Sp\u00e9cialit\u00e9s Portuguaises, Br\u00e9siliennes et produits locaux.","og_url":"https:\/\/epicerie-lusitania.com\/pt\/contact\/","og_site_name":"Epicerie Lusitania","article_modified_time":"2024-05-16T10:30:32+00:00","twitter_card":"summary_large_image","twitter_misc":{"Tempo estimado de leitura":"1 minuto"},"schema":{"@context":"https:\/\/schema.org","@graph":[{"@type":"WebPage","@id":"https:\/\/epicerie-lusitania.com\/contact\/","url":"https:\/\/epicerie-lusitania.com\/contact\/","name":"Contact - Epicerie Lusitania","isPartOf":{"@id":"https:\/\/epicerie-lusitania.com\/#website"},"datePublished":"2024-04-16T14:57:03+00:00","dateModified":"2024-05-16T10:30:32+00:00","description":"Le Portugal pr\u00e8s de chez vous - Votre Epicerie Portugaise \u00e0 Rochefort Sur Mer (17300) - Sp\u00e9cialit\u00e9s Portuguaises, Br\u00e9siliennes et produits locaux.","breadcrumb":{"@id":"https:\/\/epicerie-lusitania.com\/contact\/#breadcrumb"},"inLanguage":"pt-PT","potentialAction":[{"@type":"ReadAction","target":["https:\/\/epicerie-lusitania.com\/contact\/"]}]},{"@type":"BreadcrumbList","@id":"https:\/\/epicerie-lusitania.com\/contact\/#breadcrumb","itemListElement":[{"@type":"ListItem","position":1,"name":"Accueil","item":"https:\/\/epicerie-lusitania.com\/"},{"@type":"ListItem","position":2,"name":"Contact"}]},{"@type":"WebSite","@id":"https:\/\/epicerie-lusitania.com\/#website","url":"https:\/\/epicerie-lusitania.com\/","name":"Epicerie Lusitania","description":"Le Portugal pr\u00e8s de chez vous","publisher":{"@id":"https:\/\/epicerie-lusitania.com\/#organization"},"alternateName":"Votre Epicerie Portugaise \u00e0 Rochefort Sur Mer","potentialAction":[{"@type":"SearchAction","target":{"@type":"EntryPoint","urlTemplate":"https:\/\/epicerie-lusitania.com\/?s={search_term_string}"},"query-input":{"@type":"PropertyValueSpecification","valueRequired":true,"valueName":"search_term_string"}}],"inLanguage":"pt-PT"},{"@type":"Organization","@id":"https:\/\/epicerie-lusitania.com\/#organization","name":"Epicerie Lusitania","url":"https:\/\/epicerie-lusitania.com\/","logo":{"@type":"ImageObject","inLanguage":"pt-PT","@id":"https:\/\/epicerie-lusitania.com\/#\/schema\/logo\/image\/","url":"https:\/\/epicerie-lusitania.com\/wp-content\/uploads\/2024\/04\/small.jpg","contentUrl":"https:\/\/epicerie-lusitania.com\/wp-content\/uploads\/2024\/04\/small.jpg","width":150,"height":150,"caption":"Epicerie Lusitania"},"image":{"@id":"https:\/\/epicerie-lusitania.com\/#\/schema\/logo\/image\/"}}]}},"_links":{"self":[{"href":"https:\/\/epicerie-lusitania.com\/pt\/wp-json\/wp\/v2\/pages\/62","targetHints":{"allow":["GET"]}}],"collection":[{"href":"https:\/\/epicerie-lusitania.com\/pt\/wp-json\/wp\/v2\/pages"}],"about":[{"href":"https:\/\/epicerie-lusitania.com\/pt\/wp-json\/wp\/v2\/types\/page"}],"author":[{"embeddable":true,"href":"https:\/\/epicerie-lusitania.com\/pt\/wp-json\/wp\/v2\/users\/1"}],"replies":[{"embeddable":true,"href":"https:\/\/epicerie-lusitania.com\/pt\/wp-json\/wp\/v2\/comments?post=62"}],"version-history":[{"count":23,"href":"https:\/\/epicerie-lusitania.com\/pt\/wp-json\/wp\/v2\/pages\/62\/revisions"}],"predecessor-version":[{"id":258,"href":"https:\/\/epicerie-lusitania.com\/pt\/wp-json\/wp\/v2\/pages\/62\/revisions\/258"}],"wp:attachment":[{"href":"https:\/\/epicerie-lusitania.com\/pt\/wp-json\/wp\/v2\/media?parent=62"}],"curies":[{"name":"wp","href":"https:\/\/api.w.org\/{rel}","templated":true}]}}