{"id":260,"date":"2024-05-25T18:07:20","date_gmt":"2024-05-25T16:07:20","guid":{"rendered":"https:\/\/epicerie-lusitania.com\/?post_type=product&#038;p=260"},"modified":"2024-05-25T18:07:20","modified_gmt":"2024-05-25T16:07:20","slug":"vin-gazela","status":"publish","type":"product","link":"https:\/\/epicerie-lusitania.com\/pt\/produto\/vin-gazela\/","title":{"rendered":"VIN GAZELA"},"content":{"rendered":"<div id=\"ProductSheetAccordion-content-0\" class=\"c-accordion-v2__panel u-p-lg js-accordion__panel\" aria-labelledby=\"ProductSheetAccordion-header-0\">\n<div id=\"MarketingLongDescription\">Gazela &#8211; Vinho Verde DOC &#8211; Portugal &#8211; Vin blanc<\/div>\n<\/div>\n<div class=\"product-description__feature-wrapper\">\n<div class=\"product-description__feature-group-wrapper\"><span class=\"product-description__feature-label\">Appellation : <\/span>Vinho Verde<\/div>\n<div class=\"product-description__feature-group-wrapper\"><span class=\"product-description__feature-label\">Couleur du vin : <\/span>Blanc<\/div>\n<div class=\"product-description__feature-group-wrapper\"><span class=\"product-description__feature-label\">Accords : <\/span>Ap\u00e9ritif<\/div>\n<div class=\"product-description__feature-group-wrapper\"><span class=\"product-description__feature-label\">Nez : <\/span>Un l\u00e9ger gaz r\u00e9hausse les ar\u00f4mes, les saveurs et la fra\u00eecheur du vin.<\/div>\n<div class=\"product-description__feature-group-wrapper\">\n<div class=\"product-description__feature-values\"><span class=\"product-description__feature-value\">\u00c0 d\u00e9guster aux alentours de 10 degr\u00e9s. Accompagnera vos salades, plats de crustac\u00e9s et poissons et ap\u00e9ritifs. \u00c0 consommer jeune.<\/span><\/div>\n<\/div>\n<div class=\"product-description__feature-group-wrapper\"><span class=\"product-description__feature-label\">Bouche : <\/span>Aromatique avec des ar\u00f4mes de fruit citronn\u00e9 et tropical avec une note d&rsquo;acidit\u00e9 avec une l\u00e9g\u00e8re touche sucr\u00e9e.<\/div>\n<div class=\"product-description__feature-group-wrapper\"><span class=\"product-description__feature-label\">Robe : <\/span>Jaune citron p\u00e2le<\/div>\n<\/div>\n<div class=\"product-description__feature-wrapper\">\n<div class=\"product-description__feature--single\">\n<div><\/div>\n<div class=\"product-description__feature-values\"><strong><span class=\"product-description__feature-value\">Contient des SULFITES<\/span><\/strong><\/div>\n<\/div>\n<\/div>\n<div class=\"product-description__feature-wrapper\">\n<div class=\"product-description__feature--single\">\n<div class=\"product-description__feature-values\"><strong><span class=\"product-description__feature-value\">Le produit est d\u00e9conseill\u00e9 aux femmes enceintes<\/span><\/strong><\/div>\n<\/div>\n<\/div>\n<div class=\"product-description__feature-wrapper\">\n<div class=\"product-description__feature--single\">\n<h5 class=\"product-description__feature-title\">Pourcentage d&rsquo;alcool par volume :\u00a0<span class=\"product-description__feature-value\">9,00<\/span><\/h5>\n<\/div>\n<\/div>","protected":false},"excerpt":{"rendered":"<div id=\"ProductSheetAccordion-content-0\" class=\"c-accordion-v2__panel u-p-lg js-accordion__panel\" aria-labelledby=\"ProductSheetAccordion-header-0\">\n<div id=\"MarketingLongDescription\">Gazela &#8211; Vinho Verde DOC &#8211; Portugal &#8211; Vin blanc<\/div>\n<\/div>\n<div class=\"product-description__feature-wrapper\">\n<div class=\"product-description__feature-group-wrapper\"><\/div>\n<\/div>","protected":false},"featured_media":261,"comment_status":"open","ping_status":"closed","template":"","meta":[],"pwb-brand":[33],"product_brand":[],"product_cat":[26],"product_tag":[35,34],"class_list":{"0":"post-260","1":"product","2":"type-product","3":"status-publish","4":"has-post-thumbnail","6":"pwb-brand-gazela","7":"product_cat-boissons-alcoolisees","8":"product_tag-gazela","9":"product_tag-vin","11":"first","12":"instock","13":"shipping-taxable","14":"purchasable","15":"product-type-simple"},"yoast_head":"<!-- This site is optimized with the Yoast SEO plugin v26.2 - https:\/\/yoast.com\/wordpress\/plugins\/seo\/ -->\n<title>VIN GAZELA - Epicerie Lusitania<\/title>\n<meta name=\"description\" content=\"Gazela - Vinho Verde DOC - Portugal - Vin blancAppellation : Vinho Verde\" \/>\n<meta name=\"robots\" content=\"index, follow, max-snippet:-1, max-image-preview:large, max-video-preview:-1\" \/>\n<link rel=\"canonical\" href=\"https:\/\/epicerie-lusitania.com\/pt\/produto\/vin-gazela\/\" \/>\n<meta property=\"og:locale\" content=\"pt_PT\" \/>\n<meta property=\"og:type\" content=\"article\" \/>\n<meta property=\"og:title\" content=\"VIN GAZELA - Epicerie Lusitania\" \/>\n<meta property=\"og:description\" content=\"Gazela - Vinho Verde DOC - Portugal - Vin blancAppellation : Vinho Verde\" \/>\n<meta property=\"og:url\" content=\"https:\/\/epicerie-lusitania.com\/pt\/produto\/vin-gazela\/\" \/>\n<meta property=\"og:site_name\" content=\"Epicerie Lusitania\" \/>\n<meta property=\"og:image\" content=\"https:\/\/epicerie-lusitania.com\/wp-content\/uploads\/2024\/05\/VIN-GAZELA.jpg\" \/>\n\t<meta property=\"og:image:width\" content=\"600\" \/>\n\t<meta property=\"og:image:height\" content=\"574\" \/>\n\t<meta property=\"og:image:type\" content=\"image\/jpeg\" \/>\n<meta name=\"twitter:card\" content=\"summary_large_image\" \/>\n<meta name=\"twitter:label1\" content=\"Tempo estimado de leitura\" \/>\n\t<meta name=\"twitter:data1\" content=\"1 minuto\" \/>\n<script type=\"application\/ld+json\" class=\"yoast-schema-graph\">{\"@context\":\"https:\/\/schema.org\",\"@graph\":[{\"@type\":\"WebPage\",\"@id\":\"https:\/\/epicerie-lusitania.com\/produit\/vin-gazela\/\",\"url\":\"https:\/\/epicerie-lusitania.com\/produit\/vin-gazela\/\",\"name\":\"VIN GAZELA - Epicerie Lusitania\",\"isPartOf\":{\"@id\":\"https:\/\/epicerie-lusitania.com\/#website\"},\"primaryImageOfPage\":{\"@id\":\"https:\/\/epicerie-lusitania.com\/produit\/vin-gazela\/#primaryimage\"},\"image\":{\"@id\":\"https:\/\/epicerie-lusitania.com\/produit\/vin-gazela\/#primaryimage\"},\"thumbnailUrl\":\"https:\/\/epicerie-lusitania.com\/wp-content\/uploads\/2024\/05\/VIN-GAZELA.jpg\",\"datePublished\":\"2024-05-25T16:07:20+00:00\",\"description\":\"Gazela - Vinho Verde DOC - Portugal - Vin blancAppellation : Vinho Verde\",\"breadcrumb\":{\"@id\":\"https:\/\/epicerie-lusitania.com\/produit\/vin-gazela\/#breadcrumb\"},\"inLanguage\":\"pt-PT\",\"potentialAction\":[{\"@type\":\"ReadAction\",\"target\":[\"https:\/\/epicerie-lusitania.com\/produit\/vin-gazela\/\"]}]},{\"@type\":\"ImageObject\",\"inLanguage\":\"pt-PT\",\"@id\":\"https:\/\/epicerie-lusitania.com\/produit\/vin-gazela\/#primaryimage\",\"url\":\"https:\/\/epicerie-lusitania.com\/wp-content\/uploads\/2024\/05\/VIN-GAZELA.jpg\",\"contentUrl\":\"https:\/\/epicerie-lusitania.com\/wp-content\/uploads\/2024\/05\/VIN-GAZELA.jpg\",\"width\":600,\"height\":574},{\"@type\":\"BreadcrumbList\",\"@id\":\"https:\/\/epicerie-lusitania.com\/produit\/vin-gazela\/#breadcrumb\",\"itemListElement\":[{\"@type\":\"ListItem\",\"position\":1,\"name\":\"Accueil\",\"item\":\"https:\/\/epicerie-lusitania.com\/\"},{\"@type\":\"ListItem\",\"position\":2,\"name\":\"Boutique\",\"item\":\"https:\/\/epicerie-lusitania.com\/boutique\/\"},{\"@type\":\"ListItem\",\"position\":3,\"name\":\"VIN GAZELA\"}]},{\"@type\":\"WebSite\",\"@id\":\"https:\/\/epicerie-lusitania.com\/#website\",\"url\":\"https:\/\/epicerie-lusitania.com\/\",\"name\":\"Epicerie Lusitania\",\"description\":\"Le Portugal pr\u00e8s de chez vous\",\"publisher\":{\"@id\":\"https:\/\/epicerie-lusitania.com\/#organization\"},\"alternateName\":\"Votre Epicerie Portugaise \u00e0 Rochefort Sur Mer\",\"potentialAction\":[{\"@type\":\"SearchAction\",\"target\":{\"@type\":\"EntryPoint\",\"urlTemplate\":\"https:\/\/epicerie-lusitania.com\/?s={search_term_string}\"},\"query-input\":{\"@type\":\"PropertyValueSpecification\",\"valueRequired\":true,\"valueName\":\"search_term_string\"}}],\"inLanguage\":\"pt-PT\"},{\"@type\":\"Organization\",\"@id\":\"https:\/\/epicerie-lusitania.com\/#organization\",\"name\":\"Epicerie Lusitania\",\"url\":\"https:\/\/epicerie-lusitania.com\/\",\"logo\":{\"@type\":\"ImageObject\",\"inLanguage\":\"pt-PT\",\"@id\":\"https:\/\/epicerie-lusitania.com\/#\/schema\/logo\/image\/\",\"url\":\"https:\/\/epicerie-lusitania.com\/wp-content\/uploads\/2024\/04\/small.jpg\",\"contentUrl\":\"https:\/\/epicerie-lusitania.com\/wp-content\/uploads\/2024\/04\/small.jpg\",\"width\":150,\"height\":150,\"caption\":\"Epicerie Lusitania\"},\"image\":{\"@id\":\"https:\/\/epicerie-lusitania.com\/#\/schema\/logo\/image\/\"}}]}<\/script>\n<!-- \/ Yoast SEO plugin. -->","yoast_head_json":{"title":"VIN GAZELA - Epicerie Lusitania","description":"Gazela - Vinho Verde DOC - Portugal - Vin blancAppellation : Vinho Verde","robots":{"index":"index","follow":"follow","max-snippet":"max-snippet:-1","max-image-preview":"max-image-preview:large","max-video-preview":"max-video-preview:-1"},"canonical":"https:\/\/epicerie-lusitania.com\/pt\/produto\/vin-gazela\/","og_locale":"pt_PT","og_type":"article","og_title":"VIN GAZELA - Epicerie Lusitania","og_description":"Gazela - Vinho Verde DOC - Portugal - Vin blancAppellation : Vinho Verde","og_url":"https:\/\/epicerie-lusitania.com\/pt\/produto\/vin-gazela\/","og_site_name":"Epicerie Lusitania","og_image":[{"width":600,"height":574,"url":"https:\/\/epicerie-lusitania.com\/wp-content\/uploads\/2024\/05\/VIN-GAZELA.jpg","type":"image\/jpeg"}],"twitter_card":"summary_large_image","twitter_misc":{"Tempo estimado de leitura":"1 minuto"},"schema":{"@context":"https:\/\/schema.org","@graph":[{"@type":"WebPage","@id":"https:\/\/epicerie-lusitania.com\/produit\/vin-gazela\/","url":"https:\/\/epicerie-lusitania.com\/produit\/vin-gazela\/","name":"VIN GAZELA - Epicerie Lusitania","isPartOf":{"@id":"https:\/\/epicerie-lusitania.com\/#website"},"primaryImageOfPage":{"@id":"https:\/\/epicerie-lusitania.com\/produit\/vin-gazela\/#primaryimage"},"image":{"@id":"https:\/\/epicerie-lusitania.com\/produit\/vin-gazela\/#primaryimage"},"thumbnailUrl":"https:\/\/epicerie-lusitania.com\/wp-content\/uploads\/2024\/05\/VIN-GAZELA.jpg","datePublished":"2024-05-25T16:07:20+00:00","description":"Gazela - Vinho Verde DOC - Portugal - Vin blancAppellation : Vinho Verde","breadcrumb":{"@id":"https:\/\/epicerie-lusitania.com\/produit\/vin-gazela\/#breadcrumb"},"inLanguage":"pt-PT","potentialAction":[{"@type":"ReadAction","target":["https:\/\/epicerie-lusitania.com\/produit\/vin-gazela\/"]}]},{"@type":"ImageObject","inLanguage":"pt-PT","@id":"https:\/\/epicerie-lusitania.com\/produit\/vin-gazela\/#primaryimage","url":"https:\/\/epicerie-lusitania.com\/wp-content\/uploads\/2024\/05\/VIN-GAZELA.jpg","contentUrl":"https:\/\/epicerie-lusitania.com\/wp-content\/uploads\/2024\/05\/VIN-GAZELA.jpg","width":600,"height":574},{"@type":"BreadcrumbList","@id":"https:\/\/epicerie-lusitania.com\/produit\/vin-gazela\/#breadcrumb","itemListElement":[{"@type":"ListItem","position":1,"name":"Accueil","item":"https:\/\/epicerie-lusitania.com\/"},{"@type":"ListItem","position":2,"name":"Boutique","item":"https:\/\/epicerie-lusitania.com\/boutique\/"},{"@type":"ListItem","position":3,"name":"VIN GAZELA"}]},{"@type":"WebSite","@id":"https:\/\/epicerie-lusitania.com\/#website","url":"https:\/\/epicerie-lusitania.com\/","name":"Epicerie Lusitania","description":"Le Portugal pr\u00e8s de chez vous","publisher":{"@id":"https:\/\/epicerie-lusitania.com\/#organization"},"alternateName":"Votre Epicerie Portugaise \u00e0 Rochefort Sur Mer","potentialAction":[{"@type":"SearchAction","target":{"@type":"EntryPoint","urlTemplate":"https:\/\/epicerie-lusitania.com\/?s={search_term_string}"},"query-input":{"@type":"PropertyValueSpecification","valueRequired":true,"valueName":"search_term_string"}}],"inLanguage":"pt-PT"},{"@type":"Organization","@id":"https:\/\/epicerie-lusitania.com\/#organization","name":"Epicerie Lusitania","url":"https:\/\/epicerie-lusitania.com\/","logo":{"@type":"ImageObject","inLanguage":"pt-PT","@id":"https:\/\/epicerie-lusitania.com\/#\/schema\/logo\/image\/","url":"https:\/\/epicerie-lusitania.com\/wp-content\/uploads\/2024\/04\/small.jpg","contentUrl":"https:\/\/epicerie-lusitania.com\/wp-content\/uploads\/2024\/04\/small.jpg","width":150,"height":150,"caption":"Epicerie Lusitania"},"image":{"@id":"https:\/\/epicerie-lusitania.com\/#\/schema\/logo\/image\/"}}]}},"brands":[{"id":33,"name":"Gazela","slug":"gazela"}],"_links":{"self":[{"href":"https:\/\/epicerie-lusitania.com\/pt\/wp-json\/wp\/v2\/product\/260","targetHints":{"allow":["GET"]}}],"collection":[{"href":"https:\/\/epicerie-lusitania.com\/pt\/wp-json\/wp\/v2\/product"}],"about":[{"href":"https:\/\/epicerie-lusitania.com\/pt\/wp-json\/wp\/v2\/types\/product"}],"replies":[{"embeddable":true,"href":"https:\/\/epicerie-lusitania.com\/pt\/wp-json\/wp\/v2\/comments?post=260"}],"wp:featuredmedia":[{"embeddable":true,"href":"https:\/\/epicerie-lusitania.com\/pt\/wp-json\/wp\/v2\/media\/261"}],"wp:attachment":[{"href":"https:\/\/epicerie-lusitania.com\/pt\/wp-json\/wp\/v2\/media?parent=260"}],"wp:term":[{"taxonomy":"pwb-brand","embeddable":true,"href":"https:\/\/epicerie-lusitania.com\/pt\/wp-json\/wp\/v2\/pwb-brand?post=260"},{"taxonomy":"product_brand","embeddable":true,"href":"https:\/\/epicerie-lusitania.com\/pt\/wp-json\/wp\/v2\/product_brand?post=260"},{"taxonomy":"product_cat","embeddable":true,"href":"https:\/\/epicerie-lusitania.com\/pt\/wp-json\/wp\/v2\/product_cat?post=260"},{"taxonomy":"product_tag","embeddable":true,"href":"https:\/\/epicerie-lusitania.com\/pt\/wp-json\/wp\/v2\/product_tag?post=260"}],"curies":[{"name":"wp","href":"https:\/\/api.w.org\/{rel}","templated":true}]}}