{"id":267,"date":"2024-05-25T18:24:30","date_gmt":"2024-05-25T16:24:30","guid":{"rendered":"https:\/\/epicerie-lusitania.com\/?post_type=product&#038;p=267"},"modified":"2026-02-18T15:43:14","modified_gmt":"2026-02-18T14:43:14","slug":"amendoa-amarga-xarao","status":"publish","type":"product","link":"https:\/\/epicerie-lusitania.com\/pt\/produto\/amendoa-amarga-xarao\/","title":{"rendered":"AMENDOA AMARGA XARAO"},"content":{"rendered":"<div id=\"ProductSheetAccordion-content-0\" class=\"c-accordion-v2__panel u-p-lg js-accordion__panel\" aria-labelledby=\"ProductSheetAccordion-header-0\">\n<div id=\"MarketingLongDescription\"><strong>AMENDOA AMARGA XARAO<\/strong><\/div>\n<\/div>\n<div><\/div>\n<div>70 cl<\/div>\n<div class=\"product-description__feature-wrapper\">\n<div class=\"product-description__feature-group-wrapper\">\n<p class=\"product_title entry-title\"><strong>Liqueur d&rsquo;Amande Am\u00e8re<\/strong><\/p>\n<p>La Liqueur d&rsquo;Amande Am\u00e8re Xar\u00e3o a une couleur jaune soleil, avec un ar\u00f4me pr\u00e9dominant d&rsquo;amande et peut \u00eatre consomm\u00e9e en ap\u00e9ritif, en digestif ou en cocktail, \u00e0 condition qu&rsquo;elle soit fra\u00eeche, avec de la glace et accompagn\u00e9e de jus de citron ou coup\u00e9e en cube.<\/p>\n<\/div>\n<\/div>\n<div class=\"product-description__feature-wrapper\">\n<div class=\"product-description__feature--single\">\n<div><\/div>\n<div class=\"product-description__feature-values\"><strong><span class=\"product-description__feature-value\">Contient des SULFITES<\/span><\/strong><\/div>\n<\/div>\n<\/div>\n<div class=\"product-description__feature-wrapper\">\n<div class=\"product-description__feature--single\">\n<div class=\"product-description__feature-values\"><strong><span class=\"product-description__feature-value\">Le produit est d\u00e9conseill\u00e9 aux femmes enceintes<\/span><\/strong><\/div>\n<\/div>\n<\/div>\n<div class=\"product-description__feature-wrapper\">\n<div class=\"product-description__feature--single\">\n<h5 class=\"product-description__feature-title\">Pourcentage d&rsquo;alcool par volume : 20<span class=\"product-description__feature-value\">,00<\/span><\/h5>\n<\/div>\n<\/div>","protected":false},"excerpt":{"rendered":"<div id=\"ProductSheetAccordion-content-0\" class=\"c-accordion-v2__panel u-p-lg js-accordion__panel\" aria-labelledby=\"ProductSheetAccordion-header-0\">\n<div id=\"MarketingLongDescription\">\n<div id=\"ProductSheetAccordion-content-0\" class=\"c-accordion-v2__panel u-p-lg js-accordion__panel\" aria-labelledby=\"ProductSheetAccordion-header-0\">\n<div id=\"MarketingLongDescription\">\n<div id=\"ProductSheetAccordion-content-0\" class=\"c-accordion-v2__panel u-p-lg js-accordion__panel\" aria-labelledby=\"ProductSheetAccordion-header-0\">\n<div id=\"MarketingLongDescription\"><strong>AMENDOA AMARGA XARAO<\/strong><\/div>\n<\/div>\n<div><\/div>\n<div>70 cl<\/div>\n<div class=\"product-description__feature-wrapper\">\n<div class=\"product-description__feature-group-wrapper\">\n<p class=\"product_title entry-title\"><strong>Liqueur d&rsquo;Amande Am\u00e8re<\/strong><\/p>\n<p>&nbsp;<\/p>\n<\/div>\n<\/div>\n<\/div>\n<\/div>\n<\/div>\n<\/div>\n<div class=\"product-description__feature-wrapper\">\n<div class=\"product-description__feature-group-wrapper\"><\/div>\n<\/div>","protected":false},"featured_media":268,"comment_status":"open","ping_status":"closed","template":"","meta":[],"pwb-brand":[38],"product_brand":[],"product_cat":[26],"product_tag":[39],"class_list":{"0":"post-267","1":"product","2":"type-product","3":"status-publish","4":"has-post-thumbnail","6":"pwb-brand-xarao","7":"product_cat-boissons-alcoolisees","8":"product_tag-amande-amere-xarao","10":"first","11":"instock","12":"shipping-taxable","13":"purchasable","14":"product-type-simple"},"yoast_head":"<!-- This site is optimized with the Yoast SEO plugin v26.2 - https:\/\/yoast.com\/wordpress\/plugins\/seo\/ -->\n<title>AMENDOA AMARGA XARAO - Epicerie Lusitania<\/title>\n<meta name=\"description\" content=\"AMENDOA AMARGINHA VITORIA - 70 cl - L&#039;originale liqueur d&#039;amande am\u00e8re\" \/>\n<meta name=\"robots\" content=\"index, follow, max-snippet:-1, max-image-preview:large, max-video-preview:-1\" \/>\n<link rel=\"canonical\" href=\"https:\/\/epicerie-lusitania.com\/pt\/produto\/amendoa-amarga-xarao\/\" \/>\n<meta property=\"og:locale\" content=\"pt_PT\" \/>\n<meta property=\"og:type\" content=\"article\" \/>\n<meta property=\"og:title\" content=\"AMENDOA AMARGA XARAO - Epicerie Lusitania\" \/>\n<meta property=\"og:description\" content=\"AMENDOA AMARGINHA VITORIA - 70 cl - L&#039;originale liqueur d&#039;amande am\u00e8re\" \/>\n<meta property=\"og:url\" content=\"https:\/\/epicerie-lusitania.com\/pt\/produto\/amendoa-amarga-xarao\/\" \/>\n<meta property=\"og:site_name\" content=\"Epicerie Lusitania\" \/>\n<meta property=\"article:modified_time\" content=\"2026-02-18T14:43:14+00:00\" \/>\n<meta property=\"og:image\" content=\"https:\/\/epicerie-lusitania.com\/wp-content\/uploads\/2024\/05\/Xarao-I-Liqueur-damande-amere.webp\" \/>\n\t<meta property=\"og:image:width\" content=\"720\" \/>\n\t<meta property=\"og:image:height\" content=\"720\" \/>\n\t<meta property=\"og:image:type\" content=\"image\/webp\" \/>\n<meta name=\"twitter:card\" content=\"summary_large_image\" \/>\n<meta name=\"twitter:label1\" content=\"Tempo estimado de leitura\" \/>\n\t<meta name=\"twitter:data1\" content=\"1 minuto\" \/>\n<script type=\"application\/ld+json\" class=\"yoast-schema-graph\">{\"@context\":\"https:\/\/schema.org\",\"@graph\":[{\"@type\":\"WebPage\",\"@id\":\"https:\/\/epicerie-lusitania.com\/produit\/amendoa-amarga-xarao\/\",\"url\":\"https:\/\/epicerie-lusitania.com\/produit\/amendoa-amarga-xarao\/\",\"name\":\"AMENDOA AMARGA XARAO - Epicerie Lusitania\",\"isPartOf\":{\"@id\":\"https:\/\/epicerie-lusitania.com\/#website\"},\"primaryImageOfPage\":{\"@id\":\"https:\/\/epicerie-lusitania.com\/produit\/amendoa-amarga-xarao\/#primaryimage\"},\"image\":{\"@id\":\"https:\/\/epicerie-lusitania.com\/produit\/amendoa-amarga-xarao\/#primaryimage\"},\"thumbnailUrl\":\"https:\/\/epicerie-lusitania.com\/wp-content\/uploads\/2024\/05\/Xarao-I-Liqueur-damande-amere.webp\",\"datePublished\":\"2024-05-25T16:24:30+00:00\",\"dateModified\":\"2026-02-18T14:43:14+00:00\",\"description\":\"AMENDOA AMARGINHA VITORIA - 70 cl - L'originale liqueur d'amande am\u00e8re\",\"breadcrumb\":{\"@id\":\"https:\/\/epicerie-lusitania.com\/produit\/amendoa-amarga-xarao\/#breadcrumb\"},\"inLanguage\":\"pt-PT\",\"potentialAction\":[{\"@type\":\"ReadAction\",\"target\":[\"https:\/\/epicerie-lusitania.com\/produit\/amendoa-amarga-xarao\/\"]}]},{\"@type\":\"ImageObject\",\"inLanguage\":\"pt-PT\",\"@id\":\"https:\/\/epicerie-lusitania.com\/produit\/amendoa-amarga-xarao\/#primaryimage\",\"url\":\"https:\/\/epicerie-lusitania.com\/wp-content\/uploads\/2024\/05\/Xarao-I-Liqueur-damande-amere.webp\",\"contentUrl\":\"https:\/\/epicerie-lusitania.com\/wp-content\/uploads\/2024\/05\/Xarao-I-Liqueur-damande-amere.webp\",\"width\":720,\"height\":720},{\"@type\":\"BreadcrumbList\",\"@id\":\"https:\/\/epicerie-lusitania.com\/produit\/amendoa-amarga-xarao\/#breadcrumb\",\"itemListElement\":[{\"@type\":\"ListItem\",\"position\":1,\"name\":\"Accueil\",\"item\":\"https:\/\/epicerie-lusitania.com\/\"},{\"@type\":\"ListItem\",\"position\":2,\"name\":\"Boutique\",\"item\":\"https:\/\/epicerie-lusitania.com\/boutique\/\"},{\"@type\":\"ListItem\",\"position\":3,\"name\":\"AMENDOA AMARGA XARAO\"}]},{\"@type\":\"WebSite\",\"@id\":\"https:\/\/epicerie-lusitania.com\/#website\",\"url\":\"https:\/\/epicerie-lusitania.com\/\",\"name\":\"Epicerie Lusitania\",\"description\":\"Le Portugal pr\u00e8s de chez vous\",\"publisher\":{\"@id\":\"https:\/\/epicerie-lusitania.com\/#organization\"},\"alternateName\":\"Votre Epicerie Portugaise \u00e0 Rochefort Sur Mer\",\"potentialAction\":[{\"@type\":\"SearchAction\",\"target\":{\"@type\":\"EntryPoint\",\"urlTemplate\":\"https:\/\/epicerie-lusitania.com\/?s={search_term_string}\"},\"query-input\":{\"@type\":\"PropertyValueSpecification\",\"valueRequired\":true,\"valueName\":\"search_term_string\"}}],\"inLanguage\":\"pt-PT\"},{\"@type\":\"Organization\",\"@id\":\"https:\/\/epicerie-lusitania.com\/#organization\",\"name\":\"Epicerie Lusitania\",\"url\":\"https:\/\/epicerie-lusitania.com\/\",\"logo\":{\"@type\":\"ImageObject\",\"inLanguage\":\"pt-PT\",\"@id\":\"https:\/\/epicerie-lusitania.com\/#\/schema\/logo\/image\/\",\"url\":\"https:\/\/epicerie-lusitania.com\/wp-content\/uploads\/2024\/04\/small.jpg\",\"contentUrl\":\"https:\/\/epicerie-lusitania.com\/wp-content\/uploads\/2024\/04\/small.jpg\",\"width\":150,\"height\":150,\"caption\":\"Epicerie Lusitania\"},\"image\":{\"@id\":\"https:\/\/epicerie-lusitania.com\/#\/schema\/logo\/image\/\"}}]}<\/script>\n<!-- \/ Yoast SEO plugin. -->","yoast_head_json":{"title":"AMENDOA AMARGA XARAO - Epicerie Lusitania","description":"AMENDOA AMARGINHA VITORIA - 70 cl - L'originale liqueur d'amande am\u00e8re","robots":{"index":"index","follow":"follow","max-snippet":"max-snippet:-1","max-image-preview":"max-image-preview:large","max-video-preview":"max-video-preview:-1"},"canonical":"https:\/\/epicerie-lusitania.com\/pt\/produto\/amendoa-amarga-xarao\/","og_locale":"pt_PT","og_type":"article","og_title":"AMENDOA AMARGA XARAO - Epicerie Lusitania","og_description":"AMENDOA AMARGINHA VITORIA - 70 cl - L'originale liqueur d'amande am\u00e8re","og_url":"https:\/\/epicerie-lusitania.com\/pt\/produto\/amendoa-amarga-xarao\/","og_site_name":"Epicerie Lusitania","article_modified_time":"2026-02-18T14:43:14+00:00","og_image":[{"width":720,"height":720,"url":"https:\/\/epicerie-lusitania.com\/wp-content\/uploads\/2024\/05\/Xarao-I-Liqueur-damande-amere.webp","type":"image\/webp"}],"twitter_card":"summary_large_image","twitter_misc":{"Tempo estimado de leitura":"1 minuto"},"schema":{"@context":"https:\/\/schema.org","@graph":[{"@type":"WebPage","@id":"https:\/\/epicerie-lusitania.com\/produit\/amendoa-amarga-xarao\/","url":"https:\/\/epicerie-lusitania.com\/produit\/amendoa-amarga-xarao\/","name":"AMENDOA AMARGA XARAO - Epicerie Lusitania","isPartOf":{"@id":"https:\/\/epicerie-lusitania.com\/#website"},"primaryImageOfPage":{"@id":"https:\/\/epicerie-lusitania.com\/produit\/amendoa-amarga-xarao\/#primaryimage"},"image":{"@id":"https:\/\/epicerie-lusitania.com\/produit\/amendoa-amarga-xarao\/#primaryimage"},"thumbnailUrl":"https:\/\/epicerie-lusitania.com\/wp-content\/uploads\/2024\/05\/Xarao-I-Liqueur-damande-amere.webp","datePublished":"2024-05-25T16:24:30+00:00","dateModified":"2026-02-18T14:43:14+00:00","description":"AMENDOA AMARGINHA VITORIA - 70 cl - L'originale liqueur d'amande am\u00e8re","breadcrumb":{"@id":"https:\/\/epicerie-lusitania.com\/produit\/amendoa-amarga-xarao\/#breadcrumb"},"inLanguage":"pt-PT","potentialAction":[{"@type":"ReadAction","target":["https:\/\/epicerie-lusitania.com\/produit\/amendoa-amarga-xarao\/"]}]},{"@type":"ImageObject","inLanguage":"pt-PT","@id":"https:\/\/epicerie-lusitania.com\/produit\/amendoa-amarga-xarao\/#primaryimage","url":"https:\/\/epicerie-lusitania.com\/wp-content\/uploads\/2024\/05\/Xarao-I-Liqueur-damande-amere.webp","contentUrl":"https:\/\/epicerie-lusitania.com\/wp-content\/uploads\/2024\/05\/Xarao-I-Liqueur-damande-amere.webp","width":720,"height":720},{"@type":"BreadcrumbList","@id":"https:\/\/epicerie-lusitania.com\/produit\/amendoa-amarga-xarao\/#breadcrumb","itemListElement":[{"@type":"ListItem","position":1,"name":"Accueil","item":"https:\/\/epicerie-lusitania.com\/"},{"@type":"ListItem","position":2,"name":"Boutique","item":"https:\/\/epicerie-lusitania.com\/boutique\/"},{"@type":"ListItem","position":3,"name":"AMENDOA AMARGA XARAO"}]},{"@type":"WebSite","@id":"https:\/\/epicerie-lusitania.com\/#website","url":"https:\/\/epicerie-lusitania.com\/","name":"Epicerie Lusitania","description":"Le Portugal pr\u00e8s de chez vous","publisher":{"@id":"https:\/\/epicerie-lusitania.com\/#organization"},"alternateName":"Votre Epicerie Portugaise \u00e0 Rochefort Sur Mer","potentialAction":[{"@type":"SearchAction","target":{"@type":"EntryPoint","urlTemplate":"https:\/\/epicerie-lusitania.com\/?s={search_term_string}"},"query-input":{"@type":"PropertyValueSpecification","valueRequired":true,"valueName":"search_term_string"}}],"inLanguage":"pt-PT"},{"@type":"Organization","@id":"https:\/\/epicerie-lusitania.com\/#organization","name":"Epicerie Lusitania","url":"https:\/\/epicerie-lusitania.com\/","logo":{"@type":"ImageObject","inLanguage":"pt-PT","@id":"https:\/\/epicerie-lusitania.com\/#\/schema\/logo\/image\/","url":"https:\/\/epicerie-lusitania.com\/wp-content\/uploads\/2024\/04\/small.jpg","contentUrl":"https:\/\/epicerie-lusitania.com\/wp-content\/uploads\/2024\/04\/small.jpg","width":150,"height":150,"caption":"Epicerie Lusitania"},"image":{"@id":"https:\/\/epicerie-lusitania.com\/#\/schema\/logo\/image\/"}}]}},"brands":[{"id":38,"name":"Xar\u00e3o","slug":"xarao"}],"_links":{"self":[{"href":"https:\/\/epicerie-lusitania.com\/pt\/wp-json\/wp\/v2\/product\/267","targetHints":{"allow":["GET"]}}],"collection":[{"href":"https:\/\/epicerie-lusitania.com\/pt\/wp-json\/wp\/v2\/product"}],"about":[{"href":"https:\/\/epicerie-lusitania.com\/pt\/wp-json\/wp\/v2\/types\/product"}],"replies":[{"embeddable":true,"href":"https:\/\/epicerie-lusitania.com\/pt\/wp-json\/wp\/v2\/comments?post=267"}],"wp:featuredmedia":[{"embeddable":true,"href":"https:\/\/epicerie-lusitania.com\/pt\/wp-json\/wp\/v2\/media\/268"}],"wp:attachment":[{"href":"https:\/\/epicerie-lusitania.com\/pt\/wp-json\/wp\/v2\/media?parent=267"}],"wp:term":[{"taxonomy":"pwb-brand","embeddable":true,"href":"https:\/\/epicerie-lusitania.com\/pt\/wp-json\/wp\/v2\/pwb-brand?post=267"},{"taxonomy":"product_brand","embeddable":true,"href":"https:\/\/epicerie-lusitania.com\/pt\/wp-json\/wp\/v2\/product_brand?post=267"},{"taxonomy":"product_cat","embeddable":true,"href":"https:\/\/epicerie-lusitania.com\/pt\/wp-json\/wp\/v2\/product_cat?post=267"},{"taxonomy":"product_tag","embeddable":true,"href":"https:\/\/epicerie-lusitania.com\/pt\/wp-json\/wp\/v2\/product_tag?post=267"}],"curies":[{"name":"wp","href":"https:\/\/api.w.org\/{rel}","templated":true}]}}