{"id":272,"date":"2024-04-15T10:49:26","date_gmt":"2024-04-15T08:49:26","guid":{"rendered":"https:\/\/epicerie-lusitania.com\/?post_type=product&#038;p=272"},"modified":"2026-02-17T19:33:23","modified_gmt":"2026-02-17T18:33:23","slug":"super-bock-tango-x6","status":"publish","type":"product","link":"https:\/\/epicerie-lusitania.com\/pt\/produto\/super-bock-tango-x6\/","title":{"rendered":"SUPER BOCK TANGO X6"},"content":{"rendered":"<p><strong>SUPER BOCK TANGO X6<\/strong><\/p>\n<p>Bi\u00e8re portugaise Tango aromatis\u00e9e fruits rouges<\/p>\n<p>6 x 25 Cl<\/p>\n<p>Volume : 4 %<\/p>\n<p>Bi\u00e8re offrant une saveur constante tout en pr\u00e9servant toujours le go\u00fbt du m\u00e9lange entre la bi\u00e8re et la groseille.<\/p>\n<hr \/>\n<p><b>Ingr\u00e9dients\u00a0:<\/b><br \/>\nEau, MALT d&rsquo;orge, C\u00e9r\u00e9ales non malt\u00e9e (Ma\u00efs et Orge), Houblon, fructose, concentr\u00e9 de groseille et carotte (0.1%), ar\u00f4me, \u00e9dulcorant(E951,E950) Contient de l&rsquo;aspartame, c\u00e9r\u00e9ales contenant du GLUTEN<\/p>\n<p><b>D\u00e9claration nutritionnelle pour 100g\u00a0:<\/b><br \/>\nValeur \u00e9nerg\u00e9tique 166kJ \/ 40kcal\u00a0; Lipides 0g\u00a0; dont Satur\u00e9s 0g; Glucides 2,6g; dont sucres 0,6g; Prot\u00e9ines 0,6g; Sel 0g.<\/p>\n<p>&nbsp;<\/p>","protected":false},"excerpt":{"rendered":"<p><strong>SUPER BOCK TANGO X6<\/strong><\/p>\n<p>6 x 25 Cl<\/p>","protected":false},"featured_media":273,"comment_status":"open","ping_status":"closed","template":"","meta":[],"pwb-brand":[17],"product_brand":[],"product_cat":[15,26],"product_tag":[18,41],"class_list":{"0":"post-272","1":"product","2":"type-product","3":"status-publish","4":"has-post-thumbnail","6":"pwb-brand-super-bock","7":"product_cat-boissons","8":"product_cat-boissons-alcoolisees","9":"product_tag-super-bock","10":"product_tag-tango","12":"first","13":"instock","14":"shipping-taxable","15":"purchasable","16":"product-type-simple"},"yoast_head":"<!-- This site is optimized with the Yoast SEO plugin v26.2 - https:\/\/yoast.com\/wordpress\/plugins\/seo\/ -->\n<title>SUPER BOCK TANGO X6 - Epicerie Lusitania<\/title>\n<meta name=\"description\" content=\"SUPER BOCK TANGO X6 - Bi\u00e8re portugaise Tango aromatis\u00e9e fruits rouges - 6 x 25 Cl\" \/>\n<meta name=\"robots\" content=\"index, follow, max-snippet:-1, max-image-preview:large, max-video-preview:-1\" \/>\n<link rel=\"canonical\" href=\"https:\/\/epicerie-lusitania.com\/pt\/produto\/super-bock-tango-x6\/\" \/>\n<meta property=\"og:locale\" content=\"pt_PT\" \/>\n<meta property=\"og:type\" content=\"article\" \/>\n<meta property=\"og:title\" content=\"SUPER BOCK TANGO X6 - Epicerie Lusitania\" \/>\n<meta property=\"og:description\" content=\"SUPER BOCK TANGO X6 - Bi\u00e8re portugaise Tango aromatis\u00e9e fruits rouges - 6 x 25 Cl\" \/>\n<meta property=\"og:url\" content=\"https:\/\/epicerie-lusitania.com\/pt\/produto\/super-bock-tango-x6\/\" \/>\n<meta property=\"og:site_name\" content=\"Epicerie Lusitania\" \/>\n<meta property=\"article:modified_time\" content=\"2026-02-17T18:33:23+00:00\" \/>\n<meta property=\"og:image\" content=\"https:\/\/epicerie-lusitania.com\/wp-content\/uploads\/2024\/05\/SUPERBOCK-TANGO.webp\" \/>\n\t<meta property=\"og:image:width\" content=\"1200\" \/>\n\t<meta property=\"og:image:height\" content=\"1200\" \/>\n\t<meta property=\"og:image:type\" content=\"image\/webp\" \/>\n<meta name=\"twitter:card\" content=\"summary_large_image\" \/>\n<meta name=\"twitter:label1\" content=\"Tempo estimado de leitura\" \/>\n\t<meta name=\"twitter:data1\" content=\"1 minuto\" \/>\n<script type=\"application\/ld+json\" class=\"yoast-schema-graph\">{\"@context\":\"https:\/\/schema.org\",\"@graph\":[{\"@type\":\"WebPage\",\"@id\":\"https:\/\/epicerie-lusitania.com\/produit\/super-bock-tango-x6\/\",\"url\":\"https:\/\/epicerie-lusitania.com\/produit\/super-bock-tango-x6\/\",\"name\":\"SUPER BOCK TANGO X6 - Epicerie Lusitania\",\"isPartOf\":{\"@id\":\"https:\/\/epicerie-lusitania.com\/#website\"},\"primaryImageOfPage\":{\"@id\":\"https:\/\/epicerie-lusitania.com\/produit\/super-bock-tango-x6\/#primaryimage\"},\"image\":{\"@id\":\"https:\/\/epicerie-lusitania.com\/produit\/super-bock-tango-x6\/#primaryimage\"},\"thumbnailUrl\":\"https:\/\/epicerie-lusitania.com\/wp-content\/uploads\/2024\/05\/SUPERBOCK-TANGO.webp\",\"datePublished\":\"2024-04-15T08:49:26+00:00\",\"dateModified\":\"2026-02-17T18:33:23+00:00\",\"description\":\"SUPER BOCK TANGO X6 - Bi\u00e8re portugaise Tango aromatis\u00e9e fruits rouges - 6 x 25 Cl\",\"breadcrumb\":{\"@id\":\"https:\/\/epicerie-lusitania.com\/produit\/super-bock-tango-x6\/#breadcrumb\"},\"inLanguage\":\"pt-PT\",\"potentialAction\":[{\"@type\":\"ReadAction\",\"target\":[\"https:\/\/epicerie-lusitania.com\/produit\/super-bock-tango-x6\/\"]}]},{\"@type\":\"ImageObject\",\"inLanguage\":\"pt-PT\",\"@id\":\"https:\/\/epicerie-lusitania.com\/produit\/super-bock-tango-x6\/#primaryimage\",\"url\":\"https:\/\/epicerie-lusitania.com\/wp-content\/uploads\/2024\/05\/SUPERBOCK-TANGO.webp\",\"contentUrl\":\"https:\/\/epicerie-lusitania.com\/wp-content\/uploads\/2024\/05\/SUPERBOCK-TANGO.webp\",\"width\":1200,\"height\":1200},{\"@type\":\"BreadcrumbList\",\"@id\":\"https:\/\/epicerie-lusitania.com\/produit\/super-bock-tango-x6\/#breadcrumb\",\"itemListElement\":[{\"@type\":\"ListItem\",\"position\":1,\"name\":\"Accueil\",\"item\":\"https:\/\/epicerie-lusitania.com\/\"},{\"@type\":\"ListItem\",\"position\":2,\"name\":\"Boutique\",\"item\":\"https:\/\/epicerie-lusitania.com\/boutique\/\"},{\"@type\":\"ListItem\",\"position\":3,\"name\":\"SUPER BOCK TANGO X6\"}]},{\"@type\":\"WebSite\",\"@id\":\"https:\/\/epicerie-lusitania.com\/#website\",\"url\":\"https:\/\/epicerie-lusitania.com\/\",\"name\":\"Epicerie Lusitania\",\"description\":\"Le Portugal pr\u00e8s de chez vous\",\"publisher\":{\"@id\":\"https:\/\/epicerie-lusitania.com\/#organization\"},\"alternateName\":\"Votre Epicerie Portugaise \u00e0 Rochefort Sur Mer\",\"potentialAction\":[{\"@type\":\"SearchAction\",\"target\":{\"@type\":\"EntryPoint\",\"urlTemplate\":\"https:\/\/epicerie-lusitania.com\/?s={search_term_string}\"},\"query-input\":{\"@type\":\"PropertyValueSpecification\",\"valueRequired\":true,\"valueName\":\"search_term_string\"}}],\"inLanguage\":\"pt-PT\"},{\"@type\":\"Organization\",\"@id\":\"https:\/\/epicerie-lusitania.com\/#organization\",\"name\":\"Epicerie Lusitania\",\"url\":\"https:\/\/epicerie-lusitania.com\/\",\"logo\":{\"@type\":\"ImageObject\",\"inLanguage\":\"pt-PT\",\"@id\":\"https:\/\/epicerie-lusitania.com\/#\/schema\/logo\/image\/\",\"url\":\"https:\/\/epicerie-lusitania.com\/wp-content\/uploads\/2024\/04\/small.jpg\",\"contentUrl\":\"https:\/\/epicerie-lusitania.com\/wp-content\/uploads\/2024\/04\/small.jpg\",\"width\":150,\"height\":150,\"caption\":\"Epicerie Lusitania\"},\"image\":{\"@id\":\"https:\/\/epicerie-lusitania.com\/#\/schema\/logo\/image\/\"}}]}<\/script>\n<!-- \/ Yoast SEO plugin. -->","yoast_head_json":{"title":"SUPER BOCK TANGO X6 - Epicerie Lusitania","description":"SUPER BOCK TANGO X6 - Bi\u00e8re portugaise Tango aromatis\u00e9e fruits rouges - 6 x 25 Cl","robots":{"index":"index","follow":"follow","max-snippet":"max-snippet:-1","max-image-preview":"max-image-preview:large","max-video-preview":"max-video-preview:-1"},"canonical":"https:\/\/epicerie-lusitania.com\/pt\/produto\/super-bock-tango-x6\/","og_locale":"pt_PT","og_type":"article","og_title":"SUPER BOCK TANGO X6 - Epicerie Lusitania","og_description":"SUPER BOCK TANGO X6 - Bi\u00e8re portugaise Tango aromatis\u00e9e fruits rouges - 6 x 25 Cl","og_url":"https:\/\/epicerie-lusitania.com\/pt\/produto\/super-bock-tango-x6\/","og_site_name":"Epicerie Lusitania","article_modified_time":"2026-02-17T18:33:23+00:00","og_image":[{"width":1200,"height":1200,"url":"https:\/\/epicerie-lusitania.com\/wp-content\/uploads\/2024\/05\/SUPERBOCK-TANGO.webp","type":"image\/webp"}],"twitter_card":"summary_large_image","twitter_misc":{"Tempo estimado de leitura":"1 minuto"},"schema":{"@context":"https:\/\/schema.org","@graph":[{"@type":"WebPage","@id":"https:\/\/epicerie-lusitania.com\/produit\/super-bock-tango-x6\/","url":"https:\/\/epicerie-lusitania.com\/produit\/super-bock-tango-x6\/","name":"SUPER BOCK TANGO X6 - Epicerie Lusitania","isPartOf":{"@id":"https:\/\/epicerie-lusitania.com\/#website"},"primaryImageOfPage":{"@id":"https:\/\/epicerie-lusitania.com\/produit\/super-bock-tango-x6\/#primaryimage"},"image":{"@id":"https:\/\/epicerie-lusitania.com\/produit\/super-bock-tango-x6\/#primaryimage"},"thumbnailUrl":"https:\/\/epicerie-lusitania.com\/wp-content\/uploads\/2024\/05\/SUPERBOCK-TANGO.webp","datePublished":"2024-04-15T08:49:26+00:00","dateModified":"2026-02-17T18:33:23+00:00","description":"SUPER BOCK TANGO X6 - Bi\u00e8re portugaise Tango aromatis\u00e9e fruits rouges - 6 x 25 Cl","breadcrumb":{"@id":"https:\/\/epicerie-lusitania.com\/produit\/super-bock-tango-x6\/#breadcrumb"},"inLanguage":"pt-PT","potentialAction":[{"@type":"ReadAction","target":["https:\/\/epicerie-lusitania.com\/produit\/super-bock-tango-x6\/"]}]},{"@type":"ImageObject","inLanguage":"pt-PT","@id":"https:\/\/epicerie-lusitania.com\/produit\/super-bock-tango-x6\/#primaryimage","url":"https:\/\/epicerie-lusitania.com\/wp-content\/uploads\/2024\/05\/SUPERBOCK-TANGO.webp","contentUrl":"https:\/\/epicerie-lusitania.com\/wp-content\/uploads\/2024\/05\/SUPERBOCK-TANGO.webp","width":1200,"height":1200},{"@type":"BreadcrumbList","@id":"https:\/\/epicerie-lusitania.com\/produit\/super-bock-tango-x6\/#breadcrumb","itemListElement":[{"@type":"ListItem","position":1,"name":"Accueil","item":"https:\/\/epicerie-lusitania.com\/"},{"@type":"ListItem","position":2,"name":"Boutique","item":"https:\/\/epicerie-lusitania.com\/boutique\/"},{"@type":"ListItem","position":3,"name":"SUPER BOCK TANGO X6"}]},{"@type":"WebSite","@id":"https:\/\/epicerie-lusitania.com\/#website","url":"https:\/\/epicerie-lusitania.com\/","name":"Epicerie Lusitania","description":"Le Portugal pr\u00e8s de chez vous","publisher":{"@id":"https:\/\/epicerie-lusitania.com\/#organization"},"alternateName":"Votre Epicerie Portugaise \u00e0 Rochefort Sur Mer","potentialAction":[{"@type":"SearchAction","target":{"@type":"EntryPoint","urlTemplate":"https:\/\/epicerie-lusitania.com\/?s={search_term_string}"},"query-input":{"@type":"PropertyValueSpecification","valueRequired":true,"valueName":"search_term_string"}}],"inLanguage":"pt-PT"},{"@type":"Organization","@id":"https:\/\/epicerie-lusitania.com\/#organization","name":"Epicerie Lusitania","url":"https:\/\/epicerie-lusitania.com\/","logo":{"@type":"ImageObject","inLanguage":"pt-PT","@id":"https:\/\/epicerie-lusitania.com\/#\/schema\/logo\/image\/","url":"https:\/\/epicerie-lusitania.com\/wp-content\/uploads\/2024\/04\/small.jpg","contentUrl":"https:\/\/epicerie-lusitania.com\/wp-content\/uploads\/2024\/04\/small.jpg","width":150,"height":150,"caption":"Epicerie Lusitania"},"image":{"@id":"https:\/\/epicerie-lusitania.com\/#\/schema\/logo\/image\/"}}]}},"brands":[{"id":17,"name":"Super Bock","slug":"super-bock"}],"_links":{"self":[{"href":"https:\/\/epicerie-lusitania.com\/pt\/wp-json\/wp\/v2\/product\/272","targetHints":{"allow":["GET"]}}],"collection":[{"href":"https:\/\/epicerie-lusitania.com\/pt\/wp-json\/wp\/v2\/product"}],"about":[{"href":"https:\/\/epicerie-lusitania.com\/pt\/wp-json\/wp\/v2\/types\/product"}],"replies":[{"embeddable":true,"href":"https:\/\/epicerie-lusitania.com\/pt\/wp-json\/wp\/v2\/comments?post=272"}],"wp:featuredmedia":[{"embeddable":true,"href":"https:\/\/epicerie-lusitania.com\/pt\/wp-json\/wp\/v2\/media\/273"}],"wp:attachment":[{"href":"https:\/\/epicerie-lusitania.com\/pt\/wp-json\/wp\/v2\/media?parent=272"}],"wp:term":[{"taxonomy":"pwb-brand","embeddable":true,"href":"https:\/\/epicerie-lusitania.com\/pt\/wp-json\/wp\/v2\/pwb-brand?post=272"},{"taxonomy":"product_brand","embeddable":true,"href":"https:\/\/epicerie-lusitania.com\/pt\/wp-json\/wp\/v2\/product_brand?post=272"},{"taxonomy":"product_cat","embeddable":true,"href":"https:\/\/epicerie-lusitania.com\/pt\/wp-json\/wp\/v2\/product_cat?post=272"},{"taxonomy":"product_tag","embeddable":true,"href":"https:\/\/epicerie-lusitania.com\/pt\/wp-json\/wp\/v2\/product_tag?post=272"}],"curies":[{"name":"wp","href":"https:\/\/api.w.org\/{rel}","templated":true}]}}