{"id":276,"date":"2024-05-26T11:17:51","date_gmt":"2024-05-26T09:17:51","guid":{"rendered":"https:\/\/epicerie-lusitania.com\/?post_type=product&#038;p=276"},"modified":"2026-02-18T15:46:12","modified_gmt":"2026-02-18T14:46:12","slug":"brandy-croft","status":"publish","type":"product","link":"https:\/\/epicerie-lusitania.com\/pt\/produto\/brandy-croft\/","title":{"rendered":"BRANDY CROFT"},"content":{"rendered":"<div id=\"ProductSheetAccordion-content-0\" class=\"c-accordion-v2__panel u-p-lg js-accordion__panel\" aria-labelledby=\"ProductSheetAccordion-header-0\">\n<div id=\"MarketingLongDescription\"><strong>BRANDY CROFT<\/strong><\/div>\n<\/div>\n<div><\/div>\n<div>70 cl<\/div>\n<div class=\"product-description__feature-wrapper\">\n<div class=\"product-description__feature-group-wrapper\">\n<p class=\"product_title entry-title\">Fabriqu\u00e9 \u00e0 partir d&rsquo;une s\u00e9lection d&rsquo;alcools de raisin de haute qualit\u00e9 d&rsquo;\u00e2ges diff\u00e9rents qui garantissent le style coh\u00e9rent du produit fini et pr\u00e9servent le style de la maison. Une fois l&rsquo;assemblage final r\u00e9alis\u00e9, le vieillissement est perfectionn\u00e9 dans des f\u00fbts de ch\u00eane ayant pr\u00e9alablement contenu des vins de Porto Croft.<\/p>\n<\/div>\n<\/div>\n<div class=\"product-description__feature-wrapper\">\n<div class=\"product-description__feature--single\">\n<div><\/div>\n<div class=\"product-description__feature-values\"><strong><span class=\"product-description__feature-value\">Contient des SULFITES<\/span><\/strong><\/div>\n<\/div>\n<\/div>\n<div class=\"product-description__feature-wrapper\">\n<div class=\"product-description__feature--single\">\n<div class=\"product-description__feature-values\"><strong><span class=\"product-description__feature-value\">Le produit est d\u00e9conseill\u00e9 aux femmes enceintes<\/span><\/strong><\/div>\n<\/div>\n<\/div>\n<div class=\"product-description__feature-wrapper\">\n<div class=\"product-description__feature--single\">\n<h5 class=\"product-description__feature-title\">Pourcentage d&rsquo;alcool par volume : 36<span class=\"product-description__feature-value\">,00<\/span><\/h5>\n<\/div>\n<\/div>","protected":false},"excerpt":{"rendered":"<div id=\"ProductSheetAccordion-content-0\" class=\"c-accordion-v2__panel u-p-lg js-accordion__panel\" aria-labelledby=\"ProductSheetAccordion-header-0\">\n<div id=\"MarketingLongDescription\">\n<div id=\"ProductSheetAccordion-content-0\" class=\"c-accordion-v2__panel u-p-lg js-accordion__panel\" aria-labelledby=\"ProductSheetAccordion-header-0\">\n<div id=\"MarketingLongDescription\">\n<div id=\"ProductSheetAccordion-content-0\" class=\"c-accordion-v2__panel u-p-lg js-accordion__panel\" aria-labelledby=\"ProductSheetAccordion-header-0\">\n<div id=\"MarketingLongDescription\">\n<div id=\"ProductSheetAccordion-content-0\" class=\"c-accordion-v2__panel u-p-lg js-accordion__panel\" aria-labelledby=\"ProductSheetAccordion-header-0\">\n<div id=\"MarketingLongDescription\">\n<div id=\"ProductSheetAccordion-content-0\" class=\"c-accordion-v2__panel u-p-lg js-accordion__panel\" aria-labelledby=\"ProductSheetAccordion-header-0\">\n<div id=\"MarketingLongDescription\"><strong>BRANDY CROFT<\/strong><\/div>\n<\/div>\n<div><\/div>\n<div>70 cl<\/div>\n<\/div>\n<\/div>\n<div class=\"product-description__feature-wrapper\">\n<div class=\"product-description__feature-group-wrapper\">\n<p class=\"product_title entry-title\">\n<\/div>\n<\/div>\n<\/div>\n<\/div>\n<div class=\"product-description__feature-wrapper\">\n<div class=\"product-description__feature-group-wrapper\">\n<p>&nbsp;<\/p>\n<\/div>\n<\/div>\n<\/div>\n<\/div>\n<\/div>\n<\/div>\n<div class=\"product-description__feature-wrapper\">\n<div class=\"product-description__feature-group-wrapper\"><\/div>\n<\/div>","protected":false},"featured_media":278,"comment_status":"open","ping_status":"closed","template":"","meta":[],"pwb-brand":[42],"product_brand":[],"product_cat":[26],"product_tag":[43],"class_list":{"0":"post-276","1":"product","2":"type-product","3":"status-publish","4":"has-post-thumbnail","6":"pwb-brand-croft","7":"product_cat-boissons-alcoolisees","8":"product_tag-brandy-croft","10":"first","11":"instock","12":"shipping-taxable","13":"purchasable","14":"product-type-simple"},"yoast_head":"<!-- This site is optimized with the Yoast SEO plugin v26.2 - https:\/\/yoast.com\/wordpress\/plugins\/seo\/ -->\n<title>BRANDY CROFT - Epicerie Lusitania<\/title>\n<meta name=\"description\" content=\"BRANDY CROFT - 70 cl - Fabriqu\u00e9 \u00e0 partir d&#039;une s\u00e9lection d&#039;alcools de raisin de haute qualit\u00e9 d&#039;\u00e2ges diff\u00e9rents qui garantissent le style coh\u00e9rent du produit fini\" \/>\n<meta name=\"robots\" content=\"index, follow, max-snippet:-1, max-image-preview:large, max-video-preview:-1\" \/>\n<link rel=\"canonical\" href=\"https:\/\/epicerie-lusitania.com\/pt\/produto\/brandy-croft\/\" \/>\n<meta property=\"og:locale\" content=\"pt_PT\" \/>\n<meta property=\"og:type\" content=\"article\" \/>\n<meta property=\"og:title\" content=\"BRANDY CROFT - Epicerie Lusitania\" \/>\n<meta property=\"og:description\" content=\"BRANDY CROFT - 70 cl - Fabriqu\u00e9 \u00e0 partir d&#039;une s\u00e9lection d&#039;alcools de raisin de haute qualit\u00e9 d&#039;\u00e2ges diff\u00e9rents qui garantissent le style coh\u00e9rent du produit fini\" \/>\n<meta property=\"og:url\" content=\"https:\/\/epicerie-lusitania.com\/pt\/produto\/brandy-croft\/\" \/>\n<meta property=\"og:site_name\" content=\"Epicerie Lusitania\" \/>\n<meta property=\"article:modified_time\" content=\"2026-02-18T14:46:12+00:00\" \/>\n<meta property=\"og:image\" content=\"https:\/\/epicerie-lusitania.com\/wp-content\/uploads\/2024\/05\/Brandy-Croft-2.jpg\" \/>\n\t<meta property=\"og:image:width\" content=\"600\" \/>\n\t<meta property=\"og:image:height\" content=\"574\" \/>\n\t<meta property=\"og:image:type\" content=\"image\/jpeg\" \/>\n<meta name=\"twitter:card\" content=\"summary_large_image\" \/>\n<meta name=\"twitter:label1\" content=\"Tempo estimado de leitura\" \/>\n\t<meta name=\"twitter:data1\" content=\"1 minuto\" \/>\n<script type=\"application\/ld+json\" class=\"yoast-schema-graph\">{\"@context\":\"https:\/\/schema.org\",\"@graph\":[{\"@type\":\"WebPage\",\"@id\":\"https:\/\/epicerie-lusitania.com\/produit\/brandy-croft\/\",\"url\":\"https:\/\/epicerie-lusitania.com\/produit\/brandy-croft\/\",\"name\":\"BRANDY CROFT - Epicerie Lusitania\",\"isPartOf\":{\"@id\":\"https:\/\/epicerie-lusitania.com\/#website\"},\"primaryImageOfPage\":{\"@id\":\"https:\/\/epicerie-lusitania.com\/produit\/brandy-croft\/#primaryimage\"},\"image\":{\"@id\":\"https:\/\/epicerie-lusitania.com\/produit\/brandy-croft\/#primaryimage\"},\"thumbnailUrl\":\"https:\/\/epicerie-lusitania.com\/wp-content\/uploads\/2024\/05\/Brandy-Croft-2.jpg\",\"datePublished\":\"2024-05-26T09:17:51+00:00\",\"dateModified\":\"2026-02-18T14:46:12+00:00\",\"description\":\"BRANDY CROFT - 70 cl - Fabriqu\u00e9 \u00e0 partir d'une s\u00e9lection d'alcools de raisin de haute qualit\u00e9 d'\u00e2ges diff\u00e9rents qui garantissent le style coh\u00e9rent du produit fini\",\"breadcrumb\":{\"@id\":\"https:\/\/epicerie-lusitania.com\/produit\/brandy-croft\/#breadcrumb\"},\"inLanguage\":\"pt-PT\",\"potentialAction\":[{\"@type\":\"ReadAction\",\"target\":[\"https:\/\/epicerie-lusitania.com\/produit\/brandy-croft\/\"]}]},{\"@type\":\"ImageObject\",\"inLanguage\":\"pt-PT\",\"@id\":\"https:\/\/epicerie-lusitania.com\/produit\/brandy-croft\/#primaryimage\",\"url\":\"https:\/\/epicerie-lusitania.com\/wp-content\/uploads\/2024\/05\/Brandy-Croft-2.jpg\",\"contentUrl\":\"https:\/\/epicerie-lusitania.com\/wp-content\/uploads\/2024\/05\/Brandy-Croft-2.jpg\",\"width\":600,\"height\":574},{\"@type\":\"BreadcrumbList\",\"@id\":\"https:\/\/epicerie-lusitania.com\/produit\/brandy-croft\/#breadcrumb\",\"itemListElement\":[{\"@type\":\"ListItem\",\"position\":1,\"name\":\"Accueil\",\"item\":\"https:\/\/epicerie-lusitania.com\/\"},{\"@type\":\"ListItem\",\"position\":2,\"name\":\"Boutique\",\"item\":\"https:\/\/epicerie-lusitania.com\/boutique\/\"},{\"@type\":\"ListItem\",\"position\":3,\"name\":\"BRANDY CROFT\"}]},{\"@type\":\"WebSite\",\"@id\":\"https:\/\/epicerie-lusitania.com\/#website\",\"url\":\"https:\/\/epicerie-lusitania.com\/\",\"name\":\"Epicerie Lusitania\",\"description\":\"Le Portugal pr\u00e8s de chez vous\",\"publisher\":{\"@id\":\"https:\/\/epicerie-lusitania.com\/#organization\"},\"alternateName\":\"Votre Epicerie Portugaise \u00e0 Rochefort Sur Mer\",\"potentialAction\":[{\"@type\":\"SearchAction\",\"target\":{\"@type\":\"EntryPoint\",\"urlTemplate\":\"https:\/\/epicerie-lusitania.com\/?s={search_term_string}\"},\"query-input\":{\"@type\":\"PropertyValueSpecification\",\"valueRequired\":true,\"valueName\":\"search_term_string\"}}],\"inLanguage\":\"pt-PT\"},{\"@type\":\"Organization\",\"@id\":\"https:\/\/epicerie-lusitania.com\/#organization\",\"name\":\"Epicerie Lusitania\",\"url\":\"https:\/\/epicerie-lusitania.com\/\",\"logo\":{\"@type\":\"ImageObject\",\"inLanguage\":\"pt-PT\",\"@id\":\"https:\/\/epicerie-lusitania.com\/#\/schema\/logo\/image\/\",\"url\":\"https:\/\/epicerie-lusitania.com\/wp-content\/uploads\/2024\/04\/small.jpg\",\"contentUrl\":\"https:\/\/epicerie-lusitania.com\/wp-content\/uploads\/2024\/04\/small.jpg\",\"width\":150,\"height\":150,\"caption\":\"Epicerie Lusitania\"},\"image\":{\"@id\":\"https:\/\/epicerie-lusitania.com\/#\/schema\/logo\/image\/\"}}]}<\/script>\n<!-- \/ Yoast SEO plugin. -->","yoast_head_json":{"title":"BRANDY CROFT - Epicerie Lusitania","description":"BRANDY CROFT - 70 cl - Fabriqu\u00e9 \u00e0 partir d'une s\u00e9lection d'alcools de raisin de haute qualit\u00e9 d'\u00e2ges diff\u00e9rents qui garantissent le style coh\u00e9rent du produit fini","robots":{"index":"index","follow":"follow","max-snippet":"max-snippet:-1","max-image-preview":"max-image-preview:large","max-video-preview":"max-video-preview:-1"},"canonical":"https:\/\/epicerie-lusitania.com\/pt\/produto\/brandy-croft\/","og_locale":"pt_PT","og_type":"article","og_title":"BRANDY CROFT - Epicerie Lusitania","og_description":"BRANDY CROFT - 70 cl - Fabriqu\u00e9 \u00e0 partir d'une s\u00e9lection d'alcools de raisin de haute qualit\u00e9 d'\u00e2ges diff\u00e9rents qui garantissent le style coh\u00e9rent du produit fini","og_url":"https:\/\/epicerie-lusitania.com\/pt\/produto\/brandy-croft\/","og_site_name":"Epicerie Lusitania","article_modified_time":"2026-02-18T14:46:12+00:00","og_image":[{"width":600,"height":574,"url":"https:\/\/epicerie-lusitania.com\/wp-content\/uploads\/2024\/05\/Brandy-Croft-2.jpg","type":"image\/jpeg"}],"twitter_card":"summary_large_image","twitter_misc":{"Tempo estimado de leitura":"1 minuto"},"schema":{"@context":"https:\/\/schema.org","@graph":[{"@type":"WebPage","@id":"https:\/\/epicerie-lusitania.com\/produit\/brandy-croft\/","url":"https:\/\/epicerie-lusitania.com\/produit\/brandy-croft\/","name":"BRANDY CROFT - Epicerie Lusitania","isPartOf":{"@id":"https:\/\/epicerie-lusitania.com\/#website"},"primaryImageOfPage":{"@id":"https:\/\/epicerie-lusitania.com\/produit\/brandy-croft\/#primaryimage"},"image":{"@id":"https:\/\/epicerie-lusitania.com\/produit\/brandy-croft\/#primaryimage"},"thumbnailUrl":"https:\/\/epicerie-lusitania.com\/wp-content\/uploads\/2024\/05\/Brandy-Croft-2.jpg","datePublished":"2024-05-26T09:17:51+00:00","dateModified":"2026-02-18T14:46:12+00:00","description":"BRANDY CROFT - 70 cl - Fabriqu\u00e9 \u00e0 partir d'une s\u00e9lection d'alcools de raisin de haute qualit\u00e9 d'\u00e2ges diff\u00e9rents qui garantissent le style coh\u00e9rent du produit fini","breadcrumb":{"@id":"https:\/\/epicerie-lusitania.com\/produit\/brandy-croft\/#breadcrumb"},"inLanguage":"pt-PT","potentialAction":[{"@type":"ReadAction","target":["https:\/\/epicerie-lusitania.com\/produit\/brandy-croft\/"]}]},{"@type":"ImageObject","inLanguage":"pt-PT","@id":"https:\/\/epicerie-lusitania.com\/produit\/brandy-croft\/#primaryimage","url":"https:\/\/epicerie-lusitania.com\/wp-content\/uploads\/2024\/05\/Brandy-Croft-2.jpg","contentUrl":"https:\/\/epicerie-lusitania.com\/wp-content\/uploads\/2024\/05\/Brandy-Croft-2.jpg","width":600,"height":574},{"@type":"BreadcrumbList","@id":"https:\/\/epicerie-lusitania.com\/produit\/brandy-croft\/#breadcrumb","itemListElement":[{"@type":"ListItem","position":1,"name":"Accueil","item":"https:\/\/epicerie-lusitania.com\/"},{"@type":"ListItem","position":2,"name":"Boutique","item":"https:\/\/epicerie-lusitania.com\/boutique\/"},{"@type":"ListItem","position":3,"name":"BRANDY CROFT"}]},{"@type":"WebSite","@id":"https:\/\/epicerie-lusitania.com\/#website","url":"https:\/\/epicerie-lusitania.com\/","name":"Epicerie Lusitania","description":"Le Portugal pr\u00e8s de chez vous","publisher":{"@id":"https:\/\/epicerie-lusitania.com\/#organization"},"alternateName":"Votre Epicerie Portugaise \u00e0 Rochefort Sur Mer","potentialAction":[{"@type":"SearchAction","target":{"@type":"EntryPoint","urlTemplate":"https:\/\/epicerie-lusitania.com\/?s={search_term_string}"},"query-input":{"@type":"PropertyValueSpecification","valueRequired":true,"valueName":"search_term_string"}}],"inLanguage":"pt-PT"},{"@type":"Organization","@id":"https:\/\/epicerie-lusitania.com\/#organization","name":"Epicerie Lusitania","url":"https:\/\/epicerie-lusitania.com\/","logo":{"@type":"ImageObject","inLanguage":"pt-PT","@id":"https:\/\/epicerie-lusitania.com\/#\/schema\/logo\/image\/","url":"https:\/\/epicerie-lusitania.com\/wp-content\/uploads\/2024\/04\/small.jpg","contentUrl":"https:\/\/epicerie-lusitania.com\/wp-content\/uploads\/2024\/04\/small.jpg","width":150,"height":150,"caption":"Epicerie Lusitania"},"image":{"@id":"https:\/\/epicerie-lusitania.com\/#\/schema\/logo\/image\/"}}]}},"brands":[{"id":42,"name":"Croft","slug":"croft"}],"_links":{"self":[{"href":"https:\/\/epicerie-lusitania.com\/pt\/wp-json\/wp\/v2\/product\/276","targetHints":{"allow":["GET"]}}],"collection":[{"href":"https:\/\/epicerie-lusitania.com\/pt\/wp-json\/wp\/v2\/product"}],"about":[{"href":"https:\/\/epicerie-lusitania.com\/pt\/wp-json\/wp\/v2\/types\/product"}],"replies":[{"embeddable":true,"href":"https:\/\/epicerie-lusitania.com\/pt\/wp-json\/wp\/v2\/comments?post=276"}],"wp:featuredmedia":[{"embeddable":true,"href":"https:\/\/epicerie-lusitania.com\/pt\/wp-json\/wp\/v2\/media\/278"}],"wp:attachment":[{"href":"https:\/\/epicerie-lusitania.com\/pt\/wp-json\/wp\/v2\/media?parent=276"}],"wp:term":[{"taxonomy":"pwb-brand","embeddable":true,"href":"https:\/\/epicerie-lusitania.com\/pt\/wp-json\/wp\/v2\/pwb-brand?post=276"},{"taxonomy":"product_brand","embeddable":true,"href":"https:\/\/epicerie-lusitania.com\/pt\/wp-json\/wp\/v2\/product_brand?post=276"},{"taxonomy":"product_cat","embeddable":true,"href":"https:\/\/epicerie-lusitania.com\/pt\/wp-json\/wp\/v2\/product_cat?post=276"},{"taxonomy":"product_tag","embeddable":true,"href":"https:\/\/epicerie-lusitania.com\/pt\/wp-json\/wp\/v2\/product_tag?post=276"}],"curies":[{"name":"wp","href":"https:\/\/api.w.org\/{rel}","templated":true}]}}