{"id":279,"date":"2024-05-26T11:31:29","date_gmt":"2024-05-26T09:31:29","guid":{"rendered":"https:\/\/epicerie-lusitania.com\/?post_type=product&#038;p=279"},"modified":"2024-05-26T11:41:22","modified_gmt":"2024-05-26T09:41:22","slug":"cadao-rose","status":"publish","type":"product","link":"https:\/\/epicerie-lusitania.com\/pt\/produto\/cadao-rose\/","title":{"rendered":"CADAO ROSE"},"content":{"rendered":"<div id=\"ProductSheetAccordion-content-0\" class=\"c-accordion-v2__panel u-p-lg js-accordion__panel\" aria-labelledby=\"ProductSheetAccordion-header-0\">\n<div id=\"MarketingLongDescription\"><strong>CADAO ROSE<\/strong><\/div>\n<div><\/div>\n<\/div>\n<div>75 cl<\/div>\n<div><\/div>\n<div>Robe cerise, fruit\u00e9e, rappelant les fraises et les m\u00fbres, jeune vive et fra\u00eeche et tr\u00e8s \u00e9l\u00e9gante, douce en bouche avec un bon volume et une bonne acidit\u00e9. Doux, d\u00e9licat et rafra\u00eechissant.<\/div>\n<div class=\"product-description__feature-wrapper\">\n<div class=\"product-description__feature--single\">\n<div class=\"product-description__feature-values\"><strong><span class=\"product-description__feature-value\">Contient des SULFITES<\/span><\/strong><\/div>\n<\/div>\n<\/div>\n<div class=\"product-description__feature-wrapper\">\n<div class=\"product-description__feature--single\">\n<div class=\"product-description__feature-values\"><strong><span class=\"product-description__feature-value\">Le produit est d\u00e9conseill\u00e9 aux femmes enceintes<\/span><\/strong><\/div>\n<div><\/div>\n<\/div>\n<\/div>\n<div class=\"product-description__feature-wrapper\">\n<div class=\"product-description__feature--single\">\n<h5 class=\"product-description__feature-title\">Pourcentage d&rsquo;alcool par volume : 13 %<\/h5>\n<\/div>\n<\/div>","protected":false},"excerpt":{"rendered":"<div id=\"ProductSheetAccordion-content-0\" class=\"c-accordion-v2__panel u-p-lg js-accordion__panel\" aria-labelledby=\"ProductSheetAccordion-header-0\">\n<div id=\"MarketingLongDescription\">\n<div id=\"ProductSheetAccordion-content-0\" class=\"c-accordion-v2__panel u-p-lg js-accordion__panel\" aria-labelledby=\"ProductSheetAccordion-header-0\">\n<div id=\"MarketingLongDescription\">\n<div id=\"ProductSheetAccordion-content-0\" class=\"c-accordion-v2__panel u-p-lg js-accordion__panel\" aria-labelledby=\"ProductSheetAccordion-header-0\">\n<div id=\"MarketingLongDescription\">\n<div id=\"ProductSheetAccordion-content-0\" class=\"c-accordion-v2__panel u-p-lg js-accordion__panel\" aria-labelledby=\"ProductSheetAccordion-header-0\">\n<div id=\"MarketingLongDescription\">\n<div id=\"ProductSheetAccordion-content-0\" class=\"c-accordion-v2__panel u-p-lg js-accordion__panel\" aria-labelledby=\"ProductSheetAccordion-header-0\">\n<div id=\"ProductSheetAccordion-content-0\" class=\"c-accordion-v2__panel u-p-lg js-accordion__panel\" aria-labelledby=\"ProductSheetAccordion-header-0\">\n<div id=\"MarketingLongDescription\"><strong>CADAO ROSE<\/strong><\/div>\n<\/div>\n<div><\/div>\n<div>75 cl<\/div>\n<div class=\"product-description__feature-wrapper\">\n<div class=\"product-description__feature-group-wrapper\">\n<p class=\"product_title entry-title\">\n<\/div>\n<\/div>\n<\/div>\n<\/div>\n<\/div>\n<div class=\"product-description__feature-wrapper\">\n<div class=\"product-description__feature-group-wrapper\">\n<p class=\"product_title entry-title\">\n<\/div>\n<\/div>\n<\/div>\n<\/div>\n<div class=\"product-description__feature-wrapper\">\n<div class=\"product-description__feature-group-wrapper\">\n<p>&nbsp;<\/p>\n<\/div>\n<\/div>\n<\/div>\n<\/div>\n<\/div>\n<\/div>\n<div class=\"product-description__feature-wrapper\">\n<div class=\"product-description__feature-group-wrapper\"><\/div>\n<\/div>","protected":false},"featured_media":280,"comment_status":"open","ping_status":"closed","template":"","meta":[],"pwb-brand":[44],"product_brand":[],"product_cat":[26],"product_tag":[45],"class_list":{"0":"post-279","1":"product","2":"type-product","3":"status-publish","4":"has-post-thumbnail","6":"pwb-brand-cadao","7":"product_cat-boissons-alcoolisees","8":"product_tag-cadao","10":"first","11":"instock","12":"shipping-taxable","13":"purchasable","14":"product-type-simple"},"yoast_head":"<!-- This site is optimized with the Yoast SEO plugin v26.2 - https:\/\/yoast.com\/wordpress\/plugins\/seo\/ -->\n<title>CADAO ROSE - Epicerie Lusitania<\/title>\n<meta name=\"description\" content=\"CADAO ROSE - 75 cl - Robe cerise, fruit\u00e9e, rappelant les fraises et les m\u00fbres, jeune vive et fra\u00eeche et tr\u00e8s \u00e9l\u00e9gante\" \/>\n<meta name=\"robots\" content=\"index, follow, max-snippet:-1, max-image-preview:large, max-video-preview:-1\" \/>\n<link rel=\"canonical\" href=\"https:\/\/epicerie-lusitania.com\/pt\/produto\/cadao-rose\/\" \/>\n<meta property=\"og:locale\" content=\"pt_PT\" \/>\n<meta property=\"og:type\" content=\"article\" \/>\n<meta property=\"og:title\" content=\"CADAO ROSE - Epicerie Lusitania\" \/>\n<meta property=\"og:description\" content=\"CADAO ROSE - 75 cl - Robe cerise, fruit\u00e9e, rappelant les fraises et les m\u00fbres, jeune vive et fra\u00eeche et tr\u00e8s \u00e9l\u00e9gante\" \/>\n<meta property=\"og:url\" content=\"https:\/\/epicerie-lusitania.com\/pt\/produto\/cadao-rose\/\" \/>\n<meta property=\"og:site_name\" content=\"Epicerie Lusitania\" \/>\n<meta property=\"article:modified_time\" content=\"2024-05-26T09:41:22+00:00\" \/>\n<meta property=\"og:image\" content=\"https:\/\/epicerie-lusitania.com\/wp-content\/uploads\/2024\/05\/CADAO-ROSE.jpg\" \/>\n\t<meta property=\"og:image:width\" content=\"600\" \/>\n\t<meta property=\"og:image:height\" content=\"574\" \/>\n\t<meta property=\"og:image:type\" content=\"image\/jpeg\" \/>\n<meta name=\"twitter:card\" content=\"summary_large_image\" \/>\n<meta name=\"twitter:label1\" content=\"Tempo estimado de leitura\" \/>\n\t<meta name=\"twitter:data1\" content=\"1 minuto\" \/>\n<script type=\"application\/ld+json\" class=\"yoast-schema-graph\">{\"@context\":\"https:\/\/schema.org\",\"@graph\":[{\"@type\":\"WebPage\",\"@id\":\"https:\/\/epicerie-lusitania.com\/produit\/cadao-rose\/\",\"url\":\"https:\/\/epicerie-lusitania.com\/produit\/cadao-rose\/\",\"name\":\"CADAO ROSE - Epicerie Lusitania\",\"isPartOf\":{\"@id\":\"https:\/\/epicerie-lusitania.com\/#website\"},\"primaryImageOfPage\":{\"@id\":\"https:\/\/epicerie-lusitania.com\/produit\/cadao-rose\/#primaryimage\"},\"image\":{\"@id\":\"https:\/\/epicerie-lusitania.com\/produit\/cadao-rose\/#primaryimage\"},\"thumbnailUrl\":\"https:\/\/epicerie-lusitania.com\/wp-content\/uploads\/2024\/05\/CADAO-ROSE.jpg\",\"datePublished\":\"2024-05-26T09:31:29+00:00\",\"dateModified\":\"2024-05-26T09:41:22+00:00\",\"description\":\"CADAO ROSE - 75 cl - Robe cerise, fruit\u00e9e, rappelant les fraises et les m\u00fbres, jeune vive et fra\u00eeche et tr\u00e8s \u00e9l\u00e9gante\",\"breadcrumb\":{\"@id\":\"https:\/\/epicerie-lusitania.com\/produit\/cadao-rose\/#breadcrumb\"},\"inLanguage\":\"pt-PT\",\"potentialAction\":[{\"@type\":\"ReadAction\",\"target\":[\"https:\/\/epicerie-lusitania.com\/produit\/cadao-rose\/\"]}]},{\"@type\":\"ImageObject\",\"inLanguage\":\"pt-PT\",\"@id\":\"https:\/\/epicerie-lusitania.com\/produit\/cadao-rose\/#primaryimage\",\"url\":\"https:\/\/epicerie-lusitania.com\/wp-content\/uploads\/2024\/05\/CADAO-ROSE.jpg\",\"contentUrl\":\"https:\/\/epicerie-lusitania.com\/wp-content\/uploads\/2024\/05\/CADAO-ROSE.jpg\",\"width\":600,\"height\":574},{\"@type\":\"BreadcrumbList\",\"@id\":\"https:\/\/epicerie-lusitania.com\/produit\/cadao-rose\/#breadcrumb\",\"itemListElement\":[{\"@type\":\"ListItem\",\"position\":1,\"name\":\"Accueil\",\"item\":\"https:\/\/epicerie-lusitania.com\/\"},{\"@type\":\"ListItem\",\"position\":2,\"name\":\"Boutique\",\"item\":\"https:\/\/epicerie-lusitania.com\/boutique\/\"},{\"@type\":\"ListItem\",\"position\":3,\"name\":\"CADAO ROSE\"}]},{\"@type\":\"WebSite\",\"@id\":\"https:\/\/epicerie-lusitania.com\/#website\",\"url\":\"https:\/\/epicerie-lusitania.com\/\",\"name\":\"Epicerie Lusitania\",\"description\":\"Le Portugal pr\u00e8s de chez vous\",\"publisher\":{\"@id\":\"https:\/\/epicerie-lusitania.com\/#organization\"},\"alternateName\":\"Votre Epicerie Portugaise \u00e0 Rochefort Sur Mer\",\"potentialAction\":[{\"@type\":\"SearchAction\",\"target\":{\"@type\":\"EntryPoint\",\"urlTemplate\":\"https:\/\/epicerie-lusitania.com\/?s={search_term_string}\"},\"query-input\":{\"@type\":\"PropertyValueSpecification\",\"valueRequired\":true,\"valueName\":\"search_term_string\"}}],\"inLanguage\":\"pt-PT\"},{\"@type\":\"Organization\",\"@id\":\"https:\/\/epicerie-lusitania.com\/#organization\",\"name\":\"Epicerie Lusitania\",\"url\":\"https:\/\/epicerie-lusitania.com\/\",\"logo\":{\"@type\":\"ImageObject\",\"inLanguage\":\"pt-PT\",\"@id\":\"https:\/\/epicerie-lusitania.com\/#\/schema\/logo\/image\/\",\"url\":\"https:\/\/epicerie-lusitania.com\/wp-content\/uploads\/2024\/04\/small.jpg\",\"contentUrl\":\"https:\/\/epicerie-lusitania.com\/wp-content\/uploads\/2024\/04\/small.jpg\",\"width\":150,\"height\":150,\"caption\":\"Epicerie Lusitania\"},\"image\":{\"@id\":\"https:\/\/epicerie-lusitania.com\/#\/schema\/logo\/image\/\"}}]}<\/script>\n<!-- \/ Yoast SEO plugin. -->","yoast_head_json":{"title":"CADAO ROSE - Epicerie Lusitania","description":"CADAO ROSE - 75 cl - Robe cerise, fruit\u00e9e, rappelant les fraises et les m\u00fbres, jeune vive et fra\u00eeche et tr\u00e8s \u00e9l\u00e9gante","robots":{"index":"index","follow":"follow","max-snippet":"max-snippet:-1","max-image-preview":"max-image-preview:large","max-video-preview":"max-video-preview:-1"},"canonical":"https:\/\/epicerie-lusitania.com\/pt\/produto\/cadao-rose\/","og_locale":"pt_PT","og_type":"article","og_title":"CADAO ROSE - Epicerie Lusitania","og_description":"CADAO ROSE - 75 cl - Robe cerise, fruit\u00e9e, rappelant les fraises et les m\u00fbres, jeune vive et fra\u00eeche et tr\u00e8s \u00e9l\u00e9gante","og_url":"https:\/\/epicerie-lusitania.com\/pt\/produto\/cadao-rose\/","og_site_name":"Epicerie Lusitania","article_modified_time":"2024-05-26T09:41:22+00:00","og_image":[{"width":600,"height":574,"url":"https:\/\/epicerie-lusitania.com\/wp-content\/uploads\/2024\/05\/CADAO-ROSE.jpg","type":"image\/jpeg"}],"twitter_card":"summary_large_image","twitter_misc":{"Tempo estimado de leitura":"1 minuto"},"schema":{"@context":"https:\/\/schema.org","@graph":[{"@type":"WebPage","@id":"https:\/\/epicerie-lusitania.com\/produit\/cadao-rose\/","url":"https:\/\/epicerie-lusitania.com\/produit\/cadao-rose\/","name":"CADAO ROSE - Epicerie Lusitania","isPartOf":{"@id":"https:\/\/epicerie-lusitania.com\/#website"},"primaryImageOfPage":{"@id":"https:\/\/epicerie-lusitania.com\/produit\/cadao-rose\/#primaryimage"},"image":{"@id":"https:\/\/epicerie-lusitania.com\/produit\/cadao-rose\/#primaryimage"},"thumbnailUrl":"https:\/\/epicerie-lusitania.com\/wp-content\/uploads\/2024\/05\/CADAO-ROSE.jpg","datePublished":"2024-05-26T09:31:29+00:00","dateModified":"2024-05-26T09:41:22+00:00","description":"CADAO ROSE - 75 cl - Robe cerise, fruit\u00e9e, rappelant les fraises et les m\u00fbres, jeune vive et fra\u00eeche et tr\u00e8s \u00e9l\u00e9gante","breadcrumb":{"@id":"https:\/\/epicerie-lusitania.com\/produit\/cadao-rose\/#breadcrumb"},"inLanguage":"pt-PT","potentialAction":[{"@type":"ReadAction","target":["https:\/\/epicerie-lusitania.com\/produit\/cadao-rose\/"]}]},{"@type":"ImageObject","inLanguage":"pt-PT","@id":"https:\/\/epicerie-lusitania.com\/produit\/cadao-rose\/#primaryimage","url":"https:\/\/epicerie-lusitania.com\/wp-content\/uploads\/2024\/05\/CADAO-ROSE.jpg","contentUrl":"https:\/\/epicerie-lusitania.com\/wp-content\/uploads\/2024\/05\/CADAO-ROSE.jpg","width":600,"height":574},{"@type":"BreadcrumbList","@id":"https:\/\/epicerie-lusitania.com\/produit\/cadao-rose\/#breadcrumb","itemListElement":[{"@type":"ListItem","position":1,"name":"Accueil","item":"https:\/\/epicerie-lusitania.com\/"},{"@type":"ListItem","position":2,"name":"Boutique","item":"https:\/\/epicerie-lusitania.com\/boutique\/"},{"@type":"ListItem","position":3,"name":"CADAO ROSE"}]},{"@type":"WebSite","@id":"https:\/\/epicerie-lusitania.com\/#website","url":"https:\/\/epicerie-lusitania.com\/","name":"Epicerie Lusitania","description":"Le Portugal pr\u00e8s de chez vous","publisher":{"@id":"https:\/\/epicerie-lusitania.com\/#organization"},"alternateName":"Votre Epicerie Portugaise \u00e0 Rochefort Sur Mer","potentialAction":[{"@type":"SearchAction","target":{"@type":"EntryPoint","urlTemplate":"https:\/\/epicerie-lusitania.com\/?s={search_term_string}"},"query-input":{"@type":"PropertyValueSpecification","valueRequired":true,"valueName":"search_term_string"}}],"inLanguage":"pt-PT"},{"@type":"Organization","@id":"https:\/\/epicerie-lusitania.com\/#organization","name":"Epicerie Lusitania","url":"https:\/\/epicerie-lusitania.com\/","logo":{"@type":"ImageObject","inLanguage":"pt-PT","@id":"https:\/\/epicerie-lusitania.com\/#\/schema\/logo\/image\/","url":"https:\/\/epicerie-lusitania.com\/wp-content\/uploads\/2024\/04\/small.jpg","contentUrl":"https:\/\/epicerie-lusitania.com\/wp-content\/uploads\/2024\/04\/small.jpg","width":150,"height":150,"caption":"Epicerie Lusitania"},"image":{"@id":"https:\/\/epicerie-lusitania.com\/#\/schema\/logo\/image\/"}}]}},"brands":[{"id":44,"name":"Cad\u00e3o","slug":"cadao"}],"_links":{"self":[{"href":"https:\/\/epicerie-lusitania.com\/pt\/wp-json\/wp\/v2\/product\/279","targetHints":{"allow":["GET"]}}],"collection":[{"href":"https:\/\/epicerie-lusitania.com\/pt\/wp-json\/wp\/v2\/product"}],"about":[{"href":"https:\/\/epicerie-lusitania.com\/pt\/wp-json\/wp\/v2\/types\/product"}],"replies":[{"embeddable":true,"href":"https:\/\/epicerie-lusitania.com\/pt\/wp-json\/wp\/v2\/comments?post=279"}],"wp:featuredmedia":[{"embeddable":true,"href":"https:\/\/epicerie-lusitania.com\/pt\/wp-json\/wp\/v2\/media\/280"}],"wp:attachment":[{"href":"https:\/\/epicerie-lusitania.com\/pt\/wp-json\/wp\/v2\/media?parent=279"}],"wp:term":[{"taxonomy":"pwb-brand","embeddable":true,"href":"https:\/\/epicerie-lusitania.com\/pt\/wp-json\/wp\/v2\/pwb-brand?post=279"},{"taxonomy":"product_brand","embeddable":true,"href":"https:\/\/epicerie-lusitania.com\/pt\/wp-json\/wp\/v2\/product_brand?post=279"},{"taxonomy":"product_cat","embeddable":true,"href":"https:\/\/epicerie-lusitania.com\/pt\/wp-json\/wp\/v2\/product_cat?post=279"},{"taxonomy":"product_tag","embeddable":true,"href":"https:\/\/epicerie-lusitania.com\/pt\/wp-json\/wp\/v2\/product_tag?post=279"}],"curies":[{"name":"wp","href":"https:\/\/api.w.org\/{rel}","templated":true}]}}