{"id":382,"date":"2026-02-18T18:31:00","date_gmt":"2026-02-18T17:31:00","guid":{"rendered":"https:\/\/epicerie-lusitania.com\/?post_type=product&#038;p=382"},"modified":"2026-02-19T17:51:05","modified_gmt":"2026-02-19T16:51:05","slug":"huile-dolive-2","status":"publish","type":"product","link":"https:\/\/epicerie-lusitania.com\/pt\/produto\/huile-dolive-2\/","title":{"rendered":"Huile d&rsquo;olive"},"content":{"rendered":"<p>Huile d&rsquo;olive<\/p>\n<p>Subtil<\/p>\n<p>750 Ml<\/p>\n<p>Produit au Portugal<\/p>\n<div class=\"NhL60d PZPZlf\" data-attrid=\"product_description\">\n<div class=\"kI47Lc V1YKV\" tabindex=\"0\" role=\"button\" data-ved=\"0CFsQ6acHahcKEwjgxKPy_uWSAxUAAAAAHQAAAAAQBQ\" aria-labelledby=\"description_container\" aria-expanded=\"true\">\n<div id=\"yKDmZd\" class=\"\">Cette huile d&rsquo;olive a un go\u00fbt extra doux, l\u00e9g\u00e8rement sucr\u00e9, avec une pr\u00e9sence presque imperceptible de notes am\u00e8res et \u00e9pic\u00e9es. Elle est adapt\u00e9e \u00e0 un usage culinaire et peut remplacer d&rsquo;autres graisses. Remplacer les graisses satur\u00e9es par des graisses insatur\u00e9es dans votre alimentation aide \u00e0 maintenir un taux de cholest\u00e9rol normal dans le sang.<\/div>\n<div class=\"rsx6fc\" data-ved=\"0CF0Q66cHahcKEwjgxKPy_uWSAxUAAAAAHQAAAAAQBQ\" aria-hidden=\"true\">\n<div class=\"zOwEef\"><\/div>\n<div class=\"SJQ6Xb\"><\/div>\n<\/div>\n<\/div>\n<\/div>\n<div class=\"NhL60d\">\n<div data-ved=\"0CF4QpdkKahcKEwjgxKPy_uWSAxUAAAAAHQAAAAAQBQ\">\n<div>\n<div>\n<div class=\"eTfAUc\">\n<div role=\"grid\" aria-rowcount=\"2\" aria-label=\"\u00c0 propos de ce produit\">\n<div class=\"YU1Fsb PZPZlf\" role=\"row\" data-attrid=\"product_attributes_facet\">\n<div class=\"TCzUld wHYlTd\" tabindex=\"-1\" role=\"gridcell\">valeur \u00e9nerg\u00e9tique (kJ)<\/div>\n<div class=\"uAwmIf wHYlTd\" role=\"gridcell\">\n<div class=\"v2zPEf\">3367 kJ \/ 100 mL<\/div>\n<\/div>\n<\/div>\n<div class=\"YU1Fsb PZPZlf\" role=\"row\" data-attrid=\"product_attributes_facet\">\n<div class=\"TCzUld wHYlTd\" tabindex=\"-1\" role=\"gridcell\">valeur \u00e9nerg\u00e9tique (kcal)<\/div>\n<div class=\"uAwmIf wHYlTd\" role=\"gridcell\">\n<div class=\"v2zPEf\">819 kcal \/ 100 mL<\/div>\n<\/div>\n<\/div>\n<\/div>\n<\/div>\n<\/div>\n<\/div>\n<\/div>\n<\/div>\n<p>&nbsp;<\/p>","protected":false},"excerpt":{"rendered":"<p>Huile d&rsquo;olive Subtil 750 Ml Produit au Portugal Cette huile d&rsquo;olive a un go\u00fbt extra doux, l\u00e9g\u00e8rement sucr\u00e9, avec une pr\u00e9sence presque imperceptible de notes am\u00e8res et \u00e9pic\u00e9es. Elle est &hellip; <\/p>","protected":false},"featured_media":391,"comment_status":"open","ping_status":"closed","template":"","meta":[],"pwb-brand":[],"product_brand":[59],"product_cat":[28],"product_tag":[],"class_list":{"0":"post-382","1":"product","2":"type-product","3":"status-publish","4":"has-post-thumbnail","6":"product_brand-gallo","7":"product_cat-epicerie-salee","9":"first","10":"instock","11":"shipping-taxable","12":"purchasable","13":"product-type-simple"},"yoast_head":"<!-- This site is optimized with the Yoast SEO plugin v26.2 - https:\/\/yoast.com\/wordpress\/plugins\/seo\/ -->\n<title>Huile d&#039;olive - Epicerie Lusitania<\/title>\n<meta name=\"robots\" content=\"index, follow, max-snippet:-1, max-image-preview:large, max-video-preview:-1\" \/>\n<link rel=\"canonical\" href=\"https:\/\/epicerie-lusitania.com\/pt\/produto\/huile-dolive-2\/\" \/>\n<meta property=\"og:locale\" content=\"pt_PT\" \/>\n<meta property=\"og:type\" content=\"article\" \/>\n<meta property=\"og:title\" content=\"Huile d&#039;olive - Epicerie Lusitania\" \/>\n<meta property=\"og:description\" content=\"Huile d&rsquo;olive Subtil 750 Ml Produit au Portugal Cette huile d&rsquo;olive a un go\u00fbt extra doux, l\u00e9g\u00e8rement sucr\u00e9, avec une pr\u00e9sence presque imperceptible de notes am\u00e8res et \u00e9pic\u00e9es. Elle est &hellip;\" \/>\n<meta property=\"og:url\" content=\"https:\/\/epicerie-lusitania.com\/pt\/produto\/huile-dolive-2\/\" \/>\n<meta property=\"og:site_name\" content=\"Epicerie Lusitania\" \/>\n<meta property=\"article:modified_time\" content=\"2026-02-19T16:51:05+00:00\" \/>\n<meta property=\"og:image\" content=\"https:\/\/epicerie-lusitania.com\/wp-content\/uploads\/2026\/02\/GALLO-SUBTIL.jpeg\" \/>\n\t<meta property=\"og:image:width\" content=\"225\" \/>\n\t<meta property=\"og:image:height\" content=\"225\" \/>\n\t<meta property=\"og:image:type\" content=\"image\/jpeg\" \/>\n<meta name=\"twitter:card\" content=\"summary_large_image\" \/>\n<meta name=\"twitter:label1\" content=\"Tempo estimado de leitura\" \/>\n\t<meta name=\"twitter:data1\" content=\"1 minuto\" \/>\n<script type=\"application\/ld+json\" class=\"yoast-schema-graph\">{\"@context\":\"https:\/\/schema.org\",\"@graph\":[{\"@type\":\"WebPage\",\"@id\":\"https:\/\/epicerie-lusitania.com\/produit\/huile-dolive-2\/\",\"url\":\"https:\/\/epicerie-lusitania.com\/produit\/huile-dolive-2\/\",\"name\":\"Huile d'olive - Epicerie Lusitania\",\"isPartOf\":{\"@id\":\"https:\/\/epicerie-lusitania.com\/#website\"},\"primaryImageOfPage\":{\"@id\":\"https:\/\/epicerie-lusitania.com\/produit\/huile-dolive-2\/#primaryimage\"},\"image\":{\"@id\":\"https:\/\/epicerie-lusitania.com\/produit\/huile-dolive-2\/#primaryimage\"},\"thumbnailUrl\":\"https:\/\/epicerie-lusitania.com\/wp-content\/uploads\/2026\/02\/GALLO-SUBTIL.jpeg\",\"datePublished\":\"2026-02-18T17:31:00+00:00\",\"dateModified\":\"2026-02-19T16:51:05+00:00\",\"breadcrumb\":{\"@id\":\"https:\/\/epicerie-lusitania.com\/produit\/huile-dolive-2\/#breadcrumb\"},\"inLanguage\":\"pt-PT\",\"potentialAction\":[{\"@type\":\"ReadAction\",\"target\":[\"https:\/\/epicerie-lusitania.com\/produit\/huile-dolive-2\/\"]}]},{\"@type\":\"ImageObject\",\"inLanguage\":\"pt-PT\",\"@id\":\"https:\/\/epicerie-lusitania.com\/produit\/huile-dolive-2\/#primaryimage\",\"url\":\"https:\/\/epicerie-lusitania.com\/wp-content\/uploads\/2026\/02\/GALLO-SUBTIL.jpeg\",\"contentUrl\":\"https:\/\/epicerie-lusitania.com\/wp-content\/uploads\/2026\/02\/GALLO-SUBTIL.jpeg\",\"width\":225,\"height\":225},{\"@type\":\"BreadcrumbList\",\"@id\":\"https:\/\/epicerie-lusitania.com\/produit\/huile-dolive-2\/#breadcrumb\",\"itemListElement\":[{\"@type\":\"ListItem\",\"position\":1,\"name\":\"Accueil\",\"item\":\"https:\/\/epicerie-lusitania.com\/\"},{\"@type\":\"ListItem\",\"position\":2,\"name\":\"Boutique\",\"item\":\"https:\/\/epicerie-lusitania.com\/boutique\/\"},{\"@type\":\"ListItem\",\"position\":3,\"name\":\"Huile d&rsquo;olive\"}]},{\"@type\":\"WebSite\",\"@id\":\"https:\/\/epicerie-lusitania.com\/#website\",\"url\":\"https:\/\/epicerie-lusitania.com\/\",\"name\":\"Epicerie Lusitania\",\"description\":\"Le Portugal pr\u00e8s de chez vous\",\"publisher\":{\"@id\":\"https:\/\/epicerie-lusitania.com\/#organization\"},\"alternateName\":\"Votre Epicerie Portugaise \u00e0 Rochefort Sur Mer\",\"potentialAction\":[{\"@type\":\"SearchAction\",\"target\":{\"@type\":\"EntryPoint\",\"urlTemplate\":\"https:\/\/epicerie-lusitania.com\/?s={search_term_string}\"},\"query-input\":{\"@type\":\"PropertyValueSpecification\",\"valueRequired\":true,\"valueName\":\"search_term_string\"}}],\"inLanguage\":\"pt-PT\"},{\"@type\":\"Organization\",\"@id\":\"https:\/\/epicerie-lusitania.com\/#organization\",\"name\":\"Epicerie Lusitania\",\"url\":\"https:\/\/epicerie-lusitania.com\/\",\"logo\":{\"@type\":\"ImageObject\",\"inLanguage\":\"pt-PT\",\"@id\":\"https:\/\/epicerie-lusitania.com\/#\/schema\/logo\/image\/\",\"url\":\"https:\/\/epicerie-lusitania.com\/wp-content\/uploads\/2024\/04\/small.jpg\",\"contentUrl\":\"https:\/\/epicerie-lusitania.com\/wp-content\/uploads\/2024\/04\/small.jpg\",\"width\":150,\"height\":150,\"caption\":\"Epicerie Lusitania\"},\"image\":{\"@id\":\"https:\/\/epicerie-lusitania.com\/#\/schema\/logo\/image\/\"}}]}<\/script>\n<!-- \/ Yoast SEO plugin. -->","yoast_head_json":{"title":"Huile d'olive - Epicerie Lusitania","robots":{"index":"index","follow":"follow","max-snippet":"max-snippet:-1","max-image-preview":"max-image-preview:large","max-video-preview":"max-video-preview:-1"},"canonical":"https:\/\/epicerie-lusitania.com\/pt\/produto\/huile-dolive-2\/","og_locale":"pt_PT","og_type":"article","og_title":"Huile d'olive - Epicerie Lusitania","og_description":"Huile d&rsquo;olive Subtil 750 Ml Produit au Portugal Cette huile d&rsquo;olive a un go\u00fbt extra doux, l\u00e9g\u00e8rement sucr\u00e9, avec une pr\u00e9sence presque imperceptible de notes am\u00e8res et \u00e9pic\u00e9es. Elle est &hellip;","og_url":"https:\/\/epicerie-lusitania.com\/pt\/produto\/huile-dolive-2\/","og_site_name":"Epicerie Lusitania","article_modified_time":"2026-02-19T16:51:05+00:00","og_image":[{"width":225,"height":225,"url":"https:\/\/epicerie-lusitania.com\/wp-content\/uploads\/2026\/02\/GALLO-SUBTIL.jpeg","type":"image\/jpeg"}],"twitter_card":"summary_large_image","twitter_misc":{"Tempo estimado de leitura":"1 minuto"},"schema":{"@context":"https:\/\/schema.org","@graph":[{"@type":"WebPage","@id":"https:\/\/epicerie-lusitania.com\/produit\/huile-dolive-2\/","url":"https:\/\/epicerie-lusitania.com\/produit\/huile-dolive-2\/","name":"Huile d'olive - Epicerie Lusitania","isPartOf":{"@id":"https:\/\/epicerie-lusitania.com\/#website"},"primaryImageOfPage":{"@id":"https:\/\/epicerie-lusitania.com\/produit\/huile-dolive-2\/#primaryimage"},"image":{"@id":"https:\/\/epicerie-lusitania.com\/produit\/huile-dolive-2\/#primaryimage"},"thumbnailUrl":"https:\/\/epicerie-lusitania.com\/wp-content\/uploads\/2026\/02\/GALLO-SUBTIL.jpeg","datePublished":"2026-02-18T17:31:00+00:00","dateModified":"2026-02-19T16:51:05+00:00","breadcrumb":{"@id":"https:\/\/epicerie-lusitania.com\/produit\/huile-dolive-2\/#breadcrumb"},"inLanguage":"pt-PT","potentialAction":[{"@type":"ReadAction","target":["https:\/\/epicerie-lusitania.com\/produit\/huile-dolive-2\/"]}]},{"@type":"ImageObject","inLanguage":"pt-PT","@id":"https:\/\/epicerie-lusitania.com\/produit\/huile-dolive-2\/#primaryimage","url":"https:\/\/epicerie-lusitania.com\/wp-content\/uploads\/2026\/02\/GALLO-SUBTIL.jpeg","contentUrl":"https:\/\/epicerie-lusitania.com\/wp-content\/uploads\/2026\/02\/GALLO-SUBTIL.jpeg","width":225,"height":225},{"@type":"BreadcrumbList","@id":"https:\/\/epicerie-lusitania.com\/produit\/huile-dolive-2\/#breadcrumb","itemListElement":[{"@type":"ListItem","position":1,"name":"Accueil","item":"https:\/\/epicerie-lusitania.com\/"},{"@type":"ListItem","position":2,"name":"Boutique","item":"https:\/\/epicerie-lusitania.com\/boutique\/"},{"@type":"ListItem","position":3,"name":"Huile d&rsquo;olive"}]},{"@type":"WebSite","@id":"https:\/\/epicerie-lusitania.com\/#website","url":"https:\/\/epicerie-lusitania.com\/","name":"Epicerie Lusitania","description":"Le Portugal pr\u00e8s de chez vous","publisher":{"@id":"https:\/\/epicerie-lusitania.com\/#organization"},"alternateName":"Votre Epicerie Portugaise \u00e0 Rochefort Sur Mer","potentialAction":[{"@type":"SearchAction","target":{"@type":"EntryPoint","urlTemplate":"https:\/\/epicerie-lusitania.com\/?s={search_term_string}"},"query-input":{"@type":"PropertyValueSpecification","valueRequired":true,"valueName":"search_term_string"}}],"inLanguage":"pt-PT"},{"@type":"Organization","@id":"https:\/\/epicerie-lusitania.com\/#organization","name":"Epicerie Lusitania","url":"https:\/\/epicerie-lusitania.com\/","logo":{"@type":"ImageObject","inLanguage":"pt-PT","@id":"https:\/\/epicerie-lusitania.com\/#\/schema\/logo\/image\/","url":"https:\/\/epicerie-lusitania.com\/wp-content\/uploads\/2024\/04\/small.jpg","contentUrl":"https:\/\/epicerie-lusitania.com\/wp-content\/uploads\/2024\/04\/small.jpg","width":150,"height":150,"caption":"Epicerie Lusitania"},"image":{"@id":"https:\/\/epicerie-lusitania.com\/#\/schema\/logo\/image\/"}}]}},"brands":[],"_links":{"self":[{"href":"https:\/\/epicerie-lusitania.com\/pt\/wp-json\/wp\/v2\/product\/382","targetHints":{"allow":["GET"]}}],"collection":[{"href":"https:\/\/epicerie-lusitania.com\/pt\/wp-json\/wp\/v2\/product"}],"about":[{"href":"https:\/\/epicerie-lusitania.com\/pt\/wp-json\/wp\/v2\/types\/product"}],"replies":[{"embeddable":true,"href":"https:\/\/epicerie-lusitania.com\/pt\/wp-json\/wp\/v2\/comments?post=382"}],"wp:featuredmedia":[{"embeddable":true,"href":"https:\/\/epicerie-lusitania.com\/pt\/wp-json\/wp\/v2\/media\/391"}],"wp:attachment":[{"href":"https:\/\/epicerie-lusitania.com\/pt\/wp-json\/wp\/v2\/media?parent=382"}],"wp:term":[{"taxonomy":"pwb-brand","embeddable":true,"href":"https:\/\/epicerie-lusitania.com\/pt\/wp-json\/wp\/v2\/pwb-brand?post=382"},{"taxonomy":"product_brand","embeddable":true,"href":"https:\/\/epicerie-lusitania.com\/pt\/wp-json\/wp\/v2\/product_brand?post=382"},{"taxonomy":"product_cat","embeddable":true,"href":"https:\/\/epicerie-lusitania.com\/pt\/wp-json\/wp\/v2\/product_cat?post=382"},{"taxonomy":"product_tag","embeddable":true,"href":"https:\/\/epicerie-lusitania.com\/pt\/wp-json\/wp\/v2\/product_tag?post=382"}],"curies":[{"name":"wp","href":"https:\/\/api.w.org\/{rel}","templated":true}]}}