{"id":383,"date":"2026-02-18T18:35:10","date_gmt":"2026-02-18T17:35:10","guid":{"rendered":"https:\/\/epicerie-lusitania.com\/?post_type=product&#038;p=383"},"modified":"2026-02-19T18:42:26","modified_gmt":"2026-02-19T17:42:26","slug":"huile-dolive-3","status":"publish","type":"product","link":"https:\/\/epicerie-lusitania.com\/pt\/produto\/huile-dolive-3\/","title":{"rendered":"Huile d&rsquo;olive"},"content":{"rendered":"<p>Huile d&rsquo;olive<\/p>\n<p>750 Ml<\/p>\n<p>D\u00e9licat<\/p>\n<p>Produit au Portugal<\/p>\n<div id=\"page\" class=\"rey-siteWrapper\" data-rocket-location-hash=\"19bf9355dc57e59dcf59aae424760a15\">\n<div id=\"content\" class=\"rey-siteContent --tpl-default\" data-rocket-location-hash=\"c5a89a441ad59385f724a92a7ce76d09\">\n<div class=\"rey-siteContainer\">\n<div class=\"rey-siteRow\">\n<p>&nbsp;<\/p>\n<div id=\"product-5961\" class=\"rey-swatches rey-swatches--stretch-labels product type-product post-5961 status-publish first instock product_cat-azeite product_cat-mercearia has-post-thumbnail shipping-taxable purchasable product-type-simple rey-product pdp--default --acc-reviews\">\n<div class=\"rey-productSummary\">\n<div class=\"summary entry-summary\">\n<div class=\"rey-innerSummary\">\n<div class=\"rey-summaryAcc --layout-acc --has-reviews\">\n<div id=\"acctab-description\" class=\"rey-summaryAcc-item rey-summaryAcc-item--description\" role=\"tabpanel\" aria-labelledby=\"acctab-title-description\">\n<div class=\"__inner\" data-rocket-location-hash=\"dc1609a660a4e4bb501ead198acd4a35\">\n<div>\n<div class=\"vc_row wpb_row section vc_row-fluid vc_inner portfolio-left-border-e21a22 vc_custom_1618482154464\">\n<div class=\"full_section_inner clearfix\">\n<div class=\"wpb_column vc_column_container vc_col-sm-12\">\n<div class=\"vc_column-inner\">\n<div class=\"wpb_wrapper\">\n<div class=\"wpb_text_column wpb_content_element portfolio-page-box-left-description\">\n<div class=\"wpb_wrapper\">\n<p><span dir=\"auto\">Issue des racines m\u00e9diterran\u00e9ennes de la culture ol\u00e9icole, cette huile 100 % vierge offre de l\u00e9g\u00e8res notes fruit\u00e9es, rehauss\u00e9es d&rsquo;une subtile touche d&rsquo;amertume et d&rsquo;\u00e9pices. Adapt\u00e9e \u00e0 un usage culinaire, elle peut se substituer \u00e0 d&rsquo;autres mati\u00e8res grasses. Remplacer les graisses satur\u00e9es par des graisses insatur\u00e9es contribue au maintien d&rsquo;un taux de cholest\u00e9rol normal.<\/span><\/p>\n<\/div>\n<div class=\"wpb_wrapper\">\n<div class=\"full_section_inner clearfix\">\n<div class=\"wpb_column vc_column_container vc_col-sm-12\">\n<div class=\"vc_column-inner\">\n<div class=\"wpb_wrapper\">\n<div class=\"wpb_text_column wpb_content_element portfolio-page-box-left-description\">\n<p><strong><span dir=\"auto\">Informations nutritionnelles<\/span><\/strong><\/p>\n<div class=\"daily-value-intake-reference\">\n<p><span dir=\"auto\">Unit\u00e9 de mesure (portion) :<\/span><\/p>\n<p><span dir=\"auto\">Millilitres<\/span><\/p>\n<p><span dir=\"auto\">Portion :<\/span><\/p>\n<p class=\"info-item\"><span class=\"info-key\"><span dir=\"auto\">Dose de r\u00e9f\u00e9rence :\u00a0<\/span><\/span><span dir=\"auto\">\u00a02000 calories \/ 100 mL<\/span><\/p>\n<table width=\"354\">\n<tbody>\n<tr>\n<td width=\"182\"><span dir=\"auto\">Nutriments<\/span><\/td>\n<td width=\"99\"><span dir=\"auto\">Montant<\/span><\/td>\n<td width=\"100\"><span dir=\"auto\">Unit\u00e9<\/span><\/td>\n<\/tr>\n<tr>\n<td width=\"182\"><span dir=\"auto\">\u00c9nergie<\/span><\/td>\n<td width=\"99\"><span dir=\"auto\">3367.0<\/span><\/td>\n<td width=\"100\"><span dir=\"auto\">Kj<\/span><\/td>\n<\/tr>\n<tr>\n<td width=\"182\"><span dir=\"auto\">\u00c9nergie<\/span><\/td>\n<td width=\"99\"><span dir=\"auto\">819.0<\/span><\/td>\n<td width=\"100\"><span dir=\"auto\">kcal<\/span><\/td>\n<\/tr>\n<tr>\n<td width=\"182\"><span dir=\"auto\">Lipides<\/span><\/td>\n<td width=\"99\"><span dir=\"auto\">91,0<\/span><\/td>\n<td width=\"100\"><span dir=\"auto\">g<\/span><\/td>\n<\/tr>\n<tr>\n<td width=\"182\"><span dir=\"auto\">Lipides satur\u00e9s<\/span><\/td>\n<td width=\"99\"><span dir=\"auto\">15.0<\/span><\/td>\n<td width=\"100\"><span dir=\"auto\">g<\/span><\/td>\n<\/tr>\n<tr>\n<td width=\"182\"><span dir=\"auto\">lipides &gt; mono-insatur\u00e9s<\/span><\/td>\n<td width=\"99\"><span dir=\"auto\">68.0<\/span><\/td>\n<td width=\"100\"><span dir=\"auto\">g<\/span><\/td>\n<\/tr>\n<tr>\n<td width=\"182\"><span dir=\"auto\">lipides polyinsatur\u00e9s<\/span><\/td>\n<td width=\"99\"><span dir=\"auto\">7.9<\/span><\/td>\n<td width=\"100\"><span dir=\"auto\">g<\/span><\/td>\n<\/tr>\n<tr>\n<td width=\"182\"><span dir=\"auto\">Glucides<\/span><\/td>\n<td width=\"99\"><span dir=\"auto\">0,0<\/span><\/td>\n<td width=\"100\"><span dir=\"auto\">g<\/span><\/td>\n<\/tr>\n<tr>\n<td width=\"182\"><span dir=\"auto\">Glucides &gt; sucres<\/span><\/td>\n<td width=\"99\"><span dir=\"auto\">0,0<\/span><\/td>\n<td width=\"100\"><span dir=\"auto\">g<\/span><\/td>\n<\/tr>\n<tr>\n<td width=\"182\"><span dir=\"auto\">Prot\u00e9ines<\/span><\/td>\n<td width=\"99\"><span dir=\"auto\">0,0<\/span><\/td>\n<td width=\"100\"><span dir=\"auto\">g<\/span><\/td>\n<\/tr>\n<tr>\n<td width=\"182\"><span dir=\"auto\">Sel<\/span><\/td>\n<td width=\"99\"><span dir=\"auto\">0,0<\/span><\/td>\n<td width=\"100\"><span dir=\"auto\">g<\/span><\/td>\n<\/tr>\n<\/tbody>\n<\/table>\n<\/div>\n<p><strong><span dir=\"auto\">Conditions de stockage<\/span><\/strong><\/p>\n<\/div>\n<\/div>\n<\/div>\n<\/div>\n<\/div>\n<\/div>\n<\/div>\n<\/div>\n<\/div>\n<\/div>\n<\/div>\n<\/div>\n<\/div>\n<p class=\"mb-20\"><span dir=\"auto\">Conserver \u00e0 l&rsquo;abri de la lumi\u00e8re et de la chaleur<\/span><\/p>\n<p>&nbsp;<\/p>\n<\/div>\n<\/div>\n<\/div>\n<div class=\"rey-productShare\" data-lazy-hidden=\"\">\n<div class=\"rey-productShare-inner\">\n<p>&nbsp;<\/p>\n<p>&nbsp;<\/p>\n<\/div>\n<\/div>\n<\/div>\n<\/div>\n<\/div>\n<div class=\"__placeholder-wrapper up-sells upsells products\">\n<div class=\"__placeholders-blockTitle\"><\/div>\n<div class=\"__placeholders\">\n<div class=\"__placeholder-item\">\n<div class=\"__placeholder-thumb\"><\/div>\n<div class=\"__placeholder-title\"><\/div>\n<div class=\"__placeholder-subtitle\"><\/div>\n<\/div>\n<div class=\"__placeholder-item\">\n<div class=\"__placeholder-thumb\"><\/div>\n<div class=\"__placeholder-title\"><\/div>\n<div class=\"__placeholder-subtitle\"><\/div>\n<\/div>\n<div class=\"__placeholder-item\">\n<div class=\"__placeholder-thumb\"><\/div>\n<div class=\"__placeholder-title\"><\/div>\n<div class=\"__placeholder-subtitle\"><\/div>\n<\/div>\n<div class=\"__placeholder-item\">\n<div class=\"__placeholder-thumb\"><\/div>\n<div class=\"__placeholder-title\"><\/div>\n<div class=\"__placeholder-subtitle\"><\/div>\n<\/div>\n<\/div>\n<\/div>\n<div class=\"__placeholder-wrapper related products\">\n<div class=\"__placeholders-blockTitle\"><\/div>\n<div class=\"__placeholders\">\n<div class=\"__placeholder-item\">\n<div class=\"__placeholder-thumb\"><\/div>\n<div class=\"__placeholder-title\"><\/div>\n<div class=\"__placeholder-subtitle\"><\/div>\n<\/div>\n<div class=\"__placeholder-item\">\n<div class=\"__placeholder-thumb\"><\/div>\n<div class=\"__placeholder-title\"><\/div>\n<div class=\"__placeholder-subtitle\"><\/div>\n<\/div>\n<div class=\"__placeholder-item\">\n<div class=\"__placeholder-thumb\"><\/div>\n<div class=\"__placeholder-title\"><\/div>\n<div class=\"__placeholder-subtitle\"><\/div>\n<\/div>\n<div class=\"__placeholder-item\">\n<div class=\"__placeholder-thumb\"><\/div>\n<div class=\"__placeholder-title\"><\/div>\n<div class=\"__placeholder-subtitle\"><\/div>\n<\/div>\n<\/div>\n<\/div>\n<\/div>\n<p>&nbsp;<\/p>\n<\/div>\n<\/div>\n<\/div>\n<footer class=\"rey-siteFooter rey-siteFooter--custom\">\n<div class=\"elementor elementor-267\" data-rocket-location-hash=\"2fe554c5caa75487462a2f0673950e70\" data-elementor-type=\"wp-post\" data-elementor-id=\"267\" data-elementor-post-type=\"rey-global-sections\" data-elementor-gstype=\"footer\" data-page-el-selector=\"body.elementor-page-267\">\n<div class=\"e-con-top elementor-element elementor-element-2da2034 e-flex e-con-boxed e-con e-parent\" data-id=\"2da2034\" data-element_type=\"container\" data-settings=\"{&quot;background_background&quot;:&quot;classic&quot;}\">\n<div class=\"e-con-inner\">\n<div class=\"elementor-element elementor-element-7de14e04 e-con-full e-flex e-con e-child\" data-id=\"7de14e04\" data-element_type=\"container\">\n<div class=\"elementor-element elementor-element-4d02794a elementor-widget elementor-widget-heading\" data-id=\"4d02794a\" data-element_type=\"widget\" data-widget_type=\"heading.default\">\n<div class=\"elementor-widget-container\"><\/div>\n<\/div>\n<\/div>\n<\/div>\n<\/div>\n<\/div>\n<\/footer>\n<\/div>\n<div class=\"rey-wishlist-notice-wrapper\" data-rocket-location-hash=\"fcf86d9053a1fe8babd07ee5a7b0689d\" data-lazy-hidden=\"\">\n<div class=\"rey-wishlist-notice\" data-rocket-location-hash=\"d433f3e2ee67fc23ff5b6a8072c1cecc\"><\/div>\n<\/div>\n<p>&nbsp;<\/p>","protected":false},"excerpt":{"rendered":"<p>Huile d&rsquo;olive 750 Ml D\u00e9licat Produit au Portugal &nbsp; Issue des racines m\u00e9diterran\u00e9ennes de la culture ol\u00e9icole, cette huile 100 % vierge offre de l\u00e9g\u00e8res notes fruit\u00e9es, rehauss\u00e9es d&rsquo;une subtile &hellip; <\/p>","protected":false},"featured_media":357,"comment_status":"open","ping_status":"closed","template":"","meta":[],"pwb-brand":[],"product_brand":[59],"product_cat":[28],"product_tag":[],"class_list":{"0":"post-383","1":"product","2":"type-product","3":"status-publish","4":"has-post-thumbnail","6":"product_brand-gallo","7":"product_cat-epicerie-salee","9":"first","10":"instock","11":"shipping-taxable","12":"purchasable","13":"product-type-simple"},"yoast_head":"<!-- This site is optimized with the Yoast SEO plugin v26.2 - https:\/\/yoast.com\/wordpress\/plugins\/seo\/ -->\n<title>Huile d&#039;olive - Epicerie Lusitania<\/title>\n<meta name=\"robots\" content=\"index, follow, max-snippet:-1, max-image-preview:large, max-video-preview:-1\" \/>\n<link rel=\"canonical\" href=\"https:\/\/epicerie-lusitania.com\/pt\/produto\/huile-dolive-3\/\" \/>\n<meta property=\"og:locale\" content=\"pt_PT\" \/>\n<meta property=\"og:type\" content=\"article\" \/>\n<meta property=\"og:title\" content=\"Huile d&#039;olive - Epicerie Lusitania\" \/>\n<meta property=\"og:description\" content=\"Huile d&rsquo;olive 750 Ml D\u00e9licat Produit au Portugal &nbsp; Issue des racines m\u00e9diterran\u00e9ennes de la culture ol\u00e9icole, cette huile 100 % vierge offre de l\u00e9g\u00e8res notes fruit\u00e9es, rehauss\u00e9es d&rsquo;une subtile &hellip;\" \/>\n<meta property=\"og:url\" content=\"https:\/\/epicerie-lusitania.com\/pt\/produto\/huile-dolive-3\/\" \/>\n<meta property=\"og:site_name\" content=\"Epicerie Lusitania\" \/>\n<meta property=\"article:modified_time\" content=\"2026-02-19T17:42:26+00:00\" \/>\n<meta property=\"og:image\" content=\"https:\/\/epicerie-lusitania.com\/wp-content\/uploads\/2026\/02\/IMG-20251020-WA0005.png\" \/>\n\t<meta property=\"og:image:width\" content=\"1125\" \/>\n\t<meta property=\"og:image:height\" content=\"2048\" \/>\n\t<meta property=\"og:image:type\" content=\"image\/png\" \/>\n<meta name=\"twitter:card\" content=\"summary_large_image\" \/>\n<meta name=\"twitter:label1\" content=\"Tempo estimado de leitura\" \/>\n\t<meta name=\"twitter:data1\" content=\"1 minuto\" \/>\n<script type=\"application\/ld+json\" class=\"yoast-schema-graph\">{\"@context\":\"https:\/\/schema.org\",\"@graph\":[{\"@type\":\"WebPage\",\"@id\":\"https:\/\/epicerie-lusitania.com\/produit\/huile-dolive-3\/\",\"url\":\"https:\/\/epicerie-lusitania.com\/produit\/huile-dolive-3\/\",\"name\":\"Huile d'olive - Epicerie Lusitania\",\"isPartOf\":{\"@id\":\"https:\/\/epicerie-lusitania.com\/#website\"},\"primaryImageOfPage\":{\"@id\":\"https:\/\/epicerie-lusitania.com\/produit\/huile-dolive-3\/#primaryimage\"},\"image\":{\"@id\":\"https:\/\/epicerie-lusitania.com\/produit\/huile-dolive-3\/#primaryimage\"},\"thumbnailUrl\":\"https:\/\/epicerie-lusitania.com\/wp-content\/uploads\/2026\/02\/IMG-20251020-WA0005.png\",\"datePublished\":\"2026-02-18T17:35:10+00:00\",\"dateModified\":\"2026-02-19T17:42:26+00:00\",\"breadcrumb\":{\"@id\":\"https:\/\/epicerie-lusitania.com\/produit\/huile-dolive-3\/#breadcrumb\"},\"inLanguage\":\"pt-PT\",\"potentialAction\":[{\"@type\":\"ReadAction\",\"target\":[\"https:\/\/epicerie-lusitania.com\/produit\/huile-dolive-3\/\"]}]},{\"@type\":\"ImageObject\",\"inLanguage\":\"pt-PT\",\"@id\":\"https:\/\/epicerie-lusitania.com\/produit\/huile-dolive-3\/#primaryimage\",\"url\":\"https:\/\/epicerie-lusitania.com\/wp-content\/uploads\/2026\/02\/IMG-20251020-WA0005.png\",\"contentUrl\":\"https:\/\/epicerie-lusitania.com\/wp-content\/uploads\/2026\/02\/IMG-20251020-WA0005.png\",\"width\":1125,\"height\":2048},{\"@type\":\"BreadcrumbList\",\"@id\":\"https:\/\/epicerie-lusitania.com\/produit\/huile-dolive-3\/#breadcrumb\",\"itemListElement\":[{\"@type\":\"ListItem\",\"position\":1,\"name\":\"Accueil\",\"item\":\"https:\/\/epicerie-lusitania.com\/\"},{\"@type\":\"ListItem\",\"position\":2,\"name\":\"Boutique\",\"item\":\"https:\/\/epicerie-lusitania.com\/boutique\/\"},{\"@type\":\"ListItem\",\"position\":3,\"name\":\"Huile d&rsquo;olive\"}]},{\"@type\":\"WebSite\",\"@id\":\"https:\/\/epicerie-lusitania.com\/#website\",\"url\":\"https:\/\/epicerie-lusitania.com\/\",\"name\":\"Epicerie Lusitania\",\"description\":\"Le Portugal pr\u00e8s de chez vous\",\"publisher\":{\"@id\":\"https:\/\/epicerie-lusitania.com\/#organization\"},\"alternateName\":\"Votre Epicerie Portugaise \u00e0 Rochefort Sur Mer\",\"potentialAction\":[{\"@type\":\"SearchAction\",\"target\":{\"@type\":\"EntryPoint\",\"urlTemplate\":\"https:\/\/epicerie-lusitania.com\/?s={search_term_string}\"},\"query-input\":{\"@type\":\"PropertyValueSpecification\",\"valueRequired\":true,\"valueName\":\"search_term_string\"}}],\"inLanguage\":\"pt-PT\"},{\"@type\":\"Organization\",\"@id\":\"https:\/\/epicerie-lusitania.com\/#organization\",\"name\":\"Epicerie Lusitania\",\"url\":\"https:\/\/epicerie-lusitania.com\/\",\"logo\":{\"@type\":\"ImageObject\",\"inLanguage\":\"pt-PT\",\"@id\":\"https:\/\/epicerie-lusitania.com\/#\/schema\/logo\/image\/\",\"url\":\"https:\/\/epicerie-lusitania.com\/wp-content\/uploads\/2024\/04\/small.jpg\",\"contentUrl\":\"https:\/\/epicerie-lusitania.com\/wp-content\/uploads\/2024\/04\/small.jpg\",\"width\":150,\"height\":150,\"caption\":\"Epicerie Lusitania\"},\"image\":{\"@id\":\"https:\/\/epicerie-lusitania.com\/#\/schema\/logo\/image\/\"}}]}<\/script>\n<!-- \/ Yoast SEO plugin. -->","yoast_head_json":{"title":"Huile d'olive - Epicerie Lusitania","robots":{"index":"index","follow":"follow","max-snippet":"max-snippet:-1","max-image-preview":"max-image-preview:large","max-video-preview":"max-video-preview:-1"},"canonical":"https:\/\/epicerie-lusitania.com\/pt\/produto\/huile-dolive-3\/","og_locale":"pt_PT","og_type":"article","og_title":"Huile d'olive - Epicerie Lusitania","og_description":"Huile d&rsquo;olive 750 Ml D\u00e9licat Produit au Portugal &nbsp; Issue des racines m\u00e9diterran\u00e9ennes de la culture ol\u00e9icole, cette huile 100 % vierge offre de l\u00e9g\u00e8res notes fruit\u00e9es, rehauss\u00e9es d&rsquo;une subtile &hellip;","og_url":"https:\/\/epicerie-lusitania.com\/pt\/produto\/huile-dolive-3\/","og_site_name":"Epicerie Lusitania","article_modified_time":"2026-02-19T17:42:26+00:00","og_image":[{"width":1125,"height":2048,"url":"https:\/\/epicerie-lusitania.com\/wp-content\/uploads\/2026\/02\/IMG-20251020-WA0005.png","type":"image\/png"}],"twitter_card":"summary_large_image","twitter_misc":{"Tempo estimado de leitura":"1 minuto"},"schema":{"@context":"https:\/\/schema.org","@graph":[{"@type":"WebPage","@id":"https:\/\/epicerie-lusitania.com\/produit\/huile-dolive-3\/","url":"https:\/\/epicerie-lusitania.com\/produit\/huile-dolive-3\/","name":"Huile d'olive - Epicerie Lusitania","isPartOf":{"@id":"https:\/\/epicerie-lusitania.com\/#website"},"primaryImageOfPage":{"@id":"https:\/\/epicerie-lusitania.com\/produit\/huile-dolive-3\/#primaryimage"},"image":{"@id":"https:\/\/epicerie-lusitania.com\/produit\/huile-dolive-3\/#primaryimage"},"thumbnailUrl":"https:\/\/epicerie-lusitania.com\/wp-content\/uploads\/2026\/02\/IMG-20251020-WA0005.png","datePublished":"2026-02-18T17:35:10+00:00","dateModified":"2026-02-19T17:42:26+00:00","breadcrumb":{"@id":"https:\/\/epicerie-lusitania.com\/produit\/huile-dolive-3\/#breadcrumb"},"inLanguage":"pt-PT","potentialAction":[{"@type":"ReadAction","target":["https:\/\/epicerie-lusitania.com\/produit\/huile-dolive-3\/"]}]},{"@type":"ImageObject","inLanguage":"pt-PT","@id":"https:\/\/epicerie-lusitania.com\/produit\/huile-dolive-3\/#primaryimage","url":"https:\/\/epicerie-lusitania.com\/wp-content\/uploads\/2026\/02\/IMG-20251020-WA0005.png","contentUrl":"https:\/\/epicerie-lusitania.com\/wp-content\/uploads\/2026\/02\/IMG-20251020-WA0005.png","width":1125,"height":2048},{"@type":"BreadcrumbList","@id":"https:\/\/epicerie-lusitania.com\/produit\/huile-dolive-3\/#breadcrumb","itemListElement":[{"@type":"ListItem","position":1,"name":"Accueil","item":"https:\/\/epicerie-lusitania.com\/"},{"@type":"ListItem","position":2,"name":"Boutique","item":"https:\/\/epicerie-lusitania.com\/boutique\/"},{"@type":"ListItem","position":3,"name":"Huile d&rsquo;olive"}]},{"@type":"WebSite","@id":"https:\/\/epicerie-lusitania.com\/#website","url":"https:\/\/epicerie-lusitania.com\/","name":"Epicerie Lusitania","description":"Le Portugal pr\u00e8s de chez vous","publisher":{"@id":"https:\/\/epicerie-lusitania.com\/#organization"},"alternateName":"Votre Epicerie Portugaise \u00e0 Rochefort Sur Mer","potentialAction":[{"@type":"SearchAction","target":{"@type":"EntryPoint","urlTemplate":"https:\/\/epicerie-lusitania.com\/?s={search_term_string}"},"query-input":{"@type":"PropertyValueSpecification","valueRequired":true,"valueName":"search_term_string"}}],"inLanguage":"pt-PT"},{"@type":"Organization","@id":"https:\/\/epicerie-lusitania.com\/#organization","name":"Epicerie Lusitania","url":"https:\/\/epicerie-lusitania.com\/","logo":{"@type":"ImageObject","inLanguage":"pt-PT","@id":"https:\/\/epicerie-lusitania.com\/#\/schema\/logo\/image\/","url":"https:\/\/epicerie-lusitania.com\/wp-content\/uploads\/2024\/04\/small.jpg","contentUrl":"https:\/\/epicerie-lusitania.com\/wp-content\/uploads\/2024\/04\/small.jpg","width":150,"height":150,"caption":"Epicerie Lusitania"},"image":{"@id":"https:\/\/epicerie-lusitania.com\/#\/schema\/logo\/image\/"}}]}},"brands":[],"_links":{"self":[{"href":"https:\/\/epicerie-lusitania.com\/pt\/wp-json\/wp\/v2\/product\/383","targetHints":{"allow":["GET"]}}],"collection":[{"href":"https:\/\/epicerie-lusitania.com\/pt\/wp-json\/wp\/v2\/product"}],"about":[{"href":"https:\/\/epicerie-lusitania.com\/pt\/wp-json\/wp\/v2\/types\/product"}],"replies":[{"embeddable":true,"href":"https:\/\/epicerie-lusitania.com\/pt\/wp-json\/wp\/v2\/comments?post=383"}],"wp:featuredmedia":[{"embeddable":true,"href":"https:\/\/epicerie-lusitania.com\/pt\/wp-json\/wp\/v2\/media\/357"}],"wp:attachment":[{"href":"https:\/\/epicerie-lusitania.com\/pt\/wp-json\/wp\/v2\/media?parent=383"}],"wp:term":[{"taxonomy":"pwb-brand","embeddable":true,"href":"https:\/\/epicerie-lusitania.com\/pt\/wp-json\/wp\/v2\/pwb-brand?post=383"},{"taxonomy":"product_brand","embeddable":true,"href":"https:\/\/epicerie-lusitania.com\/pt\/wp-json\/wp\/v2\/product_brand?post=383"},{"taxonomy":"product_cat","embeddable":true,"href":"https:\/\/epicerie-lusitania.com\/pt\/wp-json\/wp\/v2\/product_cat?post=383"},{"taxonomy":"product_tag","embeddable":true,"href":"https:\/\/epicerie-lusitania.com\/pt\/wp-json\/wp\/v2\/product_tag?post=383"}],"curies":[{"name":"wp","href":"https:\/\/api.w.org\/{rel}","templated":true}]}}