{"id":421,"date":"2026-02-20T15:46:38","date_gmt":"2026-02-20T14:46:38","guid":{"rendered":"https:\/\/epicerie-lusitania.com\/?post_type=product&#038;p=421"},"modified":"2026-02-20T15:46:39","modified_gmt":"2026-02-20T14:46:39","slug":"sardines-a-la-portgaise-huile-vegetale-et-piri-piri","status":"publish","type":"product","link":"https:\/\/epicerie-lusitania.com\/pt\/produto\/sardines-a-la-portgaise-huile-vegetale-et-piri-piri\/","title":{"rendered":"Sardines \u00e0 la Portgaise huile v\u00e9g\u00e9tale et piri piri"},"content":{"rendered":"<p>Sardinhas Portuguesas\u00a0 emoleo vegetal com piri piri<\/p>\n<p>125 Gr<\/p>\n<p>Produit au Portugal<\/p>","protected":false},"excerpt":{"rendered":"<p>Sardinhas Portuguesas\u00a0 emoleo vegetal com piri piri 125 Gr Produit au Portugal<\/p>","protected":false},"featured_media":409,"comment_status":"open","ping_status":"closed","template":"","meta":[],"pwb-brand":[],"product_brand":[62],"product_cat":[15,48],"product_tag":[],"class_list":{"0":"post-421","1":"product","2":"type-product","3":"status-publish","4":"has-post-thumbnail","6":"product_brand-ramirez","7":"product_cat-boissons","8":"product_cat-conserves-de-poisson","10":"first","11":"instock","12":"shipping-taxable","13":"purchasable","14":"product-type-simple"},"yoast_head":"<!-- This site is optimized with the Yoast SEO plugin v26.2 - https:\/\/yoast.com\/wordpress\/plugins\/seo\/ -->\n<title>Sardines \u00e0 la Portgaise huile v\u00e9g\u00e9tale et piri piri - Epicerie Lusitania<\/title>\n<meta name=\"robots\" content=\"index, follow, max-snippet:-1, max-image-preview:large, max-video-preview:-1\" \/>\n<link rel=\"canonical\" href=\"https:\/\/epicerie-lusitania.com\/pt\/produto\/sardines-a-la-portgaise-huile-vegetale-et-piri-piri\/\" \/>\n<meta property=\"og:locale\" content=\"pt_PT\" \/>\n<meta property=\"og:type\" content=\"article\" \/>\n<meta property=\"og:title\" content=\"Sardines \u00e0 la Portgaise huile v\u00e9g\u00e9tale et piri piri - Epicerie Lusitania\" \/>\n<meta property=\"og:description\" content=\"Sardinhas Portuguesas\u00a0 emoleo vegetal com piri piri 125 Gr Produit au Portugal\" \/>\n<meta property=\"og:url\" content=\"https:\/\/epicerie-lusitania.com\/pt\/produto\/sardines-a-la-portgaise-huile-vegetale-et-piri-piri\/\" \/>\n<meta property=\"og:site_name\" content=\"Epicerie Lusitania\" \/>\n<meta property=\"article:modified_time\" content=\"2026-02-20T14:46:39+00:00\" \/>\n<meta property=\"og:image\" content=\"https:\/\/epicerie-lusitania.com\/wp-content\/uploads\/2026\/02\/IMG-20251020-WA0025.png\" \/>\n\t<meta property=\"og:image:width\" content=\"1999\" \/>\n\t<meta property=\"og:image:height\" content=\"1968\" \/>\n\t<meta property=\"og:image:type\" content=\"image\/png\" \/>\n<meta name=\"twitter:card\" content=\"summary_large_image\" \/>\n<meta name=\"twitter:label1\" content=\"Tempo estimado de leitura\" \/>\n\t<meta name=\"twitter:data1\" content=\"1 minuto\" \/>\n<script type=\"application\/ld+json\" class=\"yoast-schema-graph\">{\"@context\":\"https:\/\/schema.org\",\"@graph\":[{\"@type\":\"WebPage\",\"@id\":\"https:\/\/epicerie-lusitania.com\/produit\/sardines-a-la-portgaise-huile-vegetale-et-piri-piri\/\",\"url\":\"https:\/\/epicerie-lusitania.com\/produit\/sardines-a-la-portgaise-huile-vegetale-et-piri-piri\/\",\"name\":\"Sardines \u00e0 la Portgaise huile v\u00e9g\u00e9tale et piri piri - Epicerie Lusitania\",\"isPartOf\":{\"@id\":\"https:\/\/epicerie-lusitania.com\/#website\"},\"primaryImageOfPage\":{\"@id\":\"https:\/\/epicerie-lusitania.com\/produit\/sardines-a-la-portgaise-huile-vegetale-et-piri-piri\/#primaryimage\"},\"image\":{\"@id\":\"https:\/\/epicerie-lusitania.com\/produit\/sardines-a-la-portgaise-huile-vegetale-et-piri-piri\/#primaryimage\"},\"thumbnailUrl\":\"https:\/\/epicerie-lusitania.com\/wp-content\/uploads\/2026\/02\/IMG-20251020-WA0025.png\",\"datePublished\":\"2026-02-20T14:46:38+00:00\",\"dateModified\":\"2026-02-20T14:46:39+00:00\",\"breadcrumb\":{\"@id\":\"https:\/\/epicerie-lusitania.com\/produit\/sardines-a-la-portgaise-huile-vegetale-et-piri-piri\/#breadcrumb\"},\"inLanguage\":\"pt-PT\",\"potentialAction\":[{\"@type\":\"ReadAction\",\"target\":[\"https:\/\/epicerie-lusitania.com\/produit\/sardines-a-la-portgaise-huile-vegetale-et-piri-piri\/\"]}]},{\"@type\":\"ImageObject\",\"inLanguage\":\"pt-PT\",\"@id\":\"https:\/\/epicerie-lusitania.com\/produit\/sardines-a-la-portgaise-huile-vegetale-et-piri-piri\/#primaryimage\",\"url\":\"https:\/\/epicerie-lusitania.com\/wp-content\/uploads\/2026\/02\/IMG-20251020-WA0025.png\",\"contentUrl\":\"https:\/\/epicerie-lusitania.com\/wp-content\/uploads\/2026\/02\/IMG-20251020-WA0025.png\",\"width\":1999,\"height\":1968},{\"@type\":\"BreadcrumbList\",\"@id\":\"https:\/\/epicerie-lusitania.com\/produit\/sardines-a-la-portgaise-huile-vegetale-et-piri-piri\/#breadcrumb\",\"itemListElement\":[{\"@type\":\"ListItem\",\"position\":1,\"name\":\"Accueil\",\"item\":\"https:\/\/epicerie-lusitania.com\/\"},{\"@type\":\"ListItem\",\"position\":2,\"name\":\"Boutique\",\"item\":\"https:\/\/epicerie-lusitania.com\/boutique\/\"},{\"@type\":\"ListItem\",\"position\":3,\"name\":\"Sardines \u00e0 la Portgaise huile v\u00e9g\u00e9tale et piri piri\"}]},{\"@type\":\"WebSite\",\"@id\":\"https:\/\/epicerie-lusitania.com\/#website\",\"url\":\"https:\/\/epicerie-lusitania.com\/\",\"name\":\"Epicerie Lusitania\",\"description\":\"Le Portugal pr\u00e8s de chez vous\",\"publisher\":{\"@id\":\"https:\/\/epicerie-lusitania.com\/#organization\"},\"alternateName\":\"Votre Epicerie Portugaise \u00e0 Rochefort Sur Mer\",\"potentialAction\":[{\"@type\":\"SearchAction\",\"target\":{\"@type\":\"EntryPoint\",\"urlTemplate\":\"https:\/\/epicerie-lusitania.com\/?s={search_term_string}\"},\"query-input\":{\"@type\":\"PropertyValueSpecification\",\"valueRequired\":true,\"valueName\":\"search_term_string\"}}],\"inLanguage\":\"pt-PT\"},{\"@type\":\"Organization\",\"@id\":\"https:\/\/epicerie-lusitania.com\/#organization\",\"name\":\"Epicerie Lusitania\",\"url\":\"https:\/\/epicerie-lusitania.com\/\",\"logo\":{\"@type\":\"ImageObject\",\"inLanguage\":\"pt-PT\",\"@id\":\"https:\/\/epicerie-lusitania.com\/#\/schema\/logo\/image\/\",\"url\":\"https:\/\/epicerie-lusitania.com\/wp-content\/uploads\/2024\/04\/small.jpg\",\"contentUrl\":\"https:\/\/epicerie-lusitania.com\/wp-content\/uploads\/2024\/04\/small.jpg\",\"width\":150,\"height\":150,\"caption\":\"Epicerie Lusitania\"},\"image\":{\"@id\":\"https:\/\/epicerie-lusitania.com\/#\/schema\/logo\/image\/\"}}]}<\/script>\n<!-- \/ Yoast SEO plugin. -->","yoast_head_json":{"title":"Sardines \u00e0 la Portgaise huile v\u00e9g\u00e9tale et piri piri - Epicerie Lusitania","robots":{"index":"index","follow":"follow","max-snippet":"max-snippet:-1","max-image-preview":"max-image-preview:large","max-video-preview":"max-video-preview:-1"},"canonical":"https:\/\/epicerie-lusitania.com\/pt\/produto\/sardines-a-la-portgaise-huile-vegetale-et-piri-piri\/","og_locale":"pt_PT","og_type":"article","og_title":"Sardines \u00e0 la Portgaise huile v\u00e9g\u00e9tale et piri piri - Epicerie Lusitania","og_description":"Sardinhas Portuguesas\u00a0 emoleo vegetal com piri piri 125 Gr Produit au Portugal","og_url":"https:\/\/epicerie-lusitania.com\/pt\/produto\/sardines-a-la-portgaise-huile-vegetale-et-piri-piri\/","og_site_name":"Epicerie Lusitania","article_modified_time":"2026-02-20T14:46:39+00:00","og_image":[{"width":1999,"height":1968,"url":"https:\/\/epicerie-lusitania.com\/wp-content\/uploads\/2026\/02\/IMG-20251020-WA0025.png","type":"image\/png"}],"twitter_card":"summary_large_image","twitter_misc":{"Tempo estimado de leitura":"1 minuto"},"schema":{"@context":"https:\/\/schema.org","@graph":[{"@type":"WebPage","@id":"https:\/\/epicerie-lusitania.com\/produit\/sardines-a-la-portgaise-huile-vegetale-et-piri-piri\/","url":"https:\/\/epicerie-lusitania.com\/produit\/sardines-a-la-portgaise-huile-vegetale-et-piri-piri\/","name":"Sardines \u00e0 la Portgaise huile v\u00e9g\u00e9tale et piri piri - Epicerie Lusitania","isPartOf":{"@id":"https:\/\/epicerie-lusitania.com\/#website"},"primaryImageOfPage":{"@id":"https:\/\/epicerie-lusitania.com\/produit\/sardines-a-la-portgaise-huile-vegetale-et-piri-piri\/#primaryimage"},"image":{"@id":"https:\/\/epicerie-lusitania.com\/produit\/sardines-a-la-portgaise-huile-vegetale-et-piri-piri\/#primaryimage"},"thumbnailUrl":"https:\/\/epicerie-lusitania.com\/wp-content\/uploads\/2026\/02\/IMG-20251020-WA0025.png","datePublished":"2026-02-20T14:46:38+00:00","dateModified":"2026-02-20T14:46:39+00:00","breadcrumb":{"@id":"https:\/\/epicerie-lusitania.com\/produit\/sardines-a-la-portgaise-huile-vegetale-et-piri-piri\/#breadcrumb"},"inLanguage":"pt-PT","potentialAction":[{"@type":"ReadAction","target":["https:\/\/epicerie-lusitania.com\/produit\/sardines-a-la-portgaise-huile-vegetale-et-piri-piri\/"]}]},{"@type":"ImageObject","inLanguage":"pt-PT","@id":"https:\/\/epicerie-lusitania.com\/produit\/sardines-a-la-portgaise-huile-vegetale-et-piri-piri\/#primaryimage","url":"https:\/\/epicerie-lusitania.com\/wp-content\/uploads\/2026\/02\/IMG-20251020-WA0025.png","contentUrl":"https:\/\/epicerie-lusitania.com\/wp-content\/uploads\/2026\/02\/IMG-20251020-WA0025.png","width":1999,"height":1968},{"@type":"BreadcrumbList","@id":"https:\/\/epicerie-lusitania.com\/produit\/sardines-a-la-portgaise-huile-vegetale-et-piri-piri\/#breadcrumb","itemListElement":[{"@type":"ListItem","position":1,"name":"Accueil","item":"https:\/\/epicerie-lusitania.com\/"},{"@type":"ListItem","position":2,"name":"Boutique","item":"https:\/\/epicerie-lusitania.com\/boutique\/"},{"@type":"ListItem","position":3,"name":"Sardines \u00e0 la Portgaise huile v\u00e9g\u00e9tale et piri piri"}]},{"@type":"WebSite","@id":"https:\/\/epicerie-lusitania.com\/#website","url":"https:\/\/epicerie-lusitania.com\/","name":"Epicerie Lusitania","description":"Le Portugal pr\u00e8s de chez vous","publisher":{"@id":"https:\/\/epicerie-lusitania.com\/#organization"},"alternateName":"Votre Epicerie Portugaise \u00e0 Rochefort Sur Mer","potentialAction":[{"@type":"SearchAction","target":{"@type":"EntryPoint","urlTemplate":"https:\/\/epicerie-lusitania.com\/?s={search_term_string}"},"query-input":{"@type":"PropertyValueSpecification","valueRequired":true,"valueName":"search_term_string"}}],"inLanguage":"pt-PT"},{"@type":"Organization","@id":"https:\/\/epicerie-lusitania.com\/#organization","name":"Epicerie Lusitania","url":"https:\/\/epicerie-lusitania.com\/","logo":{"@type":"ImageObject","inLanguage":"pt-PT","@id":"https:\/\/epicerie-lusitania.com\/#\/schema\/logo\/image\/","url":"https:\/\/epicerie-lusitania.com\/wp-content\/uploads\/2024\/04\/small.jpg","contentUrl":"https:\/\/epicerie-lusitania.com\/wp-content\/uploads\/2024\/04\/small.jpg","width":150,"height":150,"caption":"Epicerie Lusitania"},"image":{"@id":"https:\/\/epicerie-lusitania.com\/#\/schema\/logo\/image\/"}}]}},"brands":[],"_links":{"self":[{"href":"https:\/\/epicerie-lusitania.com\/pt\/wp-json\/wp\/v2\/product\/421","targetHints":{"allow":["GET"]}}],"collection":[{"href":"https:\/\/epicerie-lusitania.com\/pt\/wp-json\/wp\/v2\/product"}],"about":[{"href":"https:\/\/epicerie-lusitania.com\/pt\/wp-json\/wp\/v2\/types\/product"}],"replies":[{"embeddable":true,"href":"https:\/\/epicerie-lusitania.com\/pt\/wp-json\/wp\/v2\/comments?post=421"}],"wp:featuredmedia":[{"embeddable":true,"href":"https:\/\/epicerie-lusitania.com\/pt\/wp-json\/wp\/v2\/media\/409"}],"wp:attachment":[{"href":"https:\/\/epicerie-lusitania.com\/pt\/wp-json\/wp\/v2\/media?parent=421"}],"wp:term":[{"taxonomy":"pwb-brand","embeddable":true,"href":"https:\/\/epicerie-lusitania.com\/pt\/wp-json\/wp\/v2\/pwb-brand?post=421"},{"taxonomy":"product_brand","embeddable":true,"href":"https:\/\/epicerie-lusitania.com\/pt\/wp-json\/wp\/v2\/product_brand?post=421"},{"taxonomy":"product_cat","embeddable":true,"href":"https:\/\/epicerie-lusitania.com\/pt\/wp-json\/wp\/v2\/product_cat?post=421"},{"taxonomy":"product_tag","embeddable":true,"href":"https:\/\/epicerie-lusitania.com\/pt\/wp-json\/wp\/v2\/product_tag?post=421"}],"curies":[{"name":"wp","href":"https:\/\/api.w.org\/{rel}","templated":true}]}}