{"id":44,"date":"2024-04-15T19:36:32","date_gmt":"2024-04-15T17:36:32","guid":{"rendered":"http:\/\/epicerie-lusitania.com\/?post_type=product&#038;p=44"},"modified":"2026-02-18T15:37:23","modified_gmt":"2026-02-18T14:37:23","slug":"super-bock-x6","status":"publish","type":"product","link":"https:\/\/epicerie-lusitania.com\/pt\/produto\/super-bock-x6\/","title":{"rendered":"SUPER BOCK X6"},"content":{"rendered":"<p><strong>Super Bock X6<\/strong><\/p>\n<p>6 x 25 cl<\/p>\n<p>Volume : 5,2%<\/p>\n<p>Robe dor\u00e9e, limpide et brillante. Mousse blanche, cr\u00e9meuse et longue dur\u00e9e. Ar\u00f4me de malt et de c\u00e9r\u00e9ales, compl\u00e9t\u00e9 par des notes herbac\u00e9es et d&rsquo;agrumes, l\u00e9g\u00e8rement fruit\u00e9. Corps mod\u00e9r\u00e9 et saveur \u00e9quilibr\u00e9e entre la douceur du malt et l&rsquo;amertume fruit\u00e9e. L\u00e9ger et rafra\u00eechissant.<\/p>\n<hr \/>\n<p><b>Ingr\u00e9dients\u00a0:<\/b><br \/>\nEau, malt d&rsquo;orge, c\u00e9r\u00e9ales non malt\u00e9es (ma\u00efs et orge), houblon.<\/p>\n<p><b>D\u00e9claration nutritionnelle pour 100g\u00a0:<\/b><br \/>\nValeur \u00e9nerg\u00e9tique 166kJ \/ 40kcal\u00a0; Lipides 0g\u00a0; dont Satur\u00e9s 0g; Glucides 2,6g; dont sucres 0,6g; Prot\u00e9ines 0,6g; Sel 0g.<\/p>\n<p><b>Allerg\u00e8nes:<\/b><br \/>\nPeut contenir du gluten.<\/p>","protected":false},"excerpt":{"rendered":"<p><strong>Super Bock X6<\/strong><\/p>\n<p>6 x 25 cl<\/p>","protected":false},"featured_media":54,"comment_status":"open","ping_status":"closed","template":"","meta":[],"pwb-brand":[17],"product_brand":[],"product_cat":[15,26],"product_tag":[18],"class_list":{"0":"post-44","1":"product","2":"type-product","3":"status-publish","4":"has-post-thumbnail","6":"pwb-brand-super-bock","7":"product_cat-boissons","8":"product_cat-boissons-alcoolisees","9":"product_tag-super-bock","11":"first","12":"instock","13":"shipping-taxable","14":"purchasable","15":"product-type-simple"},"yoast_head":"<!-- This site is optimized with the Yoast SEO plugin v26.2 - https:\/\/yoast.com\/wordpress\/plugins\/seo\/ -->\n<title>SUPER BOCK X6 - Epicerie Lusitania<\/title>\n<meta name=\"description\" content=\"Super Bock X6 - 6 X 25 cl - Robe dor\u00e9e, limpide et brillante. Mousse blanche, cr\u00e9meuse et longue dur\u00e9e. Ar\u00f4me de malt et de c\u00e9r\u00e9ales, compl\u00e9t\u00e9 par des notes herbac\u00e9es et d&#039;agrumes, l\u00e9g\u00e8rement fruit\u00e9s.\" \/>\n<meta name=\"robots\" content=\"index, follow, max-snippet:-1, max-image-preview:large, max-video-preview:-1\" \/>\n<link rel=\"canonical\" href=\"https:\/\/epicerie-lusitania.com\/pt\/produto\/super-bock-x6\/\" \/>\n<meta property=\"og:locale\" content=\"pt_PT\" \/>\n<meta property=\"og:type\" content=\"article\" \/>\n<meta property=\"og:title\" content=\"SUPER BOCK X6 - Epicerie Lusitania\" \/>\n<meta property=\"og:description\" content=\"Super Bock X6 - 6 X 25 cl - Robe dor\u00e9e, limpide et brillante. Mousse blanche, cr\u00e9meuse et longue dur\u00e9e. Ar\u00f4me de malt et de c\u00e9r\u00e9ales, compl\u00e9t\u00e9 par des notes herbac\u00e9es et d&#039;agrumes, l\u00e9g\u00e8rement fruit\u00e9s.\" \/>\n<meta property=\"og:url\" content=\"https:\/\/epicerie-lusitania.com\/pt\/produto\/super-bock-x6\/\" \/>\n<meta property=\"og:site_name\" content=\"Epicerie Lusitania\" \/>\n<meta property=\"article:modified_time\" content=\"2026-02-18T14:37:23+00:00\" \/>\n<meta property=\"og:image\" content=\"https:\/\/epicerie-lusitania.com\/wp-content\/uploads\/2024\/04\/0Z_142167.jpg\" \/>\n\t<meta property=\"og:image:width\" content=\"700\" \/>\n\t<meta property=\"og:image:height\" content=\"700\" \/>\n\t<meta property=\"og:image:type\" content=\"image\/jpeg\" \/>\n<meta name=\"twitter:card\" content=\"summary_large_image\" \/>\n<meta name=\"twitter:label1\" content=\"Tempo estimado de leitura\" \/>\n\t<meta name=\"twitter:data1\" content=\"1 minuto\" \/>\n<script type=\"application\/ld+json\" class=\"yoast-schema-graph\">{\"@context\":\"https:\/\/schema.org\",\"@graph\":[{\"@type\":\"WebPage\",\"@id\":\"https:\/\/epicerie-lusitania.com\/produit\/super-bock-x6\/\",\"url\":\"https:\/\/epicerie-lusitania.com\/produit\/super-bock-x6\/\",\"name\":\"SUPER BOCK X6 - Epicerie Lusitania\",\"isPartOf\":{\"@id\":\"https:\/\/epicerie-lusitania.com\/#website\"},\"primaryImageOfPage\":{\"@id\":\"https:\/\/epicerie-lusitania.com\/produit\/super-bock-x6\/#primaryimage\"},\"image\":{\"@id\":\"https:\/\/epicerie-lusitania.com\/produit\/super-bock-x6\/#primaryimage\"},\"thumbnailUrl\":\"https:\/\/epicerie-lusitania.com\/wp-content\/uploads\/2024\/04\/0Z_142167.jpg\",\"datePublished\":\"2024-04-15T17:36:32+00:00\",\"dateModified\":\"2026-02-18T14:37:23+00:00\",\"description\":\"Super Bock X6 - 6 X 25 cl - Robe dor\u00e9e, limpide et brillante. Mousse blanche, cr\u00e9meuse et longue dur\u00e9e. Ar\u00f4me de malt et de c\u00e9r\u00e9ales, compl\u00e9t\u00e9 par des notes herbac\u00e9es et d'agrumes, l\u00e9g\u00e8rement fruit\u00e9s.\",\"breadcrumb\":{\"@id\":\"https:\/\/epicerie-lusitania.com\/produit\/super-bock-x6\/#breadcrumb\"},\"inLanguage\":\"pt-PT\",\"potentialAction\":[{\"@type\":\"ReadAction\",\"target\":[\"https:\/\/epicerie-lusitania.com\/produit\/super-bock-x6\/\"]}]},{\"@type\":\"ImageObject\",\"inLanguage\":\"pt-PT\",\"@id\":\"https:\/\/epicerie-lusitania.com\/produit\/super-bock-x6\/#primaryimage\",\"url\":\"https:\/\/epicerie-lusitania.com\/wp-content\/uploads\/2024\/04\/0Z_142167.jpg\",\"contentUrl\":\"https:\/\/epicerie-lusitania.com\/wp-content\/uploads\/2024\/04\/0Z_142167.jpg\",\"width\":700,\"height\":700},{\"@type\":\"BreadcrumbList\",\"@id\":\"https:\/\/epicerie-lusitania.com\/produit\/super-bock-x6\/#breadcrumb\",\"itemListElement\":[{\"@type\":\"ListItem\",\"position\":1,\"name\":\"Accueil\",\"item\":\"https:\/\/epicerie-lusitania.com\/\"},{\"@type\":\"ListItem\",\"position\":2,\"name\":\"Boutique\",\"item\":\"https:\/\/epicerie-lusitania.com\/boutique\/\"},{\"@type\":\"ListItem\",\"position\":3,\"name\":\"SUPER BOCK X6\"}]},{\"@type\":\"WebSite\",\"@id\":\"https:\/\/epicerie-lusitania.com\/#website\",\"url\":\"https:\/\/epicerie-lusitania.com\/\",\"name\":\"Epicerie Lusitania\",\"description\":\"Le Portugal pr\u00e8s de chez vous\",\"publisher\":{\"@id\":\"https:\/\/epicerie-lusitania.com\/#organization\"},\"alternateName\":\"Votre Epicerie Portugaise \u00e0 Rochefort Sur Mer\",\"potentialAction\":[{\"@type\":\"SearchAction\",\"target\":{\"@type\":\"EntryPoint\",\"urlTemplate\":\"https:\/\/epicerie-lusitania.com\/?s={search_term_string}\"},\"query-input\":{\"@type\":\"PropertyValueSpecification\",\"valueRequired\":true,\"valueName\":\"search_term_string\"}}],\"inLanguage\":\"pt-PT\"},{\"@type\":\"Organization\",\"@id\":\"https:\/\/epicerie-lusitania.com\/#organization\",\"name\":\"Epicerie Lusitania\",\"url\":\"https:\/\/epicerie-lusitania.com\/\",\"logo\":{\"@type\":\"ImageObject\",\"inLanguage\":\"pt-PT\",\"@id\":\"https:\/\/epicerie-lusitania.com\/#\/schema\/logo\/image\/\",\"url\":\"https:\/\/epicerie-lusitania.com\/wp-content\/uploads\/2024\/04\/small.jpg\",\"contentUrl\":\"https:\/\/epicerie-lusitania.com\/wp-content\/uploads\/2024\/04\/small.jpg\",\"width\":150,\"height\":150,\"caption\":\"Epicerie Lusitania\"},\"image\":{\"@id\":\"https:\/\/epicerie-lusitania.com\/#\/schema\/logo\/image\/\"}}]}<\/script>\n<!-- \/ Yoast SEO plugin. -->","yoast_head_json":{"title":"SUPER BOCK X6 - Epicerie Lusitania","description":"Super Bock X6 - 6 X 25 cl - Robe dor\u00e9e, limpide et brillante. Mousse blanche, cr\u00e9meuse et longue dur\u00e9e. Ar\u00f4me de malt et de c\u00e9r\u00e9ales, compl\u00e9t\u00e9 par des notes herbac\u00e9es et d'agrumes, l\u00e9g\u00e8rement fruit\u00e9s.","robots":{"index":"index","follow":"follow","max-snippet":"max-snippet:-1","max-image-preview":"max-image-preview:large","max-video-preview":"max-video-preview:-1"},"canonical":"https:\/\/epicerie-lusitania.com\/pt\/produto\/super-bock-x6\/","og_locale":"pt_PT","og_type":"article","og_title":"SUPER BOCK X6 - Epicerie Lusitania","og_description":"Super Bock X6 - 6 X 25 cl - Robe dor\u00e9e, limpide et brillante. Mousse blanche, cr\u00e9meuse et longue dur\u00e9e. Ar\u00f4me de malt et de c\u00e9r\u00e9ales, compl\u00e9t\u00e9 par des notes herbac\u00e9es et d'agrumes, l\u00e9g\u00e8rement fruit\u00e9s.","og_url":"https:\/\/epicerie-lusitania.com\/pt\/produto\/super-bock-x6\/","og_site_name":"Epicerie Lusitania","article_modified_time":"2026-02-18T14:37:23+00:00","og_image":[{"width":700,"height":700,"url":"https:\/\/epicerie-lusitania.com\/wp-content\/uploads\/2024\/04\/0Z_142167.jpg","type":"image\/jpeg"}],"twitter_card":"summary_large_image","twitter_misc":{"Tempo estimado de leitura":"1 minuto"},"schema":{"@context":"https:\/\/schema.org","@graph":[{"@type":"WebPage","@id":"https:\/\/epicerie-lusitania.com\/produit\/super-bock-x6\/","url":"https:\/\/epicerie-lusitania.com\/produit\/super-bock-x6\/","name":"SUPER BOCK X6 - Epicerie Lusitania","isPartOf":{"@id":"https:\/\/epicerie-lusitania.com\/#website"},"primaryImageOfPage":{"@id":"https:\/\/epicerie-lusitania.com\/produit\/super-bock-x6\/#primaryimage"},"image":{"@id":"https:\/\/epicerie-lusitania.com\/produit\/super-bock-x6\/#primaryimage"},"thumbnailUrl":"https:\/\/epicerie-lusitania.com\/wp-content\/uploads\/2024\/04\/0Z_142167.jpg","datePublished":"2024-04-15T17:36:32+00:00","dateModified":"2026-02-18T14:37:23+00:00","description":"Super Bock X6 - 6 X 25 cl - Robe dor\u00e9e, limpide et brillante. Mousse blanche, cr\u00e9meuse et longue dur\u00e9e. Ar\u00f4me de malt et de c\u00e9r\u00e9ales, compl\u00e9t\u00e9 par des notes herbac\u00e9es et d'agrumes, l\u00e9g\u00e8rement fruit\u00e9s.","breadcrumb":{"@id":"https:\/\/epicerie-lusitania.com\/produit\/super-bock-x6\/#breadcrumb"},"inLanguage":"pt-PT","potentialAction":[{"@type":"ReadAction","target":["https:\/\/epicerie-lusitania.com\/produit\/super-bock-x6\/"]}]},{"@type":"ImageObject","inLanguage":"pt-PT","@id":"https:\/\/epicerie-lusitania.com\/produit\/super-bock-x6\/#primaryimage","url":"https:\/\/epicerie-lusitania.com\/wp-content\/uploads\/2024\/04\/0Z_142167.jpg","contentUrl":"https:\/\/epicerie-lusitania.com\/wp-content\/uploads\/2024\/04\/0Z_142167.jpg","width":700,"height":700},{"@type":"BreadcrumbList","@id":"https:\/\/epicerie-lusitania.com\/produit\/super-bock-x6\/#breadcrumb","itemListElement":[{"@type":"ListItem","position":1,"name":"Accueil","item":"https:\/\/epicerie-lusitania.com\/"},{"@type":"ListItem","position":2,"name":"Boutique","item":"https:\/\/epicerie-lusitania.com\/boutique\/"},{"@type":"ListItem","position":3,"name":"SUPER BOCK X6"}]},{"@type":"WebSite","@id":"https:\/\/epicerie-lusitania.com\/#website","url":"https:\/\/epicerie-lusitania.com\/","name":"Epicerie Lusitania","description":"Le Portugal pr\u00e8s de chez vous","publisher":{"@id":"https:\/\/epicerie-lusitania.com\/#organization"},"alternateName":"Votre Epicerie Portugaise \u00e0 Rochefort Sur Mer","potentialAction":[{"@type":"SearchAction","target":{"@type":"EntryPoint","urlTemplate":"https:\/\/epicerie-lusitania.com\/?s={search_term_string}"},"query-input":{"@type":"PropertyValueSpecification","valueRequired":true,"valueName":"search_term_string"}}],"inLanguage":"pt-PT"},{"@type":"Organization","@id":"https:\/\/epicerie-lusitania.com\/#organization","name":"Epicerie Lusitania","url":"https:\/\/epicerie-lusitania.com\/","logo":{"@type":"ImageObject","inLanguage":"pt-PT","@id":"https:\/\/epicerie-lusitania.com\/#\/schema\/logo\/image\/","url":"https:\/\/epicerie-lusitania.com\/wp-content\/uploads\/2024\/04\/small.jpg","contentUrl":"https:\/\/epicerie-lusitania.com\/wp-content\/uploads\/2024\/04\/small.jpg","width":150,"height":150,"caption":"Epicerie Lusitania"},"image":{"@id":"https:\/\/epicerie-lusitania.com\/#\/schema\/logo\/image\/"}}]}},"brands":[{"id":17,"name":"Super Bock","slug":"super-bock"}],"_links":{"self":[{"href":"https:\/\/epicerie-lusitania.com\/pt\/wp-json\/wp\/v2\/product\/44","targetHints":{"allow":["GET"]}}],"collection":[{"href":"https:\/\/epicerie-lusitania.com\/pt\/wp-json\/wp\/v2\/product"}],"about":[{"href":"https:\/\/epicerie-lusitania.com\/pt\/wp-json\/wp\/v2\/types\/product"}],"replies":[{"embeddable":true,"href":"https:\/\/epicerie-lusitania.com\/pt\/wp-json\/wp\/v2\/comments?post=44"}],"wp:featuredmedia":[{"embeddable":true,"href":"https:\/\/epicerie-lusitania.com\/pt\/wp-json\/wp\/v2\/media\/54"}],"wp:attachment":[{"href":"https:\/\/epicerie-lusitania.com\/pt\/wp-json\/wp\/v2\/media?parent=44"}],"wp:term":[{"taxonomy":"pwb-brand","embeddable":true,"href":"https:\/\/epicerie-lusitania.com\/pt\/wp-json\/wp\/v2\/pwb-brand?post=44"},{"taxonomy":"product_brand","embeddable":true,"href":"https:\/\/epicerie-lusitania.com\/pt\/wp-json\/wp\/v2\/product_brand?post=44"},{"taxonomy":"product_cat","embeddable":true,"href":"https:\/\/epicerie-lusitania.com\/pt\/wp-json\/wp\/v2\/product_cat?post=44"},{"taxonomy":"product_tag","embeddable":true,"href":"https:\/\/epicerie-lusitania.com\/pt\/wp-json\/wp\/v2\/product_tag?post=44"}],"curies":[{"name":"wp","href":"https:\/\/api.w.org\/{rel}","templated":true}]}}